{"id":44333,"date":"2024-04-16T17:10:40","date_gmt":"2024-04-16T15:10:40","guid":{"rendered":"https:\/\/www.pharmacieonline.lu\/?post_type=product&#038;p=44333"},"modified":"2026-04-12T18:55:10","modified_gmt":"2026-04-12T16:55:10","slug":"nuxe-trousse-decouverte-hair-2024-a3","status":"publish","type":"product","link":"https:\/\/www.pharmacieonline.lu\/de\/produit\/nuxe-trousse-decouverte-hair-2024-a3\/","title":{"rendered":"NUXE HAIR TROUSSE 2025 3P"},"content":{"rendered":"<p>Hair Prodigieux\u00ae \u2013 Fangen Sie das Licht ein<\/p>\n<p>Verwandeln Sie Ihr Haar mit Hair Prodigieux\u00ae dank der verst\u00e4rkenden Kraft von fermentiertem rosa Kamelien\u00f6l! Entdecken Sie das au\u00dfergew\u00f6hnliche Hair Prodigieux\u00ae Ritual f\u00fcr seidig gl\u00e4nzendes Haar.<\/p>\n<p>Dieses Hair Prodigieux\u00ae-Set enth\u00e4lt:<br \/>\n&#8211; Pre-Shampoo Nutrition Mask, Hair Prodigieux\u00ae 30 ml<br \/>\n&#8211; Mirror Shine Shampoo, Hair Prodigieux\u00ae 30 ml<br \/>\n&#8211; Mirror Shine Detangler, Hair Prodigieux\u00ae 30 ml<\/p>\n<p>In Frankreich formulierte und hergestellte Behandlungen.<\/p>\n<p>Kit mit \u00d6kodesign-Ansatz: 65 % recycelte Baumwolle, 100 % recycelter Kunststoff und Abstandshalter aus Pappe.<\/p>","protected":false},"excerpt":{"rendered":"<p>Hair Prodigieux\u00ae \u2013 Fangen Sie das Licht ein Verwandeln Sie Ihr Haar mit Hair Prodigieux\u00ae dank der verst\u00e4rkenden Kraft von fermentiertem rosa Kamelien\u00f6l! Entdecken Sie das au\u00dfergew\u00f6hnliche Hair Prodigieux\u00ae Ritual f\u00fcr seidig gl\u00e4nzendes Haar. Dieses Hair Prodigieux\u00ae-Set enth\u00e4lt: &#8211; Pre-Shampoo Nutrition Mask, Hair Prodigieux\u00ae 30 ml &#8211; Mirror Shine Shampoo, Hair Prodigieux\u00ae 30 ml &#8211; [&hellip;]<\/p>\n","protected":false},"featured_media":44334,"template":"","meta":{"_acf_changed":false,"footnotes":""},"product_brand":[],"product_cat":[47],"product_tag":[],"class_list":{"0":"post-44333","1":"product","2":"type-product","3":"status-publish","4":"has-post-thumbnail","6":"product_cat-dermocosmetique","8":"first","9":"instock","10":"taxable","11":"shipping-taxable","12":"purchasable","13":"product-type-simple"},"acf":[],"_links":{"self":[{"href":"https:\/\/www.pharmacieonline.lu\/de\/wp-json\/wp\/v2\/product\/44333","targetHints":{"allow":["GET"]}}],"collection":[{"href":"https:\/\/www.pharmacieonline.lu\/de\/wp-json\/wp\/v2\/product"}],"about":[{"href":"https:\/\/www.pharmacieonline.lu\/de\/wp-json\/wp\/v2\/types\/product"}],"version-history":[{"count":0,"href":"https:\/\/www.pharmacieonline.lu\/de\/wp-json\/wp\/v2\/product\/44333\/revisions"}],"wp:featuredmedia":[{"embeddable":true,"href":"https:\/\/www.pharmacieonline.lu\/de\/wp-json\/wp\/v2\/media\/44334"}],"wp:attachment":[{"href":"https:\/\/www.pharmacieonline.lu\/de\/wp-json\/wp\/v2\/media?parent=44333"}],"wp:term":[{"taxonomy":"product_brand","embeddable":true,"href":"https:\/\/www.pharmacieonline.lu\/de\/wp-json\/wp\/v2\/product_brand?post=44333"},{"taxonomy":"product_cat","embeddable":true,"href":"https:\/\/www.pharmacieonline.lu\/de\/wp-json\/wp\/v2\/product_cat?post=44333"},{"taxonomy":"product_tag","embeddable":true,"href":"https:\/\/www.pharmacieonline.lu\/de\/wp-json\/wp\/v2\/product_tag?post=44333"}],"curies":[{"name":"wp","href":"https:\/\/api.w.org\/{rel}","templated":true}]}}