{"id":44359,"date":"2024-04-18T15:54:05","date_gmt":"2024-04-18T13:54:05","guid":{"rendered":"https:\/\/www.pharmacieonline.lu\/?post_type=product&#038;p=44359"},"modified":"2026-04-10T00:25:24","modified_gmt":"2026-04-09T22:25:24","slug":"roche-posay-mela-b3-creme-40ml","status":"publish","type":"product","link":"https:\/\/www.pharmacieonline.lu\/de\/produit\/roche-posay-mela-b3-creme-40ml\/","title":{"rendered":"ROCHE POSAY MELA B3 CREME 40ML"},"content":{"rendered":"<p>Vom Verlust der Ausstrahlung bis hin zu hartn\u00e4ckigen Flecken: MELA B3 SPF 30 ist die neue korrigierende und sch\u00fctzende Behandlung, die dank mehrfach patentiertem Melasyl\u2122 und Niacinamid in einer Konzentration von 5 % gegen Hyperpigmentierung vorgeht und hartn\u00e4ckige braune Flecken korrigiert.<\/p>\n<p>INDIKATION<\/p>\n<p>F\u00fcr alle Hauttypen und alle Hautt\u00f6ne. F\u00fcr dunkle Flecken, Altersflecken, Sonnenflecken, Melasma, Hyperpigmentierung, Post-Akne-Flecken, matten und ungleichm\u00e4\u00dfigen Hautton.\u200b<\/p>\n<p>VERWENDEN<\/p>\n<p>Tragen Sie morgens nach dem Auftragen des Serums das \u00c4quivalent einer Haselnuss auf die gereinigte Haut auf.<\/p>\n<p>KOMPOSITION<\/p>\n<p>AQUA \/ WASSER \/ EAU, C15-19 ALKANE,\u00a0DIISOPROPYLSEBACAT,\u00a0NIACINAMID,ETHYLHEXYL TRIAZON,\u00a0GLYCERIN,\u00a0BIS-ETHYLHEXYLOXYPHENOL METHOXYPHENYL TRIAZIN,KIESELS\u00c4URE,DROMETRIZOL TRISILOXAN,BUTYL METHOXYDIBENZOYLMETHAN,C12-15. BENZOAT , DICAPRYLYL CARBONAT, CELLULOSE, CI 77891 \/ TITANDIOXID , BUTYLEN GLYKOL, ZINN OXID, \u00a0KALIUMHYDROXID, \u00a0CARBOMER, \u00a0ARACHIDYLALKOHOL, \u00a0ARACHIDYL GLUCOSID, \u00a0BEHENYL ALKOHOL, \u00a02-MERCAPTONICOTINOYL GLYCIN, \u00a0NATRIUMDILAURAMIDOGLUTAMID-LYSIN, \u00a0NATRIUMTHIOSULFAT, \u00a0AMMONIUMACRY LTAURAT\/VP-COPOLYMER, HYDROXYACETOPHENON, CAPRYLOYL-SALICYLS\u00c4URE, CAPRYLYL-GLYKOL, ZITRONENSTOFF S\u00c4URE, TRISODIUMETHYLENDIAMIN-DISUCCINAT, A.CI 14700 \/ ROT 4, PARF\u00dcM \/ DUFT (F.I.L. N70034093\/1).<\/p>","protected":false},"excerpt":{"rendered":"<p>Vom Verlust der Ausstrahlung bis hin zu hartn\u00e4ckigen Flecken: MELA B3 SPF 30 ist die neue korrigierende und sch\u00fctzende Behandlung, die dank mehrfach patentiertem Melasyl\u2122 und Niacinamid in einer Konzentration von 5 % gegen Hyperpigmentierung vorgeht und hartn\u00e4ckige braune Flecken korrigiert. INDIKATION F\u00fcr alle Hauttypen und alle Hautt\u00f6ne. F\u00fcr dunkle Flecken, Altersflecken, Sonnenflecken, Melasma, Hyperpigmentierung, [&hellip;]<\/p>\n","protected":false},"featured_media":44360,"template":"","meta":{"_acf_changed":false,"footnotes":""},"product_brand":[],"product_cat":[47,42,54],"product_tag":[],"class_list":{"0":"post-44359","1":"product","2":"type-product","3":"status-publish","4":"has-post-thumbnail","6":"product_cat-dermocosmetique","7":"product_cat-para-pharmacie","8":"product_cat-soins-du-visage","10":"first","11":"instock","12":"taxable","13":"shipping-taxable","14":"purchasable","15":"product-type-simple"},"acf":[],"_links":{"self":[{"href":"https:\/\/www.pharmacieonline.lu\/de\/wp-json\/wp\/v2\/product\/44359","targetHints":{"allow":["GET"]}}],"collection":[{"href":"https:\/\/www.pharmacieonline.lu\/de\/wp-json\/wp\/v2\/product"}],"about":[{"href":"https:\/\/www.pharmacieonline.lu\/de\/wp-json\/wp\/v2\/types\/product"}],"version-history":[{"count":0,"href":"https:\/\/www.pharmacieonline.lu\/de\/wp-json\/wp\/v2\/product\/44359\/revisions"}],"wp:featuredmedia":[{"embeddable":true,"href":"https:\/\/www.pharmacieonline.lu\/de\/wp-json\/wp\/v2\/media\/44360"}],"wp:attachment":[{"href":"https:\/\/www.pharmacieonline.lu\/de\/wp-json\/wp\/v2\/media?parent=44359"}],"wp:term":[{"taxonomy":"product_brand","embeddable":true,"href":"https:\/\/www.pharmacieonline.lu\/de\/wp-json\/wp\/v2\/product_brand?post=44359"},{"taxonomy":"product_cat","embeddable":true,"href":"https:\/\/www.pharmacieonline.lu\/de\/wp-json\/wp\/v2\/product_cat?post=44359"},{"taxonomy":"product_tag","embeddable":true,"href":"https:\/\/www.pharmacieonline.lu\/de\/wp-json\/wp\/v2\/product_tag?post=44359"}],"curies":[{"name":"wp","href":"https:\/\/api.w.org\/{rel}","templated":true}]}}