{"id":44397,"date":"2024-04-19T15:28:42","date_gmt":"2024-04-19T13:28:42","guid":{"rendered":"https:\/\/www.pharmacieonline.lu\/?post_type=product&#038;p=44397"},"modified":"2026-04-11T00:25:22","modified_gmt":"2026-04-10T22:25:22","slug":"vichy-liftactiv-retinol-cream-j50ml","status":"publish","type":"product","link":"https:\/\/www.pharmacieonline.lu\/de\/produit\/vichy-liftactiv-retinol-cream-j50ml\/","title":{"rendered":"VICHY LIFTACTIV RETINOL CREAM J50ML"},"content":{"rendered":"<p>LIFTACTIV B3 Teint-korrigierende Nachtcreme mit reinem Retinol<br \/>\nZwei leistungsstarke, den Teint korrigierende Dermowirkstoffe, jetzt kombiniert in einer angenehmen Nachtcreme.<br \/>\nIn einer Nacht wird die Haut erleuchtet und strahlender.<\/p>\n<p>*Dies ist ein konzentriertes Produkt. Daher ist es normal, dass Sie zun\u00e4chst R\u00f6tungen, Kribbeln oder Trockenheit versp\u00fcren. Bei anhaltenden Beschwerden die Anwendung verschieben. Vermeiden Sie Sonneneinstrahlung und tragen Sie jeden Morgen nach der Anwendung einen Sonnenschutz mit Lichtschutzfaktor 30 oder h\u00f6her auf.<\/p>\n<p>Nachtcreme mit leichter, nicht klebriger, nicht fettender Textur, die schnell einzieht. Ersetzt pigmentierte Epidermis Nacht f\u00fcr Nacht durch neue Zellen.<\/p>\n<p>Bewerbungsschema:<\/p>\n<p>WOCHE 1: An 2 Abenden pro Woche anwenden.<br \/>\nWOCHE 2: Jeden zweiten Abend auftragen.<br \/>\nWOCHE 3: Je nach Vertr\u00e4glichkeit jeden Abend auftragen.<\/p>\n<p>&nbsp;<\/p>\n<p>Enth\u00e4lt 4 % Niacinamid, das hilft, die Haut aufzuhellen und dunkle Flecken zu verblassen, und 0,15 % reines Retinol, das die Zellerneuerung unterst\u00fctzt und hilft, Falten zu reduzieren.<\/p>","protected":false},"excerpt":{"rendered":"<p>LIFTACTIV B3 Teint-korrigierende Nachtcreme mit reinem Retinol Zwei leistungsstarke, den Teint korrigierende Dermowirkstoffe, jetzt kombiniert in einer angenehmen Nachtcreme. In einer Nacht wird die Haut erleuchtet und strahlender. *Dies ist ein konzentriertes Produkt. Daher ist es normal, dass Sie zun\u00e4chst R\u00f6tungen, Kribbeln oder Trockenheit versp\u00fcren. Bei anhaltenden Beschwerden die Anwendung verschieben. Vermeiden Sie Sonneneinstrahlung und [&hellip;]<\/p>\n","protected":false},"featured_media":44398,"template":"","meta":{"_acf_changed":false,"footnotes":""},"product_brand":[],"product_cat":[47,42,54],"product_tag":[],"class_list":{"0":"post-44397","1":"product","2":"type-product","3":"status-publish","4":"has-post-thumbnail","6":"product_cat-dermocosmetique","7":"product_cat-para-pharmacie","8":"product_cat-soins-du-visage","10":"first","11":"instock","12":"taxable","13":"shipping-taxable","14":"purchasable","15":"product-type-simple"},"acf":[],"_links":{"self":[{"href":"https:\/\/www.pharmacieonline.lu\/de\/wp-json\/wp\/v2\/product\/44397","targetHints":{"allow":["GET"]}}],"collection":[{"href":"https:\/\/www.pharmacieonline.lu\/de\/wp-json\/wp\/v2\/product"}],"about":[{"href":"https:\/\/www.pharmacieonline.lu\/de\/wp-json\/wp\/v2\/types\/product"}],"version-history":[{"count":0,"href":"https:\/\/www.pharmacieonline.lu\/de\/wp-json\/wp\/v2\/product\/44397\/revisions"}],"wp:featuredmedia":[{"embeddable":true,"href":"https:\/\/www.pharmacieonline.lu\/de\/wp-json\/wp\/v2\/media\/44398"}],"wp:attachment":[{"href":"https:\/\/www.pharmacieonline.lu\/de\/wp-json\/wp\/v2\/media?parent=44397"}],"wp:term":[{"taxonomy":"product_brand","embeddable":true,"href":"https:\/\/www.pharmacieonline.lu\/de\/wp-json\/wp\/v2\/product_brand?post=44397"},{"taxonomy":"product_cat","embeddable":true,"href":"https:\/\/www.pharmacieonline.lu\/de\/wp-json\/wp\/v2\/product_cat?post=44397"},{"taxonomy":"product_tag","embeddable":true,"href":"https:\/\/www.pharmacieonline.lu\/de\/wp-json\/wp\/v2\/product_tag?post=44397"}],"curies":[{"name":"wp","href":"https:\/\/api.w.org\/{rel}","templated":true}]}}