{"id":44421,"date":"2024-04-22T09:11:42","date_gmt":"2024-04-22T07:11:42","guid":{"rendered":"https:\/\/www.pharmacieonline.lu\/?post_type=product&#038;p=44421"},"modified":"2026-04-09T07:55:10","modified_gmt":"2026-04-09T05:55:10","slug":"avene-vitamine-activ-cg-cr-50ml","status":"publish","type":"product","link":"https:\/\/www.pharmacieonline.lu\/de\/produit\/avene-vitamine-activ-cg-cr-50ml\/","title":{"rendered":"AVENE VITAMINE ACTIV CG CR 50ML"},"content":{"rendered":"<p>Dank der Wirkung von Vitamin Cg*, einer hochstabilen Form von reinem Vitamin C, Niacinamid und Hyalurons\u00e4ure, korrigiert die Intensive Radiance Cream Falten, gleicht den Teint aus und hellt ihn auf.<\/p>\n<p>1,8 % VITAMIN Cg, anerkannt f\u00fcr seine antioxidative Wirksamkeit, entsprechend 20 % Vitamin C<br \/>\nAnti-Falten, Ausstrahlung, Anti-Flecken.<\/p>\n<p>Die Zellalterung f\u00fchrt zu einem fortschreitenden R\u00fcckgang der Gewebefunktionen. Auf der Hautebene ist die Folge das Auftreten klinischer Merkmale wie Trockenheit, Pigmentflecken, Erschlaffung, Falten usw. Die Av\u00e8ne Dermatological Laboratories entwickeln die Intensive Radiance Cream, die auf drei dermatologische Wirkstoffe konzentriert ist:<br \/>\n[VITAMIN Cg] 1,8 %: anerkannt f\u00fcr seine antioxidative Wirksamkeit, die 20 % von Vitamin C entspricht<br \/>\n[NIACINAMIDE] 6 %: regeneriert die Haut nachhaltig und reduziert das Auftreten von Flecken<br \/>\n[HYALURONS\u00c4URE]: rein, nat\u00fcrlichen Ursprungs, spendet Feuchtigkeit, gl\u00e4ttet und polstert die Haut auf<br \/>\nAb der ersten Anwendung ist die Haut gegl\u00e4ttet und strahlend. Nach 15 Tagen: Die Haut ist aufgepolstert und regeneriert, der Teint ist ausgeglichen.<br \/>\nNach 1 Monat: Flecken und Falten sind korrigiert.<br \/>\nSeine zart duftende, samtige Textur sorgt f\u00fcr ein angenehmes Hautgef\u00fchl und bildet eine gute Make-up-Grundlage. Diese Behandlung enth\u00e4lt 93 % Inhaltsstoffe nat\u00fcrlichen Ursprungs, ohne Inhaltsstoffe tierischen Ursprungs, in einem nachf\u00fcllbaren Glastiegel.<\/p>\n<p>&nbsp;<\/p>\n<p>Vorteil<\/p>\n<p>Eine hohe Konzentration an Vitamin Cg*, der stabilsten Form von Vitamin C, dem Benchmark-Wirkstoff in der \u201eStrahlungs\u201c-Pflege.<\/p>\n<p>Vorteile<\/p>\n<p>\u2022 Gl\u00e4ttet Falten<br \/>\n\u2022 REDUZIERT das Auftreten dunkler Flecken<br \/>\n\u2022 VEREINIGT den Teint<\/p>\n<p>Seine zart duftende, samtige Textur sorgt f\u00fcr ein angenehmes Hautgef\u00fchl und bildet eine gute Make-up-Grundlage.<\/p>\n<p>H\u00e4ufigkeit der Nutzung<\/p>\n<p>1 bis 2 Mal t\u00e4glich: Morgens und\/oder abends allein oder nach dem Serum auf Gesicht, Hals und Dekollet\u00e9 auftragen. Den Kontakt mit den Augen vermeiden.<\/p>\n<p>Nachf\u00fcllbarer Beh\u00e4lter: AVENE VITAMIN ACTIV CG CR RECHARG 30ML \u2013 Online-Apotheke<\/p>","protected":false},"excerpt":{"rendered":"<p>Dank der Wirkung von Vitamin Cg*, einer hochstabilen Form von reinem Vitamin C, Niacinamid und Hyalurons\u00e4ure, korrigiert die Intensive Radiance Cream Falten, gleicht den Teint aus und hellt ihn auf. 1,8 % VITAMIN Cg, anerkannt f\u00fcr seine antioxidative Wirksamkeit, entsprechend 20 % Vitamin C Anti-Falten, Ausstrahlung, Anti-Flecken. Die Zellalterung f\u00fchrt zu einem fortschreitenden R\u00fcckgang der [&hellip;]<\/p>\n","protected":false},"featured_media":44422,"template":"","meta":{"_acf_changed":false,"footnotes":""},"product_brand":[],"product_cat":[47,54],"product_tag":[],"class_list":{"0":"post-44421","1":"product","2":"type-product","3":"status-publish","4":"has-post-thumbnail","6":"product_cat-dermocosmetique","7":"product_cat-soins-du-visage","9":"first","10":"instock","11":"taxable","12":"shipping-taxable","13":"purchasable","14":"product-type-simple"},"acf":[],"_links":{"self":[{"href":"https:\/\/www.pharmacieonline.lu\/de\/wp-json\/wp\/v2\/product\/44421","targetHints":{"allow":["GET"]}}],"collection":[{"href":"https:\/\/www.pharmacieonline.lu\/de\/wp-json\/wp\/v2\/product"}],"about":[{"href":"https:\/\/www.pharmacieonline.lu\/de\/wp-json\/wp\/v2\/types\/product"}],"version-history":[{"count":0,"href":"https:\/\/www.pharmacieonline.lu\/de\/wp-json\/wp\/v2\/product\/44421\/revisions"}],"wp:featuredmedia":[{"embeddable":true,"href":"https:\/\/www.pharmacieonline.lu\/de\/wp-json\/wp\/v2\/media\/44422"}],"wp:attachment":[{"href":"https:\/\/www.pharmacieonline.lu\/de\/wp-json\/wp\/v2\/media?parent=44421"}],"wp:term":[{"taxonomy":"product_brand","embeddable":true,"href":"https:\/\/www.pharmacieonline.lu\/de\/wp-json\/wp\/v2\/product_brand?post=44421"},{"taxonomy":"product_cat","embeddable":true,"href":"https:\/\/www.pharmacieonline.lu\/de\/wp-json\/wp\/v2\/product_cat?post=44421"},{"taxonomy":"product_tag","embeddable":true,"href":"https:\/\/www.pharmacieonline.lu\/de\/wp-json\/wp\/v2\/product_tag?post=44421"}],"curies":[{"name":"wp","href":"https:\/\/api.w.org\/{rel}","templated":true}]}}