{"id":44425,"date":"2024-04-22T09:20:02","date_gmt":"2024-04-22T07:20:02","guid":{"rendered":"https:\/\/www.pharmacieonline.lu\/?post_type=product&#038;p=44425"},"modified":"2026-04-09T07:55:10","modified_gmt":"2026-04-09T05:55:10","slug":"vichy-liftactiv-collagen-eye-care-t15ml","status":"publish","type":"product","link":"https:\/\/www.pharmacieonline.lu\/de\/produit\/vichy-liftactiv-collagen-eye-care-t15ml\/","title":{"rendered":"VICHY LIFTACTIV COLLAGEN EYE CARE T15ML"},"content":{"rendered":"<p>LIFTACTIV \u2013 LIFTACTIV COLLAGEN SPEZIALISTEN-AUGENPFLEGE<\/p>\n<p>Der Verlust von Kollagen beschleunigt die Hautalterung. Die empfindliche Haut um die Augen ist der erste Bereich, der sichtbare Anzeichen von Kollagenverlust zeigt. Die neue Collagen Specialist-Augenbehandlung mit einem einzigartigen Pro-Kollagen-Komplex [Peptide + Pro-Xylane + Vitamin CG] wirkt auf die Augenkontur und sorgt f\u00fcr eine 360\u00b0-Korrektur. Klinische Beweise f\u00fcr das Auftreten von 5 Zeichen der Augenalterung: Kr\u00e4henf\u00fc\u00dfe, Tr\u00e4nens\u00e4cke, Augenringe, h\u00e4ngende Augenlider.<\/p>\n<p>Zutaten:<\/p>\n<p>7,5 % PROXYLAN<br \/>\n5 % PRO-KOLLAGEN-PEPTIDE<br \/>\n4 % NIACINAMID<br \/>\n1,5 % VITAMIN C<\/p>\n<p>Tragen Sie morgens und abends nach der Collagen Specialist-Creme das \u00c4quivalent eines Reiskorns mit sanften, gl\u00e4ttenden Bewegungen auf die Augenkontur auf. Mit der Fingerspitze von innen nach au\u00dfen streichen, damit die Behandlung eindringt. Massieren Sie Kr\u00e4henf\u00fc\u00dfe mit kreisenden Bewegungen an den Schl\u00e4fen.<\/p>\n<p>KOMPOSITION<\/p>\n<p>AQUA\/WASSER\/EAU \u2013 GLYCERIN \u2013 DIMETHICONE \u2013 HYDROXYPROPYL TETRAHYDROPYRANTRIOL \u2013 ISONONYL ISONONANOATE \u2013 NIACINAMIDE \u2013 ALKOHOL DENAT. &#8211; CETYLALKOHOL &#8211; GLYCERYLSTEARAT &#8211; PEG-100 STEARAT &#8211; BUTYLEN GLYCOL &#8211; ASCORBYL GLUCOSID &#8211; BORON NITRID &#8211; PROPYLEN GLYCOL &#8211; DIMETHICONE\/INYL DIMETHICONE CROSSPOLYMER &#8211; AMMONIUM POLYACRYLOYLDIMETHYL TAURATE &#8211; STEARINS\u00c4URE &#8211; TRIETHANOLAMIN &#8211; PALMITINS\u00c4URE &#8211; EINE &#8211; NATRIUM CI TRATE \u2013 HYDROXYACETOPHENON \u2013 TOCOPHERYL ACETAT \u2013 XYLS\u00c4URE \u2013 PENTYLEN GLYKOL \u2013 HYDROLYSIERTES REISPROTEIN \u2013 EPERUA FALCATA RINDE EXTRAKT \u2013 ACETYL TETRAPEPTID-9 \u2013 PALMITOYL TRIPEPTID-1 \u2013 PALMITOYL TETRAPEPTID-7<\/p>","protected":false},"excerpt":{"rendered":"<p>LIFTACTIV \u2013 LIFTACTIV COLLAGEN SPEZIALISTEN-AUGENPFLEGE Der Verlust von Kollagen beschleunigt die Hautalterung. Die empfindliche Haut um die Augen ist der erste Bereich, der sichtbare Anzeichen von Kollagenverlust zeigt. Die neue Collagen Specialist-Augenbehandlung mit einem einzigartigen Pro-Kollagen-Komplex [Peptide + Pro-Xylane + Vitamin CG] wirkt auf die Augenkontur und sorgt f\u00fcr eine 360\u00b0-Korrektur. Klinische Beweise f\u00fcr das [&hellip;]<\/p>\n","protected":false},"featured_media":44426,"template":"","meta":{"_acf_changed":false,"footnotes":""},"product_brand":[],"product_cat":[47,54],"product_tag":[],"class_list":{"0":"post-44425","1":"product","2":"type-product","3":"status-publish","4":"has-post-thumbnail","6":"product_cat-dermocosmetique","7":"product_cat-soins-du-visage","9":"first","10":"outofstock","11":"taxable","12":"shipping-taxable","13":"purchasable","14":"product-type-simple"},"acf":[],"_links":{"self":[{"href":"https:\/\/www.pharmacieonline.lu\/de\/wp-json\/wp\/v2\/product\/44425","targetHints":{"allow":["GET"]}}],"collection":[{"href":"https:\/\/www.pharmacieonline.lu\/de\/wp-json\/wp\/v2\/product"}],"about":[{"href":"https:\/\/www.pharmacieonline.lu\/de\/wp-json\/wp\/v2\/types\/product"}],"version-history":[{"count":0,"href":"https:\/\/www.pharmacieonline.lu\/de\/wp-json\/wp\/v2\/product\/44425\/revisions"}],"wp:featuredmedia":[{"embeddable":true,"href":"https:\/\/www.pharmacieonline.lu\/de\/wp-json\/wp\/v2\/media\/44426"}],"wp:attachment":[{"href":"https:\/\/www.pharmacieonline.lu\/de\/wp-json\/wp\/v2\/media?parent=44425"}],"wp:term":[{"taxonomy":"product_brand","embeddable":true,"href":"https:\/\/www.pharmacieonline.lu\/de\/wp-json\/wp\/v2\/product_brand?post=44425"},{"taxonomy":"product_cat","embeddable":true,"href":"https:\/\/www.pharmacieonline.lu\/de\/wp-json\/wp\/v2\/product_cat?post=44425"},{"taxonomy":"product_tag","embeddable":true,"href":"https:\/\/www.pharmacieonline.lu\/de\/wp-json\/wp\/v2\/product_tag?post=44425"}],"curies":[{"name":"wp","href":"https:\/\/api.w.org\/{rel}","templated":true}]}}