{"id":44560,"date":"2024-04-30T09:49:26","date_gmt":"2024-04-30T07:49:26","guid":{"rendered":"https:\/\/www.pharmacieonline.lu\/?post_type=product&#038;p=44560"},"modified":"2026-04-14T13:55:09","modified_gmt":"2026-04-14T11:55:09","slug":"nereya-10-ml","status":"publish","type":"product","link":"https:\/\/www.pharmacieonline.lu\/de\/produit\/nereya-10-ml\/","title":{"rendered":"NEREYA 10 ML"},"content":{"rendered":"<p>Feuchtigkeitscreme f\u00fcr die Augen<br \/>\nUnterst\u00fctzt alle drei Schichten des Tr\u00e4nenfilms<br \/>\nIntelligentes Trinksystem<br \/>\nBei trockenen, m\u00fcden, brennenden und gespannten Augen<\/p>","protected":false},"excerpt":{"rendered":"<p>Feuchtigkeitscreme f\u00fcr die Augen Unterst\u00fctzt alle drei Schichten des Tr\u00e4nenfilms Intelligentes Trinksystem Bei trockenen, m\u00fcden, brennenden und gespannten Augen<\/p>\n","protected":false},"featured_media":44562,"template":"","meta":{"_acf_changed":false,"footnotes":""},"product_brand":[],"product_cat":[787,85],"product_tag":[],"class_list":{"0":"post-44560","1":"product","2":"type-product","3":"status-publish","4":"has-post-thumbnail","6":"product_cat-sprays-rhume","7":"product_cat-rhume","9":"first","10":"instock","11":"taxable","12":"shipping-taxable","13":"purchasable","14":"product-type-simple"},"acf":[],"_links":{"self":[{"href":"https:\/\/www.pharmacieonline.lu\/de\/wp-json\/wp\/v2\/product\/44560","targetHints":{"allow":["GET"]}}],"collection":[{"href":"https:\/\/www.pharmacieonline.lu\/de\/wp-json\/wp\/v2\/product"}],"about":[{"href":"https:\/\/www.pharmacieonline.lu\/de\/wp-json\/wp\/v2\/types\/product"}],"version-history":[{"count":0,"href":"https:\/\/www.pharmacieonline.lu\/de\/wp-json\/wp\/v2\/product\/44560\/revisions"}],"wp:featuredmedia":[{"embeddable":true,"href":"https:\/\/www.pharmacieonline.lu\/de\/wp-json\/wp\/v2\/media\/44562"}],"wp:attachment":[{"href":"https:\/\/www.pharmacieonline.lu\/de\/wp-json\/wp\/v2\/media?parent=44560"}],"wp:term":[{"taxonomy":"product_brand","embeddable":true,"href":"https:\/\/www.pharmacieonline.lu\/de\/wp-json\/wp\/v2\/product_brand?post=44560"},{"taxonomy":"product_cat","embeddable":true,"href":"https:\/\/www.pharmacieonline.lu\/de\/wp-json\/wp\/v2\/product_cat?post=44560"},{"taxonomy":"product_tag","embeddable":true,"href":"https:\/\/www.pharmacieonline.lu\/de\/wp-json\/wp\/v2\/product_tag?post=44560"}],"curies":[{"name":"wp","href":"https:\/\/api.w.org\/{rel}","templated":true}]}}