{"id":44685,"date":"2024-05-03T11:06:08","date_gmt":"2024-05-03T09:06:08","guid":{"rendered":"https:\/\/www.pharmacieonline.lu\/?post_type=product&#038;p=44685"},"modified":"2026-04-10T08:25:25","modified_gmt":"2026-04-10T06:25:25","slug":"oenobiol-aquadrainant-plus-45-cpr","status":"publish","type":"product","link":"https:\/\/www.pharmacieonline.lu\/de\/produit\/oenobiol-aquadrainant-plus-45-cpr\/","title":{"rendered":"OENOBIOL AQUADRAINANT PLUS 45 CPR"},"content":{"rendered":"<p>Tr\u00e4gt dank der roten Weinrebe dazu bei, eine gute ven\u00f6se Durchblutung aufrechtzuerhalten und das Gef\u00fchl schwerer Beine zu reduzieren.<\/p>\n<p>Indikation<\/p>\n<p>F\u00fcr leichte Beine<\/p>\n<p>Verwenden<\/p>\n<p>15 Tage lang 3 Tabletten pro Tag zu einer Mahlzeit.<\/p>\n<p>Komposition<\/p>\n<p>Formel (f\u00fcr 1 Tablette): Extrakt aus roter Rebe: 360 mg \u2013 Traubenkernextrakt: 150 mg \u2013 Vitamin C: 60 mg<\/p>","protected":false},"excerpt":{"rendered":"<p>Tr\u00e4gt dank der roten Weinrebe dazu bei, eine gute ven\u00f6se Durchblutung aufrechtzuerhalten und das Gef\u00fchl schwerer Beine zu reduzieren. Indikation F\u00fcr leichte Beine Verwenden 15 Tage lang 3 Tabletten pro Tag zu einer Mahlzeit. Komposition Formel (f\u00fcr 1 Tablette): Extrakt aus roter Rebe: 360 mg \u2013 Traubenkernextrakt: 150 mg \u2013 Vitamin C: 60 mg<\/p>\n","protected":false},"featured_media":44691,"template":"","meta":{"_acf_changed":false,"footnotes":""},"product_brand":[],"product_cat":[953],"product_tag":[],"class_list":{"0":"post-44685","1":"product","2":"type-product","3":"status-publish","4":"has-post-thumbnail","6":"product_cat-complements-alimentaires","8":"first","9":"instock","10":"taxable","11":"shipping-taxable","12":"purchasable","13":"product-type-simple"},"acf":[],"_links":{"self":[{"href":"https:\/\/www.pharmacieonline.lu\/de\/wp-json\/wp\/v2\/product\/44685","targetHints":{"allow":["GET"]}}],"collection":[{"href":"https:\/\/www.pharmacieonline.lu\/de\/wp-json\/wp\/v2\/product"}],"about":[{"href":"https:\/\/www.pharmacieonline.lu\/de\/wp-json\/wp\/v2\/types\/product"}],"version-history":[{"count":0,"href":"https:\/\/www.pharmacieonline.lu\/de\/wp-json\/wp\/v2\/product\/44685\/revisions"}],"wp:featuredmedia":[{"embeddable":true,"href":"https:\/\/www.pharmacieonline.lu\/de\/wp-json\/wp\/v2\/media\/44691"}],"wp:attachment":[{"href":"https:\/\/www.pharmacieonline.lu\/de\/wp-json\/wp\/v2\/media?parent=44685"}],"wp:term":[{"taxonomy":"product_brand","embeddable":true,"href":"https:\/\/www.pharmacieonline.lu\/de\/wp-json\/wp\/v2\/product_brand?post=44685"},{"taxonomy":"product_cat","embeddable":true,"href":"https:\/\/www.pharmacieonline.lu\/de\/wp-json\/wp\/v2\/product_cat?post=44685"},{"taxonomy":"product_tag","embeddable":true,"href":"https:\/\/www.pharmacieonline.lu\/de\/wp-json\/wp\/v2\/product_tag?post=44685"}],"curies":[{"name":"wp","href":"https:\/\/api.w.org\/{rel}","templated":true}]}}