{"id":44795,"date":"2024-05-03T16:36:18","date_gmt":"2024-05-03T14:36:18","guid":{"rendered":"https:\/\/www.pharmacieonline.lu\/?post_type=product&#038;p=44795"},"modified":"2026-04-10T17:55:09","modified_gmt":"2026-04-10T15:55:09","slug":"nuxe-cr-fraiche-contour-yeux-15ml","status":"publish","type":"product","link":"https:\/\/www.pharmacieonline.lu\/de\/produit\/nuxe-cr-fraiche-contour-yeux-15ml\/","title":{"rendered":"NUXE CR FRAICHE CONTOUR YEUX 15ML"},"content":{"rendered":"<p>Melt f\u00fcr Gourmet-Feuchtigkeitszufuhr, BIO-zertifiziert. Diese mit pflanzlichem Koffein angereicherte BIO*-Augenbehandlung mit \u201eFlash\u201c-Effekt ist ideal f\u00fcr alle Hauttypen. Feuchtigkeitsspendend und entspannend, weckt es sofort die Augen: Die Augenpartie ist bei 95 % der Frauen ausgeruht wie nach einer erholsamen Nacht! **<br \/>\nAugenringe und Tr\u00e4nens\u00e4cke erscheinen sofort gemildert und feine Linien gegl\u00e4ttet.<br \/>\nTag f\u00fcr Tag werden Erm\u00fcdungserscheinungen gemindert und die Augenpartie aufgehellt.<br \/>\nDie leichte Textur zieht schnell ein und verleiht der Haut ein echtes Frischegef\u00fchl.<\/p>","protected":false},"excerpt":{"rendered":"<p>Melt f\u00fcr Gourmet-Feuchtigkeitszufuhr, BIO-zertifiziert. Diese mit pflanzlichem Koffein angereicherte BIO*-Augenbehandlung mit \u201eFlash\u201c-Effekt ist ideal f\u00fcr alle Hauttypen. Feuchtigkeitsspendend und entspannend, weckt es sofort die Augen: Die Augenpartie ist bei 95 % der Frauen ausgeruht wie nach einer erholsamen Nacht! ** Augenringe und Tr\u00e4nens\u00e4cke erscheinen sofort gemildert und feine Linien gegl\u00e4ttet. Tag f\u00fcr Tag werden Erm\u00fcdungserscheinungen [&hellip;]<\/p>\n","protected":false},"featured_media":44855,"template":"","meta":{"_acf_changed":false,"footnotes":""},"product_brand":[],"product_cat":[42,54],"product_tag":[],"class_list":{"0":"post-44795","1":"product","2":"type-product","3":"status-publish","4":"has-post-thumbnail","6":"product_cat-para-pharmacie","7":"product_cat-soins-du-visage","9":"first","10":"instock","11":"taxable","12":"shipping-taxable","13":"purchasable","14":"product-type-simple"},"acf":[],"_links":{"self":[{"href":"https:\/\/www.pharmacieonline.lu\/de\/wp-json\/wp\/v2\/product\/44795","targetHints":{"allow":["GET"]}}],"collection":[{"href":"https:\/\/www.pharmacieonline.lu\/de\/wp-json\/wp\/v2\/product"}],"about":[{"href":"https:\/\/www.pharmacieonline.lu\/de\/wp-json\/wp\/v2\/types\/product"}],"version-history":[{"count":0,"href":"https:\/\/www.pharmacieonline.lu\/de\/wp-json\/wp\/v2\/product\/44795\/revisions"}],"wp:featuredmedia":[{"embeddable":true,"href":"https:\/\/www.pharmacieonline.lu\/de\/wp-json\/wp\/v2\/media\/44855"}],"wp:attachment":[{"href":"https:\/\/www.pharmacieonline.lu\/de\/wp-json\/wp\/v2\/media?parent=44795"}],"wp:term":[{"taxonomy":"product_brand","embeddable":true,"href":"https:\/\/www.pharmacieonline.lu\/de\/wp-json\/wp\/v2\/product_brand?post=44795"},{"taxonomy":"product_cat","embeddable":true,"href":"https:\/\/www.pharmacieonline.lu\/de\/wp-json\/wp\/v2\/product_cat?post=44795"},{"taxonomy":"product_tag","embeddable":true,"href":"https:\/\/www.pharmacieonline.lu\/de\/wp-json\/wp\/v2\/product_tag?post=44795"}],"curies":[{"name":"wp","href":"https:\/\/api.w.org\/{rel}","templated":true}]}}