{"id":44798,"date":"2024-05-03T16:39:56","date_gmt":"2024-05-03T14:39:56","guid":{"rendered":"https:\/\/www.pharmacieonline.lu\/?post_type=product&#038;p=44798"},"modified":"2026-04-08T03:55:15","modified_gmt":"2026-04-08T01:55:15","slug":"nuxe-cr-fraiche-creme-riche-eclat-50ml","status":"publish","type":"product","link":"https:\/\/www.pharmacieonline.lu\/de\/produit\/nuxe-cr-fraiche-creme-riche-eclat-50ml\/","title":{"rendered":"NUXE CR FRAICHE CREME RICHE ECLAT 50ML"},"content":{"rendered":"<p>F\u00fcr eine k\u00f6stliche Feuchtigkeitszufuhr schmelzen.<\/p>\n<p>Eine au\u00dfergew\u00f6hnliche Buttertextur, die sofort mit der Hitze der Haut verschmilzt und sie mit ihren n\u00e4hrenden Eigenschaften umh\u00fcllt.<\/p>\n<p>Angereichert mit pflanzlicher Milch, s\u00fc\u00dfem Mandel\u00f6l und pflanzlicher Butter (Shea und Moringa) ist diese reichhaltige Creme ideal f\u00fcr trockene Haut. Es versorgt die Haut 48 Stunden lang* mit Feuchtigkeit und versorgt sie mit N\u00e4hrstoffen, ohne zu fetten.<\/p>\n<p>Die Haut ist sch\u00f6ner, wird bei 100 %** aller Frauen sofort gen\u00e4hrt und beruhigt.<\/p>\n<p>Unwohlsein und Spannungsgef\u00fchle werden gemindert, was zu einer sofortigen Linderung f\u00fchrt. Die Haut ist frischer, der Teint strahlend und strahlend.<\/p>\n<p>Seine Formel respektiert das Hautmikrobiom, die Haut ist gesund und voller Vitalit\u00e4t.<\/p>\n<p>Die reichhaltige 48-Stunden-Feuchtigkeitscreme: eine in Frankreich formulierte und hergestellte Behandlung.<\/p>","protected":false},"excerpt":{"rendered":"<p>F\u00fcr eine k\u00f6stliche Feuchtigkeitszufuhr schmelzen. Eine au\u00dfergew\u00f6hnliche Buttertextur, die sofort mit der Hitze der Haut verschmilzt und sie mit ihren n\u00e4hrenden Eigenschaften umh\u00fcllt. Angereichert mit pflanzlicher Milch, s\u00fc\u00dfem Mandel\u00f6l und pflanzlicher Butter (Shea und Moringa) ist diese reichhaltige Creme ideal f\u00fcr trockene Haut. Es versorgt die Haut 48 Stunden lang* mit Feuchtigkeit und versorgt sie [&hellip;]<\/p>\n","protected":false},"featured_media":44801,"template":"","meta":{"_acf_changed":false,"footnotes":""},"product_brand":[],"product_cat":[42,54],"product_tag":[],"class_list":{"0":"post-44798","1":"product","2":"type-product","3":"status-publish","4":"has-post-thumbnail","6":"product_cat-para-pharmacie","7":"product_cat-soins-du-visage","9":"first","10":"instock","11":"sale","12":"taxable","13":"shipping-taxable","14":"purchasable","15":"product-type-simple"},"acf":[],"_links":{"self":[{"href":"https:\/\/www.pharmacieonline.lu\/de\/wp-json\/wp\/v2\/product\/44798","targetHints":{"allow":["GET"]}}],"collection":[{"href":"https:\/\/www.pharmacieonline.lu\/de\/wp-json\/wp\/v2\/product"}],"about":[{"href":"https:\/\/www.pharmacieonline.lu\/de\/wp-json\/wp\/v2\/types\/product"}],"version-history":[{"count":0,"href":"https:\/\/www.pharmacieonline.lu\/de\/wp-json\/wp\/v2\/product\/44798\/revisions"}],"wp:featuredmedia":[{"embeddable":true,"href":"https:\/\/www.pharmacieonline.lu\/de\/wp-json\/wp\/v2\/media\/44801"}],"wp:attachment":[{"href":"https:\/\/www.pharmacieonline.lu\/de\/wp-json\/wp\/v2\/media?parent=44798"}],"wp:term":[{"taxonomy":"product_brand","embeddable":true,"href":"https:\/\/www.pharmacieonline.lu\/de\/wp-json\/wp\/v2\/product_brand?post=44798"},{"taxonomy":"product_cat","embeddable":true,"href":"https:\/\/www.pharmacieonline.lu\/de\/wp-json\/wp\/v2\/product_cat?post=44798"},{"taxonomy":"product_tag","embeddable":true,"href":"https:\/\/www.pharmacieonline.lu\/de\/wp-json\/wp\/v2\/product_tag?post=44798"}],"curies":[{"name":"wp","href":"https:\/\/api.w.org\/{rel}","templated":true}]}}