{"id":44810,"date":"2024-05-03T17:19:05","date_gmt":"2024-05-03T15:19:05","guid":{"rendered":"https:\/\/www.pharmacieonline.lu\/?post_type=product&#038;p=44810"},"modified":"2026-04-08T03:55:14","modified_gmt":"2026-04-08T01:55:14","slug":"nuxe-reve-miel-gel-lavant-surgras-750ml","status":"publish","type":"product","link":"https:\/\/www.pharmacieonline.lu\/de\/produit\/nuxe-reve-miel-gel-lavant-surgras-750ml\/","title":{"rendered":"NUXE RDMIEL GEL LAVANT 750ML"},"content":{"rendered":"<p>Dieses superfette Gesichts- und K\u00f6rperwaschgel mit Honig und Sonnenblume, cremig und k\u00f6stlich honigs\u00fc\u00df, pflegt t\u00e4glich trockene und empfindliche Haut und respektiert dabei den Hydro-Lipid-Film. Es reinigt Gesicht und K\u00f6rper, ohne ihn auszutrocknen. Eine echte Wohlf\u00fchlpause unter der Dusche.<\/p>\n<p>Indikation<\/p>\n<p>Duschgel f\u00fcr Gesicht und K\u00f6rper \u2013 reinigt, beruhigt und macht die Haut weich.<br \/>\nF\u00fcr trockene und empfindliche Haut.<\/p>\n<p>Verwenden<\/p>\n<p>Tragen Sie morgens und\/oder abends einen Tupfer Surgras Face and Body Cleansing Gel auf die feuchte Haut von Gesicht und K\u00f6rper auf, genie\u00dfen Sie den gro\u00dfz\u00fcgigen Schaum und sp\u00fclen Sie es dann aus.<\/p>\n<p>Komposition<\/p>\n<p>AQUA\/WASSER, GLYCERIN, NATRIUMCOCOAMPHOACETAT, NATRIUMLAUROYLSARKOSINAT, LAURYLGLUCOSID, PARFUM\/DUFT, MEL\/HONIG, SONNENBLUMEN\u00d6L-PEG-8-ESTER, NATRIUMCOCOYLGLUTAMAT, NATRIUMLAURYLGLUCOSECARBOXYLAT, ACRYLAT\/C10-30-ALKYL-KREUZPOLYMER, PHENOX YETHANOL , GLUCONOLACTON, NATRIUMHYDROXID, KOKO-GLUCOSID, GLYCERYLOLEAT, ZITRONENS\u00c4URE, ALLANTOIN, NATRIUMBENZOAT, TETRASODIUMGLUTAMATDIACETAT, 1,2-HEXANDIOL, CAPRYLYLGLUCONAT, TROPOLON, HYDROGENIERTES PALMCERIDECITRAT, TOCO PHEROL [N2002 \/ HAT].<\/p>","protected":false},"excerpt":{"rendered":"<p>Dieses superfette Gesichts- und K\u00f6rperwaschgel mit Honig und Sonnenblume, cremig und k\u00f6stlich honigs\u00fc\u00df, pflegt t\u00e4glich trockene und empfindliche Haut und respektiert dabei den Hydro-Lipid-Film. Es reinigt Gesicht und K\u00f6rper, ohne ihn auszutrocknen. Eine echte Wohlf\u00fchlpause unter der Dusche. Indikation Duschgel f\u00fcr Gesicht und K\u00f6rper \u2013 reinigt, beruhigt und macht die Haut weich. F\u00fcr trockene und [&hellip;]<\/p>\n","protected":false},"featured_media":44812,"template":"","meta":{"_acf_changed":false,"footnotes":""},"product_brand":[],"product_cat":[42,112],"product_tag":[],"class_list":{"0":"post-44810","1":"product","2":"type-product","3":"status-publish","4":"has-post-thumbnail","6":"product_cat-para-pharmacie","7":"product_cat-douche-bain","9":"first","10":"outofstock","11":"sale","12":"taxable","13":"shipping-taxable","14":"purchasable","15":"product-type-simple"},"acf":[],"_links":{"self":[{"href":"https:\/\/www.pharmacieonline.lu\/de\/wp-json\/wp\/v2\/product\/44810","targetHints":{"allow":["GET"]}}],"collection":[{"href":"https:\/\/www.pharmacieonline.lu\/de\/wp-json\/wp\/v2\/product"}],"about":[{"href":"https:\/\/www.pharmacieonline.lu\/de\/wp-json\/wp\/v2\/types\/product"}],"version-history":[{"count":0,"href":"https:\/\/www.pharmacieonline.lu\/de\/wp-json\/wp\/v2\/product\/44810\/revisions"}],"wp:featuredmedia":[{"embeddable":true,"href":"https:\/\/www.pharmacieonline.lu\/de\/wp-json\/wp\/v2\/media\/44812"}],"wp:attachment":[{"href":"https:\/\/www.pharmacieonline.lu\/de\/wp-json\/wp\/v2\/media?parent=44810"}],"wp:term":[{"taxonomy":"product_brand","embeddable":true,"href":"https:\/\/www.pharmacieonline.lu\/de\/wp-json\/wp\/v2\/product_brand?post=44810"},{"taxonomy":"product_cat","embeddable":true,"href":"https:\/\/www.pharmacieonline.lu\/de\/wp-json\/wp\/v2\/product_cat?post=44810"},{"taxonomy":"product_tag","embeddable":true,"href":"https:\/\/www.pharmacieonline.lu\/de\/wp-json\/wp\/v2\/product_tag?post=44810"}],"curies":[{"name":"wp","href":"https:\/\/api.w.org\/{rel}","templated":true}]}}