{"id":44841,"date":"2024-05-03T18:02:33","date_gmt":"2024-05-03T16:02:33","guid":{"rendered":"https:\/\/www.pharmacieonline.lu\/?post_type=product&#038;p=44841"},"modified":"2026-04-05T17:55:06","modified_gmt":"2026-04-05T15:55:06","slug":"nuxe-very-rose-lait-demaq-onctueux-200ml","status":"publish","type":"product","link":"https:\/\/www.pharmacieonline.lu\/de\/produit\/nuxe-very-rose-lait-demaq-onctueux-200ml\/","title":{"rendered":"NUXE VERY ROSE LAIT DEMAQ 200ML NP"},"content":{"rendered":"<p>Indikation<\/p>\n<p>Cremige Make-up-Entfernermilch.<\/p>\n<p>Verwenden<\/p>\n<p>Morgens und\/oder abends mit einem Wattepad auftragen oder die Milch direkt mit den Fingerspitzen auftragen, sanft einmassieren und dann mit lauwarmem Wasser absp\u00fclen.<\/p>\n<p>Komposition<\/p>\n<p>Enth\u00e4lt 95 % Inhaltsstoffe nat\u00fcrlichen Ursprungs: Rosenbl\u00fctenwasser Skin-Respect Complex 100 % pflanzlichen Ursprungs Reinigungsmittel nat\u00fcrlichen Ursprungs aus Kokosnuss, Mais usw. Formel ohne Inhaltsstoffe oder Derivate tierischen Ursprungs. AQUA\/WASSER, COCO-CAPRYLAT\/CAPRAT, ROSA DAMASCENA BLUMENWASSER, GLYCERIN, C12-15 ALKYL BENZOAT, COCO-GLUCOSID, BENZYLALKOHOL, ACRYLATE\/C10-30 ALKYL ACRYLAT CROSSPOLYMER, PARFUM\/DUFT, PHENOXYETHANOL, CAPRYLOYL GLYCINE, UM GLUCONAT , XYLITYLGLUCOSID, NATRIUMHYDROXID, NATRIUMSTEAROYLGLUTAMAT, ANHYDROXYLITOL, ZITRONENS\u00c4URE, CARBOMER, HELIANTHUS ANNUUS (SONNENBLUMEN)-SAMEN\u00d6L, XYLITOL, DEHYDROESSIGS\u00c4URE, LITHOSPERMUM ERYTHRORHIZON-WURZEL-EXTRAKT, SIMMONDSIA CHINENSIS (JOJOBA)-SAMEN\u00d6L, CI TRONELLOL [N4108\/A].<\/p>","protected":false},"excerpt":{"rendered":"<p>Indikation Cremige Make-up-Entfernermilch. Verwenden Morgens und\/oder abends mit einem Wattepad auftragen oder die Milch direkt mit den Fingerspitzen auftragen, sanft einmassieren und dann mit lauwarmem Wasser absp\u00fclen. Komposition Enth\u00e4lt 95 % Inhaltsstoffe nat\u00fcrlichen Ursprungs: Rosenbl\u00fctenwasser Skin-Respect Complex 100 % pflanzlichen Ursprungs Reinigungsmittel nat\u00fcrlichen Ursprungs aus Kokosnuss, Mais usw. Formel ohne Inhaltsstoffe oder Derivate tierischen Ursprungs. [&hellip;]<\/p>\n","protected":false},"featured_media":44843,"template":"","meta":{"_acf_changed":false,"footnotes":""},"product_brand":[],"product_cat":[42,761],"product_tag":[],"class_list":{"0":"post-44841","1":"product","2":"type-product","3":"status-publish","4":"has-post-thumbnail","6":"product_cat-para-pharmacie","7":"product_cat-demaquillant-eau-micellaire-tonique","9":"first","10":"instock","11":"taxable","12":"shipping-taxable","13":"purchasable","14":"product-type-simple"},"acf":[],"_links":{"self":[{"href":"https:\/\/www.pharmacieonline.lu\/de\/wp-json\/wp\/v2\/product\/44841","targetHints":{"allow":["GET"]}}],"collection":[{"href":"https:\/\/www.pharmacieonline.lu\/de\/wp-json\/wp\/v2\/product"}],"about":[{"href":"https:\/\/www.pharmacieonline.lu\/de\/wp-json\/wp\/v2\/types\/product"}],"version-history":[{"count":0,"href":"https:\/\/www.pharmacieonline.lu\/de\/wp-json\/wp\/v2\/product\/44841\/revisions"}],"wp:featuredmedia":[{"embeddable":true,"href":"https:\/\/www.pharmacieonline.lu\/de\/wp-json\/wp\/v2\/media\/44843"}],"wp:attachment":[{"href":"https:\/\/www.pharmacieonline.lu\/de\/wp-json\/wp\/v2\/media?parent=44841"}],"wp:term":[{"taxonomy":"product_brand","embeddable":true,"href":"https:\/\/www.pharmacieonline.lu\/de\/wp-json\/wp\/v2\/product_brand?post=44841"},{"taxonomy":"product_cat","embeddable":true,"href":"https:\/\/www.pharmacieonline.lu\/de\/wp-json\/wp\/v2\/product_cat?post=44841"},{"taxonomy":"product_tag","embeddable":true,"href":"https:\/\/www.pharmacieonline.lu\/de\/wp-json\/wp\/v2\/product_tag?post=44841"}],"curies":[{"name":"wp","href":"https:\/\/api.w.org\/{rel}","templated":true}]}}