{"id":44999,"date":"2024-05-09T12:14:04","date_gmt":"2024-05-09T10:14:04","guid":{"rendered":"https:\/\/www.pharmacieonline.lu\/?post_type=product&#038;p=44999"},"modified":"2026-04-04T19:55:10","modified_gmt":"2026-04-04T17:55:10","slug":"biolys-guarana-the-vert-fr-exot-duo2x24","status":"publish","type":"product","link":"https:\/\/www.pharmacieonline.lu\/de\/produit\/biolys-guarana-the-vert-fr-exot-duo2x24\/","title":{"rendered":"BIOLYS GUARANA THE VERT FR EXOT DUO2X24"},"content":{"rendered":"<p>INDIKATION<\/p>\n<p>Abnehmen.<\/p>\n<p>VERWENDEN<\/p>\n<p>Erwachsene &amp; Kinder ab 6 Jahren:<br \/>\n1 bis 3 Tassen pro Tag.<\/p>\n<p>KOMPOSITION<\/p>\n<p>Gr\u00fcner Tee, Rosmarin, Zitronengras, M\u00e4des\u00fc\u00df, Hagebutte, Guarana, Ingwer, nat\u00fcrliche Aromen von Ananas und exotischen Fr\u00fcchten, exotisches \u00e4therisches Eisenkraut\u00f6l.<\/p>","protected":false},"excerpt":{"rendered":"<p>INDIKATION Abnehmen. VERWENDEN Erwachsene &amp; Kinder ab 6 Jahren: 1 bis 3 Tassen pro Tag. KOMPOSITION Gr\u00fcner Tee, Rosmarin, Zitronengras, M\u00e4des\u00fc\u00df, Hagebutte, Guarana, Ingwer, nat\u00fcrliche Aromen von Ananas und exotischen Fr\u00fcchten, exotisches \u00e4therisches Eisenkraut\u00f6l.<\/p>\n","protected":false},"featured_media":45000,"template":"","meta":{"_acf_changed":false,"footnotes":""},"product_brand":[],"product_cat":[42,63,49,1041],"product_tag":[],"class_list":{"0":"post-44999","1":"product","2":"type-product","3":"status-publish","4":"has-post-thumbnail","6":"product_cat-para-pharmacie","7":"product_cat-produits-aminicissants","8":"product_cat-minceurs","9":"product_cat-tisanes","11":"first","12":"outofstock","13":"taxable","14":"shipping-taxable","15":"purchasable","16":"product-type-simple"},"acf":[],"_links":{"self":[{"href":"https:\/\/www.pharmacieonline.lu\/de\/wp-json\/wp\/v2\/product\/44999","targetHints":{"allow":["GET"]}}],"collection":[{"href":"https:\/\/www.pharmacieonline.lu\/de\/wp-json\/wp\/v2\/product"}],"about":[{"href":"https:\/\/www.pharmacieonline.lu\/de\/wp-json\/wp\/v2\/types\/product"}],"version-history":[{"count":0,"href":"https:\/\/www.pharmacieonline.lu\/de\/wp-json\/wp\/v2\/product\/44999\/revisions"}],"wp:featuredmedia":[{"embeddable":true,"href":"https:\/\/www.pharmacieonline.lu\/de\/wp-json\/wp\/v2\/media\/45000"}],"wp:attachment":[{"href":"https:\/\/www.pharmacieonline.lu\/de\/wp-json\/wp\/v2\/media?parent=44999"}],"wp:term":[{"taxonomy":"product_brand","embeddable":true,"href":"https:\/\/www.pharmacieonline.lu\/de\/wp-json\/wp\/v2\/product_brand?post=44999"},{"taxonomy":"product_cat","embeddable":true,"href":"https:\/\/www.pharmacieonline.lu\/de\/wp-json\/wp\/v2\/product_cat?post=44999"},{"taxonomy":"product_tag","embeddable":true,"href":"https:\/\/www.pharmacieonline.lu\/de\/wp-json\/wp\/v2\/product_tag?post=44999"}],"curies":[{"name":"wp","href":"https:\/\/api.w.org\/{rel}","templated":true}]}}