{"id":45005,"date":"2024-05-10T17:32:57","date_gmt":"2024-05-10T15:32:57","guid":{"rendered":"https:\/\/www.pharmacieonline.lu\/?post_type=product&#038;p=45005"},"modified":"2026-04-09T03:55:18","modified_gmt":"2026-04-09T01:55:18","slug":"filorga-sol-micellaire-skin-prep-400ml","status":"publish","type":"product","link":"https:\/\/www.pharmacieonline.lu\/de\/produit\/filorga-sol-micellaire-skin-prep-400ml\/","title":{"rendered":"FILORGA SOL MICELLAIRE SKIN PREP 400ML"},"content":{"rendered":"<p>NOTIZ:<\/p>\n<p>Angereichert mit feuchtigkeitsspendenden und beruhigenden Wirkstoffen [Trehalose + Rhamnose] f\u00fcr eine j\u00fcnger aussehende Haut hinterl\u00e4sst es ein perfekt gereinigtes Gesicht und die Haut ist bereit f\u00fcr die t\u00e4gliche Pflege.<\/p>\n<p>VERWENDEN :<\/p>\n<p>Morgens und\/oder abends mit einem Wattepad die Anwendung auf dem Gesicht wiederholen, bis das Wattepad sauber ist.<\/p>\n<p>KOMPOSITION :<\/p>\n<p>AQUA (WASSER, EAU), PROPANEDIOL, NATRIUMCITRAT, TREHALOSE, DISODIUM EDTA,<br \/>\nPEG-6-CAPRYL-\/CAPRIC-GLYCERIDE, ZINK-PCA, CETRIMONIUM, BROMID, ZITRONENS\u00c4URE, RHAMNOSE, GLUKOSE, GLUCURONS\u00c4URE.<\/p>","protected":false},"excerpt":{"rendered":"<p>NOTIZ: Angereichert mit feuchtigkeitsspendenden und beruhigenden Wirkstoffen [Trehalose + Rhamnose] f\u00fcr eine j\u00fcnger aussehende Haut hinterl\u00e4sst es ein perfekt gereinigtes Gesicht und die Haut ist bereit f\u00fcr die t\u00e4gliche Pflege. VERWENDEN : Morgens und\/oder abends mit einem Wattepad die Anwendung auf dem Gesicht wiederholen, bis das Wattepad sauber ist. KOMPOSITION : AQUA (WASSER, EAU), PROPANEDIOL, [&hellip;]<\/p>\n","protected":false},"featured_media":45006,"template":"","meta":{"_acf_changed":false,"footnotes":""},"product_brand":[],"product_cat":[47,42,761,54],"product_tag":[],"class_list":{"0":"post-45005","1":"product","2":"type-product","3":"status-publish","4":"has-post-thumbnail","6":"product_cat-dermocosmetique","7":"product_cat-para-pharmacie","8":"product_cat-demaquillant-eau-micellaire-tonique","9":"product_cat-soins-du-visage","11":"first","12":"instock","13":"taxable","14":"shipping-taxable","15":"purchasable","16":"product-type-simple"},"acf":[],"_links":{"self":[{"href":"https:\/\/www.pharmacieonline.lu\/de\/wp-json\/wp\/v2\/product\/45005","targetHints":{"allow":["GET"]}}],"collection":[{"href":"https:\/\/www.pharmacieonline.lu\/de\/wp-json\/wp\/v2\/product"}],"about":[{"href":"https:\/\/www.pharmacieonline.lu\/de\/wp-json\/wp\/v2\/types\/product"}],"version-history":[{"count":0,"href":"https:\/\/www.pharmacieonline.lu\/de\/wp-json\/wp\/v2\/product\/45005\/revisions"}],"wp:featuredmedia":[{"embeddable":true,"href":"https:\/\/www.pharmacieonline.lu\/de\/wp-json\/wp\/v2\/media\/45006"}],"wp:attachment":[{"href":"https:\/\/www.pharmacieonline.lu\/de\/wp-json\/wp\/v2\/media?parent=45005"}],"wp:term":[{"taxonomy":"product_brand","embeddable":true,"href":"https:\/\/www.pharmacieonline.lu\/de\/wp-json\/wp\/v2\/product_brand?post=45005"},{"taxonomy":"product_cat","embeddable":true,"href":"https:\/\/www.pharmacieonline.lu\/de\/wp-json\/wp\/v2\/product_cat?post=45005"},{"taxonomy":"product_tag","embeddable":true,"href":"https:\/\/www.pharmacieonline.lu\/de\/wp-json\/wp\/v2\/product_tag?post=45005"}],"curies":[{"name":"wp","href":"https:\/\/api.w.org\/{rel}","templated":true}]}}