{"id":45016,"date":"2024-05-10T18:15:41","date_gmt":"2024-05-10T16:15:41","guid":{"rendered":"https:\/\/www.pharmacieonline.lu\/?post_type=product&#038;p=45016"},"modified":"2026-04-11T12:25:23","modified_gmt":"2026-04-11T10:25:23","slug":"filorga-creme-exfol-enzym-skin-prep-75ml","status":"publish","type":"product","link":"https:\/\/www.pharmacieonline.lu\/de\/produit\/filorga-creme-exfol-enzym-skin-prep-75ml\/","title":{"rendered":"FILORGA CREME EXFOL ENZYM SKIN PREP 75ML"},"content":{"rendered":"<p>NOTIZ:<\/p>\n<p>Reinigt gr\u00fcndlich, befreit die Poren und verengt sie.<\/p>\n<p>VERWENDEN :<\/p>\n<p>2 Mal pro Woche anwenden. Vermeiden Sie die Augenpartie.<\/p>\n<p>KOMPOSITION :<\/p>\n<p>AQUA (WASSER, EAU), GLYCERIN, HELIANTHUS ANNUUS (SONNENBLUMEN)-SAMEN\u00d6L, HYDROGENIERTES PFLANZLICHES \u00d6L, GLUCOMANNAN, PROPANDIOL, NIACINAMID, Bimsstein, CETEARYL<br \/>\nALKOHOL, NATRIUMPOLYACRYLATST\u00c4RKE, NATRIUMSTEARAOYLGLUTAMAT, COCO-GLUCOSID, CI 77163 (WISMUTOXYCHLORID), ZITRONENS\u00c4URE, PARFUM (DUFT), NATRIUMBENZOAT,<br \/>\nTOCOPHERYLACETAT, ACACIA SENEGAL GUM, SCHELLACK,<\/p>","protected":false},"excerpt":{"rendered":"<p>NOTIZ: Reinigt gr\u00fcndlich, befreit die Poren und verengt sie. VERWENDEN : 2 Mal pro Woche anwenden. Vermeiden Sie die Augenpartie. KOMPOSITION : AQUA (WASSER, EAU), GLYCERIN, HELIANTHUS ANNUUS (SONNENBLUMEN)-SAMEN\u00d6L, HYDROGENIERTES PFLANZLICHES \u00d6L, GLUCOMANNAN, PROPANDIOL, NIACINAMID, Bimsstein, CETEARYL ALKOHOL, NATRIUMPOLYACRYLATST\u00c4RKE, NATRIUMSTEARAOYLGLUTAMAT, COCO-GLUCOSID, CI 77163 (WISMUTOXYCHLORID), ZITRONENS\u00c4URE, PARFUM (DUFT), NATRIUMBENZOAT, TOCOPHERYLACETAT, ACACIA SENEGAL GUM, SCHELLACK,<\/p>\n","protected":false},"featured_media":45017,"template":"","meta":{"_acf_changed":false,"footnotes":""},"product_brand":[],"product_cat":[47,763,761,54],"product_tag":[],"class_list":{"0":"post-45016","1":"product","2":"type-product","3":"status-publish","4":"has-post-thumbnail","6":"product_cat-dermocosmetique","7":"product_cat-maquillages","8":"product_cat-demaquillant-eau-micellaire-tonique","9":"product_cat-soins-du-visage","11":"first","12":"instock","13":"taxable","14":"shipping-taxable","15":"purchasable","16":"product-type-simple"},"acf":[],"_links":{"self":[{"href":"https:\/\/www.pharmacieonline.lu\/de\/wp-json\/wp\/v2\/product\/45016","targetHints":{"allow":["GET"]}}],"collection":[{"href":"https:\/\/www.pharmacieonline.lu\/de\/wp-json\/wp\/v2\/product"}],"about":[{"href":"https:\/\/www.pharmacieonline.lu\/de\/wp-json\/wp\/v2\/types\/product"}],"version-history":[{"count":0,"href":"https:\/\/www.pharmacieonline.lu\/de\/wp-json\/wp\/v2\/product\/45016\/revisions"}],"wp:featuredmedia":[{"embeddable":true,"href":"https:\/\/www.pharmacieonline.lu\/de\/wp-json\/wp\/v2\/media\/45017"}],"wp:attachment":[{"href":"https:\/\/www.pharmacieonline.lu\/de\/wp-json\/wp\/v2\/media?parent=45016"}],"wp:term":[{"taxonomy":"product_brand","embeddable":true,"href":"https:\/\/www.pharmacieonline.lu\/de\/wp-json\/wp\/v2\/product_brand?post=45016"},{"taxonomy":"product_cat","embeddable":true,"href":"https:\/\/www.pharmacieonline.lu\/de\/wp-json\/wp\/v2\/product_cat?post=45016"},{"taxonomy":"product_tag","embeddable":true,"href":"https:\/\/www.pharmacieonline.lu\/de\/wp-json\/wp\/v2\/product_tag?post=45016"}],"curies":[{"name":"wp","href":"https:\/\/api.w.org\/{rel}","templated":true}]}}