{"id":45020,"date":"2024-05-10T18:28:49","date_gmt":"2024-05-10T16:28:49","guid":{"rendered":"https:\/\/www.pharmacieonline.lu\/?post_type=product&#038;p=45020"},"modified":"2026-04-09T01:55:08","modified_gmt":"2026-04-08T23:55:08","slug":"filorga-huile-demaq-nourr-skin-prep150ml","status":"publish","type":"product","link":"https:\/\/www.pharmacieonline.lu\/de\/produit\/filorga-huile-demaq-nourr-skin-prep150ml\/","title":{"rendered":"FILORGA HUILE DEMAQ NOURR SKIN PREP150ML"},"content":{"rendered":"<p>NOTIZ:<\/p>\n<p>Perfecting Makeup Remover Oil ist ein Gesichtsreiniger, der Make-up, einschlie\u00dflich wasserfestem Make-up, effektiv aufl\u00f6st und gleichzeitig \u00fcbersch\u00fcssigen Talg entfernt sowie die Haut n\u00e4hrt und beruhigt.<\/p>\n<p>VERWENDEN :<\/p>\n<p>Auf trockener Haut mit Wasser emulgieren und absp\u00fclen.<\/p>\n<p>KOMPOSITION :<\/p>\n<p>HELIANTHUS ANNUUS (SONNENBLUMEN)-SAMEN\u00d6L, DECYLOLEAT, POLYGLYCERYL-4-OLEAT,<br \/>\nPOLYGLYCERYL-2-SESQUIOLEAT, AQUA (WASSER, EAU), TOCOPHEROL, HYDROGENIERTE PALMGLYCERIDE CITRAT.<\/p>","protected":false},"excerpt":{"rendered":"<p>NOTIZ: Perfecting Makeup Remover Oil ist ein Gesichtsreiniger, der Make-up, einschlie\u00dflich wasserfestem Make-up, effektiv aufl\u00f6st und gleichzeitig \u00fcbersch\u00fcssigen Talg entfernt sowie die Haut n\u00e4hrt und beruhigt. VERWENDEN : Auf trockener Haut mit Wasser emulgieren und absp\u00fclen. KOMPOSITION : HELIANTHUS ANNUUS (SONNENBLUMEN)-SAMEN\u00d6L, DECYLOLEAT, POLYGLYCERYL-4-OLEAT, POLYGLYCERYL-2-SESQUIOLEAT, AQUA (WASSER, EAU), TOCOPHEROL, HYDROGENIERTE PALMGLYCERIDE CITRAT.<\/p>\n","protected":false},"featured_media":45021,"template":"","meta":{"_acf_changed":false,"footnotes":""},"product_brand":[],"product_cat":[47,763,761,54],"product_tag":[],"class_list":{"0":"post-45020","1":"product","2":"type-product","3":"status-publish","4":"has-post-thumbnail","6":"product_cat-dermocosmetique","7":"product_cat-maquillages","8":"product_cat-demaquillant-eau-micellaire-tonique","9":"product_cat-soins-du-visage","11":"first","12":"instock","13":"taxable","14":"shipping-taxable","15":"purchasable","16":"product-type-simple"},"acf":[],"_links":{"self":[{"href":"https:\/\/www.pharmacieonline.lu\/de\/wp-json\/wp\/v2\/product\/45020","targetHints":{"allow":["GET"]}}],"collection":[{"href":"https:\/\/www.pharmacieonline.lu\/de\/wp-json\/wp\/v2\/product"}],"about":[{"href":"https:\/\/www.pharmacieonline.lu\/de\/wp-json\/wp\/v2\/types\/product"}],"version-history":[{"count":0,"href":"https:\/\/www.pharmacieonline.lu\/de\/wp-json\/wp\/v2\/product\/45020\/revisions"}],"wp:featuredmedia":[{"embeddable":true,"href":"https:\/\/www.pharmacieonline.lu\/de\/wp-json\/wp\/v2\/media\/45021"}],"wp:attachment":[{"href":"https:\/\/www.pharmacieonline.lu\/de\/wp-json\/wp\/v2\/media?parent=45020"}],"wp:term":[{"taxonomy":"product_brand","embeddable":true,"href":"https:\/\/www.pharmacieonline.lu\/de\/wp-json\/wp\/v2\/product_brand?post=45020"},{"taxonomy":"product_cat","embeddable":true,"href":"https:\/\/www.pharmacieonline.lu\/de\/wp-json\/wp\/v2\/product_cat?post=45020"},{"taxonomy":"product_tag","embeddable":true,"href":"https:\/\/www.pharmacieonline.lu\/de\/wp-json\/wp\/v2\/product_tag?post=45020"}],"curies":[{"name":"wp","href":"https:\/\/api.w.org\/{rel}","templated":true}]}}