{"id":45141,"date":"2024-05-24T09:50:13","date_gmt":"2024-05-24T07:50:13","guid":{"rendered":"https:\/\/www.pharmacieonline.lu\/?post_type=product&#038;p=45141"},"modified":"2026-04-09T01:55:08","modified_gmt":"2026-04-08T23:55:08","slug":"caudalie-vinohydra-gelee-60ml","status":"publish","type":"product","link":"https:\/\/www.pharmacieonline.lu\/de\/produit\/caudalie-vinohydra-gelee-60ml\/","title":{"rendered":"CAUDALIE VINOHYDRA GELEE 60ML"},"content":{"rendered":"<p>VinoHydra Moisturizing Jelly wirkt wie ein echtes nat\u00fcrliches Feuchtigkeitspflaster.<\/p>\n<p>Nach der Anwendung wird die Haut sofort geschmeidiger, als ob sie mit Wasser gef\u00fcllt w\u00e4re, und der Teint frischer.<\/p>\n<p>INDIKATION<\/p>\n<p>Alle Hauttypen.<\/p>\n<p>VERWENDEN<\/p>\n<p>Morgens und abends allein oder nach dem Serum auf Gesicht und Hals auftragen.<\/p>\n<p>KOMPOSITION<\/p>\n<p>Aqua\/Wasser\/Eau, Glycerin, Vitis vinifera (Traube) Fruchtwasser, Isostearylisostearat, Octyldodecylmyristat, Squalan, mikrokristalline Cellulose, Capryl-\/Capric-Triglycerid, Benzylalkohol, Xanthangummi, Carbomer, Cellulosegummi, Caprylylglykol, Vitis vinifera (Traube). ) ) Saft, Natriumhyaluronat, Natriumhydroxid, Aloe Barbadensis-Blattsaftpulver, Helianthus Annuus (Sonnenblumen)-Samen\u00f6l, Tocopherol, Zitronens\u00e4ure, Dehydroessigs\u00e4ure, Natriumphytat, Natriumcarboxymethyl-Beta-Glucan, Natriumbenzoat, Kaliumsorbat, Parf\u00fcm (Duftstoff). ) .(288\/048)<\/p>","protected":false},"excerpt":{"rendered":"<p>VinoHydra Moisturizing Jelly wirkt wie ein echtes nat\u00fcrliches Feuchtigkeitspflaster. Nach der Anwendung wird die Haut sofort geschmeidiger, als ob sie mit Wasser gef\u00fcllt w\u00e4re, und der Teint frischer. INDIKATION Alle Hauttypen. VERWENDEN Morgens und abends allein oder nach dem Serum auf Gesicht und Hals auftragen. KOMPOSITION Aqua\/Wasser\/Eau, Glycerin, Vitis vinifera (Traube) Fruchtwasser, Isostearylisostearat, Octyldodecylmyristat, Squalan, [&hellip;]<\/p>\n","protected":false},"featured_media":45142,"template":"","meta":{"_acf_changed":false,"footnotes":""},"product_brand":[],"product_cat":[47,42,54],"product_tag":[],"class_list":{"0":"post-45141","1":"product","2":"type-product","3":"status-publish","4":"has-post-thumbnail","6":"product_cat-dermocosmetique","7":"product_cat-para-pharmacie","8":"product_cat-soins-du-visage","10":"first","11":"outofstock","12":"taxable","13":"shipping-taxable","14":"purchasable","15":"product-type-simple"},"acf":[],"_links":{"self":[{"href":"https:\/\/www.pharmacieonline.lu\/de\/wp-json\/wp\/v2\/product\/45141","targetHints":{"allow":["GET"]}}],"collection":[{"href":"https:\/\/www.pharmacieonline.lu\/de\/wp-json\/wp\/v2\/product"}],"about":[{"href":"https:\/\/www.pharmacieonline.lu\/de\/wp-json\/wp\/v2\/types\/product"}],"version-history":[{"count":0,"href":"https:\/\/www.pharmacieonline.lu\/de\/wp-json\/wp\/v2\/product\/45141\/revisions"}],"wp:featuredmedia":[{"embeddable":true,"href":"https:\/\/www.pharmacieonline.lu\/de\/wp-json\/wp\/v2\/media\/45142"}],"wp:attachment":[{"href":"https:\/\/www.pharmacieonline.lu\/de\/wp-json\/wp\/v2\/media?parent=45141"}],"wp:term":[{"taxonomy":"product_brand","embeddable":true,"href":"https:\/\/www.pharmacieonline.lu\/de\/wp-json\/wp\/v2\/product_brand?post=45141"},{"taxonomy":"product_cat","embeddable":true,"href":"https:\/\/www.pharmacieonline.lu\/de\/wp-json\/wp\/v2\/product_cat?post=45141"},{"taxonomy":"product_tag","embeddable":true,"href":"https:\/\/www.pharmacieonline.lu\/de\/wp-json\/wp\/v2\/product_tag?post=45141"}],"curies":[{"name":"wp","href":"https:\/\/api.w.org\/{rel}","templated":true}]}}