{"id":45430,"date":"2024-06-25T14:44:14","date_gmt":"2024-06-25T12:44:14","guid":{"rendered":"https:\/\/www.pharmacieonline.lu\/?post_type=product&#038;p=45430"},"modified":"2026-04-10T00:25:52","modified_gmt":"2026-04-09T22:25:52","slug":"waterwipes-on-the-go-lingettes-10","status":"publish","type":"product","link":"https:\/\/www.pharmacieonline.lu\/de\/produit\/waterwipes-on-the-go-lingettes-10\/","title":{"rendered":"WATERWIPES ON THE GO LINGETTES 10"},"content":{"rendered":"<p>INDIKATION<\/p>\n<p>Unsere On-the-Go-T\u00fccher helfen Ihnen, jeden Tag und bei jeder Gelegenheit frisch und sauber zu bleiben: beim Sport, auf Reisen und in einer Vielzahl anderer Situationen au\u00dferhalb des Hauses.<\/p>\n<p>VERWENDEN<\/p>\n<p>Verwenden Sie sie, um kleine versch\u00fcttete Fl\u00fcssigkeiten auf Haut und Kleidung zu entfernen und die Haut bei hei\u00dfem Wetter zu k\u00fchlen. Bewahren Sie sie in Ihrer Sporttasche oder Ihrem Auto auf, um unterwegs aufzur\u00e4umen.<\/p>\n<p>KOMPOSITION<\/p>\n<p>Unsere On-the-Go-T\u00fccher sind jetzt pflanzlich\u2020 und plastikfrei*.<\/p>\n<p>99 % Wasser, Tropfen Fruchtextrakt.<\/p>","protected":false},"excerpt":{"rendered":"<p>INDIKATION Unsere On-the-Go-T\u00fccher helfen Ihnen, jeden Tag und bei jeder Gelegenheit frisch und sauber zu bleiben: beim Sport, auf Reisen und in einer Vielzahl anderer Situationen au\u00dferhalb des Hauses. VERWENDEN Verwenden Sie sie, um kleine versch\u00fcttete Fl\u00fcssigkeiten auf Haut und Kleidung zu entfernen und die Haut bei hei\u00dfem Wetter zu k\u00fchlen. Bewahren Sie sie in [&hellip;]<\/p>\n","protected":false},"featured_media":45432,"template":"","meta":{"_acf_changed":false,"footnotes":""},"product_brand":[],"product_cat":[42,56],"product_tag":[],"class_list":{"0":"post-45430","1":"product","2":"type-product","3":"status-publish","4":"has-post-thumbnail","6":"product_cat-para-pharmacie","7":"product_cat-soins-du-corps","9":"first","10":"instock","11":"taxable","12":"shipping-taxable","13":"purchasable","14":"product-type-simple"},"acf":[],"_links":{"self":[{"href":"https:\/\/www.pharmacieonline.lu\/de\/wp-json\/wp\/v2\/product\/45430","targetHints":{"allow":["GET"]}}],"collection":[{"href":"https:\/\/www.pharmacieonline.lu\/de\/wp-json\/wp\/v2\/product"}],"about":[{"href":"https:\/\/www.pharmacieonline.lu\/de\/wp-json\/wp\/v2\/types\/product"}],"version-history":[{"count":0,"href":"https:\/\/www.pharmacieonline.lu\/de\/wp-json\/wp\/v2\/product\/45430\/revisions"}],"wp:featuredmedia":[{"embeddable":true,"href":"https:\/\/www.pharmacieonline.lu\/de\/wp-json\/wp\/v2\/media\/45432"}],"wp:attachment":[{"href":"https:\/\/www.pharmacieonline.lu\/de\/wp-json\/wp\/v2\/media?parent=45430"}],"wp:term":[{"taxonomy":"product_brand","embeddable":true,"href":"https:\/\/www.pharmacieonline.lu\/de\/wp-json\/wp\/v2\/product_brand?post=45430"},{"taxonomy":"product_cat","embeddable":true,"href":"https:\/\/www.pharmacieonline.lu\/de\/wp-json\/wp\/v2\/product_cat?post=45430"},{"taxonomy":"product_tag","embeddable":true,"href":"https:\/\/www.pharmacieonline.lu\/de\/wp-json\/wp\/v2\/product_tag?post=45430"}],"curies":[{"name":"wp","href":"https:\/\/api.w.org\/{rel}","templated":true}]}}