{"id":45629,"date":"2024-07-09T10:02:31","date_gmt":"2024-07-09T08:02:31","guid":{"rendered":"https:\/\/www.pharmacieonline.lu\/?post_type=product&#038;p=45629"},"modified":"2026-04-08T07:55:07","modified_gmt":"2026-04-08T05:55:07","slug":"nuxe-multifonction-bb-cream-dark-30ml","status":"publish","type":"product","link":"https:\/\/www.pharmacieonline.lu\/de\/produit\/nuxe-multifonction-bb-cream-dark-30ml\/","title":{"rendered":"NUXE MULTIFONCTION BB CREAM DARK 30ML"},"content":{"rendered":"<p>INDIKATION<\/p>\n<p>Sofortiger gesunder Glanzeffekt f\u00fcr eine gegl\u00e4ttete, weiche und strahlende Haut.<\/p>\n<p>VERWENDEN<\/p>\n<p>Nehmen Sie einen kleinen Tupfer der get\u00f6nten Pflege und verteilen Sie ihn in kleinen Strichen in der Mitte Ihres Gesichts (Stirn, Nase, Kinn). Anschlie\u00dfend die Textur nach und nach zur Au\u00dfenseite von Gesicht und Hals hin ausdehnen (dadurch wird der Abgrenzungseffekt vermieden).<\/p>\n<p>KOMPOSITION<\/p>\n<p>AQUA\/WASSER, COCO-CAPRYLAT\/CAPRAT, HELIANTHUS ANNUUS (SONNENBLUMEN)-SAMEN\u00d6L, PROPANEDIOL, GLYCERIN, PRUNUS AMYGDALUS DULCIS (S\u00dcSSE MANDEL) \u00d6L, BUTYROSPERMUM PARKII (SHEA) BUTTER, PENTYLEN GLYKOL, PARFUM\/DUFT, XYLITYLGLUCOSID, YL ALKOHOL, GLYCERYLBEHENAT, ANHYDROXYLITOL, LECITHIN, BENZYLALKOHOL, NATRIUMSTEAROYLGLUTAMAT, NATRIUMACRYLAT-COPOLYMER, GLYCERYLCARYLAT, XYLITOL, TOCOPHEROL, ZITRONENS\u00c4URE, MARIS-SALZ\/MEERSALZ, LINALOOL, GERANIOL, LIMONEN [+\/-CI 77891\/TITANDIOXID , CI 77492\/EISENOXIDE, CI 77491\/EISENOXIDE, CI 77499\/EISENOXIDE]. [N2224\/A]<\/p>","protected":false},"excerpt":{"rendered":"<p>INDIKATION Sofortiger gesunder Glanzeffekt f\u00fcr eine gegl\u00e4ttete, weiche und strahlende Haut. VERWENDEN Nehmen Sie einen kleinen Tupfer der get\u00f6nten Pflege und verteilen Sie ihn in kleinen Strichen in der Mitte Ihres Gesichts (Stirn, Nase, Kinn). Anschlie\u00dfend die Textur nach und nach zur Au\u00dfenseite von Gesicht und Hals hin ausdehnen (dadurch wird der Abgrenzungseffekt vermieden). KOMPOSITION [&hellip;]<\/p>\n","protected":false},"featured_media":45630,"template":"","meta":{"_acf_changed":false,"footnotes":""},"product_brand":[],"product_cat":[47,763,42],"product_tag":[],"class_list":{"0":"post-45629","1":"product","2":"type-product","3":"status-publish","4":"has-post-thumbnail","6":"product_cat-dermocosmetique","7":"product_cat-maquillages","8":"product_cat-para-pharmacie","10":"first","11":"outofstock","12":"taxable","13":"shipping-taxable","14":"purchasable","15":"product-type-simple"},"acf":[],"_links":{"self":[{"href":"https:\/\/www.pharmacieonline.lu\/de\/wp-json\/wp\/v2\/product\/45629","targetHints":{"allow":["GET"]}}],"collection":[{"href":"https:\/\/www.pharmacieonline.lu\/de\/wp-json\/wp\/v2\/product"}],"about":[{"href":"https:\/\/www.pharmacieonline.lu\/de\/wp-json\/wp\/v2\/types\/product"}],"version-history":[{"count":0,"href":"https:\/\/www.pharmacieonline.lu\/de\/wp-json\/wp\/v2\/product\/45629\/revisions"}],"wp:featuredmedia":[{"embeddable":true,"href":"https:\/\/www.pharmacieonline.lu\/de\/wp-json\/wp\/v2\/media\/45630"}],"wp:attachment":[{"href":"https:\/\/www.pharmacieonline.lu\/de\/wp-json\/wp\/v2\/media?parent=45629"}],"wp:term":[{"taxonomy":"product_brand","embeddable":true,"href":"https:\/\/www.pharmacieonline.lu\/de\/wp-json\/wp\/v2\/product_brand?post=45629"},{"taxonomy":"product_cat","embeddable":true,"href":"https:\/\/www.pharmacieonline.lu\/de\/wp-json\/wp\/v2\/product_cat?post=45629"},{"taxonomy":"product_tag","embeddable":true,"href":"https:\/\/www.pharmacieonline.lu\/de\/wp-json\/wp\/v2\/product_tag?post=45629"}],"curies":[{"name":"wp","href":"https:\/\/api.w.org\/{rel}","templated":true}]}}