{"id":45799,"date":"2024-07-12T16:53:50","date_gmt":"2024-07-12T14:53:50","guid":{"rendered":"https:\/\/www.pharmacieonline.lu\/?post_type=product&#038;p=45799"},"modified":"2026-04-02T04:26:30","modified_gmt":"2026-04-02T02:26:30","slug":"nan-sinergity-1-400g","status":"publish","type":"product","link":"https:\/\/www.pharmacieonline.lu\/de\/produit\/nan-sinergity-1-400g\/","title":{"rendered":"NAN SINERGITY 1 400G"},"content":{"rendered":"<p>INDIKATION<\/p>\n<p>Fr\u00fchmilch, bestimmt f\u00fcr die spezifische Ern\u00e4hrung von S\u00e4uglingen ab der Geburt, wenn diese nicht ausschlie\u00dflich gestillt werden.<\/p>\n<p>VERWENDEN<\/p>\n<p>1. Waschen Sie Ihre H\u00e4nde gr\u00fcndlich. Sterilisieren Sie Flasche, Ring und Sauger 5 Minuten lang in kochendem Wasser.<\/p>\n<p>2. Folgen Sie der Futtertabelle. Gie\u00dfen Sie zun\u00e4chst die angegebene Menge Wasser in die Flasche (ohne Kohlens\u00e4ure, leicht mineralisiert, zwischen 25 \u00b0C und 37 \u00b0C), geben Sie dann das Pulver mit dem mitgelieferten L\u00f6ffel hinzu und kratzen Sie das Pulver am Rand ab. Somit besteht keine Gefahr einer \u00dcberdosierung.<\/p>\n<p>3. Verschlie\u00dfen Sie die Flasche und sch\u00fctteln Sie sie kr\u00e4ftig, bis sie sich vollst\u00e4ndig aufgel\u00f6st hat. \u00dcberpr\u00fcfen Sie die Temperatur auf Ihrem Handr\u00fccken, bevor Sie Ihrem Baby die Flasche geben.<\/p>\n<p>4. Bewahren Sie den Messl\u00f6ffel nach Gebrauch an der Innenkante der Box aufgeh\u00e4ngt auf. Nach jedem Gebrauch sorgf\u00e4ltig verschlie\u00dfen und an einem trockenen, k\u00fchlen Ort aufbewahren. Den Inhalt der Packung innerhalb von 3 Wochen nach dem \u00d6ffnen verbrauchen.<\/p>\n<p>KOMPOSITION<\/p>\n<p>Laktose (Milch), Sonnenblumen\u00f6l mit hohem \u00d6ls\u00e4uregehalt, Molkenproteinisolat (Milch), Raps\u00f6l mit niedrigem Erucas\u00e4uregehalt, Molkenproteinkonzentrat (Milch), Sonnenblumen\u00f6l, Mischung 2&#8242;-Fucosyllactose\u00a0(2&#8242;-FL)\/Difucosyllactose\u00a0(DFL), Kaliumphosphat, Calciumcitrat, Cholinbitartrat, Kaliumchlorid, Magnesiumchlorid, Mortierella-alpina-\u00d6l, \u00d6l aus der Mikroalge Schizochytrium sp,\u00a0Lacto-N-tetraose (LNT), L-Arginin, 3&#8242;-Fucosyllactose\u00a0(3&#8242;-FL) , Natriumchlorid, Natriumsalz der 6&#8242;-Sialyllactose\u00a0(6&#8242;-SL), S\u00e4ureregulator: Zitronens\u00e4ure; L-Histidin, Vitamine (C, Niacin, Pantothens\u00e4ure, E, B2, B1, A, B6, Fols\u00e4ure, K, Biotin, D, B12), L-Phenylalanin, Natriumsalz der 3&#8242;-Sialyllactose (3&#8216;- SL), Inositol, Taurin, Eisensulfat, B.infantis LMG11588, L-Carnitin, Zinksulfat, Nukleotide, Kupfersulfat, B.lactis, Mangansulfat, Kaliumiodid, Natriumselenat.<\/p>","protected":false},"excerpt":{"rendered":"<p>INDIKATION Fr\u00fchmilch, bestimmt f\u00fcr die spezifische Ern\u00e4hrung von S\u00e4uglingen ab der Geburt, wenn diese nicht ausschlie\u00dflich gestillt werden. VERWENDEN 1. Waschen Sie Ihre H\u00e4nde gr\u00fcndlich. Sterilisieren Sie Flasche, Ring und Sauger 5 Minuten lang in kochendem Wasser. 2. Folgen Sie der Futtertabelle. Gie\u00dfen Sie zun\u00e4chst die angegebene Menge Wasser in die Flasche (ohne Kohlens\u00e4ure, leicht [&hellip;]<\/p>\n","protected":false},"featured_media":45801,"template":"","meta":{"_acf_changed":false,"footnotes":""},"product_brand":[],"product_cat":[117,119,44],"product_tag":[],"class_list":{"0":"post-45799","1":"product","2":"type-product","3":"status-publish","4":"has-post-thumbnail","6":"product_cat-alimentation","7":"product_cat-laits","8":"product_cat-bebe-maman","10":"first","11":"instock","12":"taxable","13":"shipping-taxable","14":"purchasable","15":"product-type-simple"},"acf":[],"_links":{"self":[{"href":"https:\/\/www.pharmacieonline.lu\/de\/wp-json\/wp\/v2\/product\/45799","targetHints":{"allow":["GET"]}}],"collection":[{"href":"https:\/\/www.pharmacieonline.lu\/de\/wp-json\/wp\/v2\/product"}],"about":[{"href":"https:\/\/www.pharmacieonline.lu\/de\/wp-json\/wp\/v2\/types\/product"}],"version-history":[{"count":0,"href":"https:\/\/www.pharmacieonline.lu\/de\/wp-json\/wp\/v2\/product\/45799\/revisions"}],"wp:featuredmedia":[{"embeddable":true,"href":"https:\/\/www.pharmacieonline.lu\/de\/wp-json\/wp\/v2\/media\/45801"}],"wp:attachment":[{"href":"https:\/\/www.pharmacieonline.lu\/de\/wp-json\/wp\/v2\/media?parent=45799"}],"wp:term":[{"taxonomy":"product_brand","embeddable":true,"href":"https:\/\/www.pharmacieonline.lu\/de\/wp-json\/wp\/v2\/product_brand?post=45799"},{"taxonomy":"product_cat","embeddable":true,"href":"https:\/\/www.pharmacieonline.lu\/de\/wp-json\/wp\/v2\/product_cat?post=45799"},{"taxonomy":"product_tag","embeddable":true,"href":"https:\/\/www.pharmacieonline.lu\/de\/wp-json\/wp\/v2\/product_tag?post=45799"}],"curies":[{"name":"wp","href":"https:\/\/api.w.org\/{rel}","templated":true}]}}