{"id":46010,"date":"2024-07-17T15:43:03","date_gmt":"2024-07-17T13:43:03","guid":{"rendered":"https:\/\/www.pharmacieonline.lu\/?post_type=product&#038;p=46010"},"modified":"2026-04-02T19:55:12","modified_gmt":"2026-04-02T17:55:12","slug":"filorga-oxygen-peel-150-ml","status":"publish","type":"product","link":"https:\/\/www.pharmacieonline.lu\/de\/produit\/filorga-oxygen-peel-150-ml\/","title":{"rendered":"FILORGA OXYGEN PEEL 150 ML"},"content":{"rendered":"<p>NOTIZ:<\/p>\n<p>OXYGEN-PEEL, die reoxidierende Mikropeeling-Gesichtspeelinglotion mit Hyalurons\u00e4ure f\u00fcr pralle Haut.<\/p>\n<p>Intensive Gl\u00e4ttung, ultra-frische Feuchtigkeitsversorgung, strahlende Reoxidation<\/p>\n<p>VERWENDEN :<\/p>\n<p>Abends mit einem Wattepad auf die gereinigte Haut auftragen. T\u00e4gliche Anwendung nach dem Abschminken. Vermeiden Sie die Augenpartie.<\/p>\n<p>KOMPOSITION :<\/p>\n<p>AQUA (WASSER) IUM EDTA, MANDELS\u00c4URE, PARFUM (DUFTSTOFF), SALICYLS\u00c4URE, TROPAEOLUM MAJUS BL\u00dcTEN-\/BLATT-\/STIEL-EXTRAKT, NATRIUMCHLORID, PHYTIN\u00c4URE, NATRIUMHYALURONAT, GLUKOSE, ETHYLHEXYLGLYCERIN, KALIUMCHLORID, CALCIUMCHLORID, MAGNESIUMSULFAT, GLUTAMIN , SODIUM PHOSPHATE, ASCORBIC AC ID, SODIUM ACETATE, LYSINE HCL, ARGININE HCL, ALANINE, HISTIDINE HCL, VALINE, LEUCINE, THREONINE, ISOLEUCINE, TRYPTOPHAN, PHENYLALANINE, TYROSINE, GLYCINE, POLYSORBATE 80, SERINE, CYSTINE, CYANOCOBALAMIN, GLUTATHIONE, ASPARAGINE , APARTINS\u00c4URE, ORNITHIN-HCL, MIC-S\u00c4URE, NICOTINAMIDDINUCLEOTID, PROLIN, METHIONIN, TAURIN, HYDROXYPROLIN, Glucosamin-HCL, COENZYM A, NATRIUMGLUCURONAT, THIAMIN-DIPHOSPHAT, RETINYLACETAT, INOSITOL, NIACIN, NIACINAMID, PYRIDOXIN-HCL, BIOTIN, CA LCIUMPANTOTHENAT , IN, NATRIUMTOCOPHERYLPHOSPHAT, THIAMIN-HCL, FOLS\u00c4URE<\/p>","protected":false},"excerpt":{"rendered":"<p>NOTIZ: OXYGEN-PEEL, die reoxidierende Mikropeeling-Gesichtspeelinglotion mit Hyalurons\u00e4ure f\u00fcr pralle Haut. Intensive Gl\u00e4ttung, ultra-frische Feuchtigkeitsversorgung, strahlende Reoxidation VERWENDEN : Abends mit einem Wattepad auf die gereinigte Haut auftragen. T\u00e4gliche Anwendung nach dem Abschminken. Vermeiden Sie die Augenpartie. KOMPOSITION : AQUA (WASSER) IUM EDTA, MANDELS\u00c4URE, PARFUM (DUFTSTOFF), SALICYLS\u00c4URE, TROPAEOLUM MAJUS BL\u00dcTEN-\/BLATT-\/STIEL-EXTRAKT, NATRIUMCHLORID, PHYTIN\u00c4URE, NATRIUMHYALURONAT, GLUKOSE, ETHYLHEXYLGLYCERIN, KALIUMCHLORID, [&hellip;]<\/p>\n","protected":false},"featured_media":46012,"template":"","meta":{"_acf_changed":false,"footnotes":""},"product_brand":[],"product_cat":[47,763,42,54],"product_tag":[],"class_list":{"0":"post-46010","1":"product","2":"type-product","3":"status-publish","4":"has-post-thumbnail","6":"product_cat-dermocosmetique","7":"product_cat-maquillages","8":"product_cat-para-pharmacie","9":"product_cat-soins-du-visage","11":"first","12":"instock","13":"taxable","14":"shipping-taxable","15":"purchasable","16":"product-type-simple"},"acf":[],"_links":{"self":[{"href":"https:\/\/www.pharmacieonline.lu\/de\/wp-json\/wp\/v2\/product\/46010","targetHints":{"allow":["GET"]}}],"collection":[{"href":"https:\/\/www.pharmacieonline.lu\/de\/wp-json\/wp\/v2\/product"}],"about":[{"href":"https:\/\/www.pharmacieonline.lu\/de\/wp-json\/wp\/v2\/types\/product"}],"version-history":[{"count":0,"href":"https:\/\/www.pharmacieonline.lu\/de\/wp-json\/wp\/v2\/product\/46010\/revisions"}],"wp:featuredmedia":[{"embeddable":true,"href":"https:\/\/www.pharmacieonline.lu\/de\/wp-json\/wp\/v2\/media\/46012"}],"wp:attachment":[{"href":"https:\/\/www.pharmacieonline.lu\/de\/wp-json\/wp\/v2\/media?parent=46010"}],"wp:term":[{"taxonomy":"product_brand","embeddable":true,"href":"https:\/\/www.pharmacieonline.lu\/de\/wp-json\/wp\/v2\/product_brand?post=46010"},{"taxonomy":"product_cat","embeddable":true,"href":"https:\/\/www.pharmacieonline.lu\/de\/wp-json\/wp\/v2\/product_cat?post=46010"},{"taxonomy":"product_tag","embeddable":true,"href":"https:\/\/www.pharmacieonline.lu\/de\/wp-json\/wp\/v2\/product_tag?post=46010"}],"curies":[{"name":"wp","href":"https:\/\/api.w.org\/{rel}","templated":true}]}}