{"id":46289,"date":"2024-07-19T10:50:55","date_gmt":"2024-07-19T08:50:55","guid":{"rendered":"https:\/\/www.pharmacieonline.lu\/?post_type=product&#038;p=46289"},"modified":"2026-04-12T18:55:10","modified_gmt":"2026-04-12T16:55:10","slug":"filorga-global-repair-elixir","status":"publish","type":"product","link":"https:\/\/www.pharmacieonline.lu\/de\/produit\/filorga-global-repair-elixir\/","title":{"rendered":"FILORGA GLOBAL REPAIR ELIXIR"},"content":{"rendered":"<p>NOTIZ:<\/p>\n<p>Diese au\u00dfergew\u00f6hnliche kosmetische Behandlung wirkt auf 3 Hautebenen und wirkt korrigierend auf die 10 Zeichen der Hautalterung ein: Falten, Festigkeit, Homogenit\u00e4t, Ausstrahlung, Mikrorelief, Elastizit\u00e4t, Ern\u00e4hrung, Spannkraft, Dichte, neu definierte Konturen.<\/p>\n<p>VERWENDEN :<\/p>\n<p>Morgens und abends einige Tropfen auf das gesamte Gesicht, den Hals und das Dekollet\u00e9 auftragen.<\/p>\n<p>KOMPOSITION :<\/p>\n<p>ISOPROPYLMYRISTAT, PROPYLENE GLYKOLDICAPRYLAT\/DICAPRAT, POLYGLYCERYL-3-DIISOSTEARAT, SESAMUM INDICUM (SESAM)-SAMEN\u00d6L, POLYSORBAT 80, AQUA (WASSER, EAU), CARAPA GUAIANENSIS-SAMEN\u00d6L, BRASSICA CAMPESTRIS (RAPS)-SAMEN\u00d6L, CAPRYL\/CAPRIC IDE , Pentylenglykol, C18-36-S\u00e4ure-Triglycerid, Parfum (Duft), Dimethylisosorbid, Jojobaester, C12-18-S\u00e4ure-Triglycerid, Squalene, Tabebuia-Impetinosa-Rindenextrakt, Borago offecinalis samen \u00f6l, oenothera-bise (Abend primis) \u00f6le, a oenothera bise (Abend primis \u00f6l (JOJOBA) Samen\u00f6l, Camellia Oleifera-Samen\u00f6l, Sesamum Indicum (Sesam)-Samenextrakt, Natriumchlorid, Tocopherol, Helianthus Annuus (Sonnenblumen)-Samen\u00f6l, Phytosteryl Macadamiate, Adenosin, Pistacia Lentiscus (Mastix) S, Glukose, rosa Damascena-Bl\u00fcten\u00f6l , Rosa Damascena Bl\u00fctenwasser, Chlorid Kalium, Chlorid Calcium, Magnesiumsulfat, Glutamin, Citronellol, Natriumphosphat, Ascorbins\u00e4ure, Natriumacetat, HCL Lysin, Arginin HCL, Alanin, Histidin HCL, Oleucin, TRYPTOPHAN, PHENYLALANIN, TYROSIN, GLYCIN, SERIN , CYSTIN, CYANOCOBALAMIN, GLUTATHION, ASPARAGIN, Asparagins\u00e4ure, ORNITHIN-HCL, GLUTAMIC-S\u00c4URE, NICOTINAMIDDINUCLEOTID, PROLIN, METHIONIN, TAURIN, HYDROXYPROLIN, GLUCOSAMIN-HCL, COENZYM A, DIUMGLUCURONAT, THIAMIN-DIPHOSPHAT, RETINYLACETAT, INOSIT OL, NIACIN, NIACINAMID , PYRIDOXIN-HCL, BIOTIN, CALCIUMPANTOTHENAT, RIBOFLAVIN, NATRIUMTOCOPHERYLPHOSPHAT, THIAMIN-HCL, FOLS\u00c4URE.<\/p>","protected":false},"excerpt":{"rendered":"<p>NOTIZ: Diese au\u00dfergew\u00f6hnliche kosmetische Behandlung wirkt auf 3 Hautebenen und wirkt korrigierend auf die 10 Zeichen der Hautalterung ein: Falten, Festigkeit, Homogenit\u00e4t, Ausstrahlung, Mikrorelief, Elastizit\u00e4t, Ern\u00e4hrung, Spannkraft, Dichte, neu definierte Konturen. VERWENDEN : Morgens und abends einige Tropfen auf das gesamte Gesicht, den Hals und das Dekollet\u00e9 auftragen. KOMPOSITION : ISOPROPYLMYRISTAT, PROPYLENE GLYKOLDICAPRYLAT\/DICAPRAT, POLYGLYCERYL-3-DIISOSTEARAT, SESAMUM [&hellip;]<\/p>\n","protected":false},"featured_media":46290,"template":"","meta":{"_acf_changed":false,"footnotes":""},"product_brand":[],"product_cat":[47,42,54],"product_tag":[],"class_list":{"0":"post-46289","1":"product","2":"type-product","3":"status-publish","4":"has-post-thumbnail","6":"product_cat-dermocosmetique","7":"product_cat-para-pharmacie","8":"product_cat-soins-du-visage","10":"first","11":"instock","12":"taxable","13":"shipping-taxable","14":"purchasable","15":"product-type-simple"},"acf":[],"_links":{"self":[{"href":"https:\/\/www.pharmacieonline.lu\/de\/wp-json\/wp\/v2\/product\/46289","targetHints":{"allow":["GET"]}}],"collection":[{"href":"https:\/\/www.pharmacieonline.lu\/de\/wp-json\/wp\/v2\/product"}],"about":[{"href":"https:\/\/www.pharmacieonline.lu\/de\/wp-json\/wp\/v2\/types\/product"}],"version-history":[{"count":0,"href":"https:\/\/www.pharmacieonline.lu\/de\/wp-json\/wp\/v2\/product\/46289\/revisions"}],"wp:featuredmedia":[{"embeddable":true,"href":"https:\/\/www.pharmacieonline.lu\/de\/wp-json\/wp\/v2\/media\/46290"}],"wp:attachment":[{"href":"https:\/\/www.pharmacieonline.lu\/de\/wp-json\/wp\/v2\/media?parent=46289"}],"wp:term":[{"taxonomy":"product_brand","embeddable":true,"href":"https:\/\/www.pharmacieonline.lu\/de\/wp-json\/wp\/v2\/product_brand?post=46289"},{"taxonomy":"product_cat","embeddable":true,"href":"https:\/\/www.pharmacieonline.lu\/de\/wp-json\/wp\/v2\/product_cat?post=46289"},{"taxonomy":"product_tag","embeddable":true,"href":"https:\/\/www.pharmacieonline.lu\/de\/wp-json\/wp\/v2\/product_tag?post=46289"}],"curies":[{"name":"wp","href":"https:\/\/api.w.org\/{rel}","templated":true}]}}