{"id":46366,"date":"2024-07-23T10:02:39","date_gmt":"2024-07-23T08:02:39","guid":{"rendered":"https:\/\/www.pharmacieonline.lu\/?post_type=product&#038;p=46366"},"modified":"2026-04-06T23:55:07","modified_gmt":"2026-04-06T21:55:07","slug":"widmer-creme-pro-active-light-50ml-parf","status":"publish","type":"product","link":"https:\/\/www.pharmacieonline.lu\/de\/produit\/widmer-creme-pro-active-light-50ml-parf\/","title":{"rendered":"WIDMER CREME PRO-ACTIVE LIGHT 50ML PARF"},"content":{"rendered":"<p>INDIKATION<\/p>\n<p>N\u00e4hrt, spendet Feuchtigkeit und regeneriert<\/p>\n<p>VERWENDEN<\/p>\n<p>Es wird als Nachtbehandlung f\u00fcr normale Haut oder Mischhaut verwendet.<\/p>\n<p>Nachdem Sie das Make-up sorgf\u00e4ltig von der Haut entfernt haben, tragen Sie es auf Gesicht und Hals auf.<\/p>\n<p>KOMPOSITION<\/p>\n<p>Aqua, Propylheptylcaprylat, Glycerin, Squalan, Polyglyceryl-4-diisostearat\/Polyhydroxystearat\/Sebacat, Panthenol, Magnesiumsulfat, Sorbit, Kollagenaminos\u00e4uren, hydrolysierte Hyalurons\u00e4ure, Tocopherylacetat, Retinylpalmitat, Tocopherol, Euphorbia Cerifera (Candelilla)-Wachs, hydrierter Rizinus \u00d6l, Propylenglykol, Pantolacton, Parfum, Phenoxyethanol, Ethylhexylglycerin. (FVN101016.0003)<\/p>","protected":false},"excerpt":{"rendered":"<p>INDIKATION N\u00e4hrt, spendet Feuchtigkeit und regeneriert VERWENDEN Es wird als Nachtbehandlung f\u00fcr normale Haut oder Mischhaut verwendet. Nachdem Sie das Make-up sorgf\u00e4ltig von der Haut entfernt haben, tragen Sie es auf Gesicht und Hals auf. KOMPOSITION Aqua, Propylheptylcaprylat, Glycerin, Squalan, Polyglyceryl-4-diisostearat\/Polyhydroxystearat\/Sebacat, Panthenol, Magnesiumsulfat, Sorbit, Kollagenaminos\u00e4uren, hydrolysierte Hyalurons\u00e4ure, Tocopherylacetat, Retinylpalmitat, Tocopherol, Euphorbia Cerifera (Candelilla)-Wachs, hydrierter Rizinus [&hellip;]<\/p>\n","protected":false},"featured_media":46367,"template":"","meta":{"_acf_changed":false,"footnotes":""},"product_brand":[],"product_cat":[47,42,54],"product_tag":[],"class_list":{"0":"post-46366","1":"product","2":"type-product","3":"status-publish","4":"has-post-thumbnail","6":"product_cat-dermocosmetique","7":"product_cat-para-pharmacie","8":"product_cat-soins-du-visage","10":"first","11":"outofstock","12":"taxable","13":"shipping-taxable","14":"purchasable","15":"product-type-simple"},"acf":[],"_links":{"self":[{"href":"https:\/\/www.pharmacieonline.lu\/de\/wp-json\/wp\/v2\/product\/46366","targetHints":{"allow":["GET"]}}],"collection":[{"href":"https:\/\/www.pharmacieonline.lu\/de\/wp-json\/wp\/v2\/product"}],"about":[{"href":"https:\/\/www.pharmacieonline.lu\/de\/wp-json\/wp\/v2\/types\/product"}],"version-history":[{"count":0,"href":"https:\/\/www.pharmacieonline.lu\/de\/wp-json\/wp\/v2\/product\/46366\/revisions"}],"wp:featuredmedia":[{"embeddable":true,"href":"https:\/\/www.pharmacieonline.lu\/de\/wp-json\/wp\/v2\/media\/46367"}],"wp:attachment":[{"href":"https:\/\/www.pharmacieonline.lu\/de\/wp-json\/wp\/v2\/media?parent=46366"}],"wp:term":[{"taxonomy":"product_brand","embeddable":true,"href":"https:\/\/www.pharmacieonline.lu\/de\/wp-json\/wp\/v2\/product_brand?post=46366"},{"taxonomy":"product_cat","embeddable":true,"href":"https:\/\/www.pharmacieonline.lu\/de\/wp-json\/wp\/v2\/product_cat?post=46366"},{"taxonomy":"product_tag","embeddable":true,"href":"https:\/\/www.pharmacieonline.lu\/de\/wp-json\/wp\/v2\/product_tag?post=46366"}],"curies":[{"name":"wp","href":"https:\/\/api.w.org\/{rel}","templated":true}]}}