{"id":46372,"date":"2024-07-23T10:19:23","date_gmt":"2024-07-23T08:19:23","guid":{"rendered":"https:\/\/www.pharmacieonline.lu\/?post_type=product&#038;p=46372"},"modified":"2026-04-10T10:55:15","modified_gmt":"2026-04-10T08:55:15","slug":"widmer-remederm-creme-250-g-parf","status":"publish","type":"product","link":"https:\/\/www.pharmacieonline.lu\/de\/produit\/widmer-remederm-creme-250-g-parf\/","title":{"rendered":"WIDMER REMEDERM CREME 250 G PARF"},"content":{"rendered":"<p>NOTIZ:<\/p>\n<p>Es ist sowohl f\u00fcr Kinder als auch f\u00fcr \u00e4ltere Menschen geeignet.<br \/>\nSpeziell f\u00fcr sehr trockene, raue und gereizte Haut entwickelt.<br \/>\nSt\u00e4rkt die Funktion der Hautbarriere, normalisiert die Verhornung und sch\u00fctzt vor \u00e4u\u00dferen Einfl\u00fcssen.<br \/>\nLeicht parf\u00fcmiert.<\/p>\n<p>VERWENDEN :<\/p>\n<p>Ein- bis zweimal t\u00e4glich einmassieren.<\/p>\n<p>KOMPOSITION :<\/p>\n<p>Aqua, Capryl-\/Caprins\u00e4uretriglycerid, Decyloleat, Ethylhexylstearat, Glycerin, Dicaprylylether, Harnstoff, Isopropylisostearat, Polyglyceryl-3-Ricinoleat, Panthenol, Sorbitanisostearat, Sorbit, Methylpropandiol, Euphorbia Cerifera (Candelilla)-Wachs, Tocopherylacetat, Kollagenaminos\u00e4uren , Tocopherol, Retinylpalmitat, Magnesiumstearat, Polyglyceryl-3-Polyricinoleat, Propylenglykol, Caprylylglykol, Magnesiumsulfat, Pantolacton, Milchs\u00e4ure, Parfum, Benzylsalicylat, Linalool, Acetylcedren, Hexylzimt, Linalylacetat, Limonen, Alpha-Isomethylionon , Terpineol, Geranylacetat, Pinen, Phenoxyethanol, Ethylhexylglycerin.<\/p>","protected":false},"excerpt":{"rendered":"<p>NOTIZ: Es ist sowohl f\u00fcr Kinder als auch f\u00fcr \u00e4ltere Menschen geeignet. Speziell f\u00fcr sehr trockene, raue und gereizte Haut entwickelt. St\u00e4rkt die Funktion der Hautbarriere, normalisiert die Verhornung und sch\u00fctzt vor \u00e4u\u00dferen Einfl\u00fcssen. Leicht parf\u00fcmiert. VERWENDEN : Ein- bis zweimal t\u00e4glich einmassieren. KOMPOSITION : Aqua, Capryl-\/Caprins\u00e4uretriglycerid, Decyloleat, Ethylhexylstearat, Glycerin, Dicaprylylether, Harnstoff, Isopropylisostearat, Polyglyceryl-3-Ricinoleat, Panthenol, [&hellip;]<\/p>\n","protected":false},"featured_media":46376,"template":"","meta":{"_acf_changed":false,"footnotes":""},"product_brand":[],"product_cat":[47,42,56],"product_tag":[],"class_list":{"0":"post-46372","1":"product","2":"type-product","3":"status-publish","4":"has-post-thumbnail","6":"product_cat-dermocosmetique","7":"product_cat-para-pharmacie","8":"product_cat-soins-du-corps","10":"first","11":"outofstock","12":"taxable","13":"shipping-taxable","14":"purchasable","15":"product-type-simple"},"acf":[],"_links":{"self":[{"href":"https:\/\/www.pharmacieonline.lu\/de\/wp-json\/wp\/v2\/product\/46372","targetHints":{"allow":["GET"]}}],"collection":[{"href":"https:\/\/www.pharmacieonline.lu\/de\/wp-json\/wp\/v2\/product"}],"about":[{"href":"https:\/\/www.pharmacieonline.lu\/de\/wp-json\/wp\/v2\/types\/product"}],"version-history":[{"count":0,"href":"https:\/\/www.pharmacieonline.lu\/de\/wp-json\/wp\/v2\/product\/46372\/revisions"}],"wp:featuredmedia":[{"embeddable":true,"href":"https:\/\/www.pharmacieonline.lu\/de\/wp-json\/wp\/v2\/media\/46376"}],"wp:attachment":[{"href":"https:\/\/www.pharmacieonline.lu\/de\/wp-json\/wp\/v2\/media?parent=46372"}],"wp:term":[{"taxonomy":"product_brand","embeddable":true,"href":"https:\/\/www.pharmacieonline.lu\/de\/wp-json\/wp\/v2\/product_brand?post=46372"},{"taxonomy":"product_cat","embeddable":true,"href":"https:\/\/www.pharmacieonline.lu\/de\/wp-json\/wp\/v2\/product_cat?post=46372"},{"taxonomy":"product_tag","embeddable":true,"href":"https:\/\/www.pharmacieonline.lu\/de\/wp-json\/wp\/v2\/product_tag?post=46372"}],"curies":[{"name":"wp","href":"https:\/\/api.w.org\/{rel}","templated":true}]}}