{"id":46391,"date":"2024-07-23T10:28:54","date_gmt":"2024-07-23T08:28:54","guid":{"rendered":"https:\/\/www.pharmacieonline.lu\/?post_type=product&#038;p=46391"},"modified":"2026-04-07T05:55:17","modified_gmt":"2026-04-07T03:55:17","slug":"widmer-lait-nettoyant-parf","status":"publish","type":"product","link":"https:\/\/www.pharmacieonline.lu\/de\/produit\/widmer-lait-nettoyant-parf\/","title":{"rendered":"WIDMER LAIT NETTOYANT PARF"},"content":{"rendered":"<p>INDIKATION<\/p>\n<p>Sorgt sanft<br \/>\nReinigt gr\u00fcndlich<br \/>\nBeruhigt und spendet Feuchtigkeit<\/p>\n<p>VERWENDEN<\/p>\n<p>Morgens und abends die Reinigungsmilch mit leichten Massagen auf Gesicht, Hals und Dekollet\u00e9 verteilen. Mit lauwarmem Wasser absp\u00fclen oder mit einem Make-up-Entfernertuch abwischen.<\/p>\n<p>KOMPOSITION<\/p>\n<p>Aqua, Paraffinum Liquidum, PEG-20 Methylglucosesesquistearat, Glycerin, Methylglucosesesquistearat, Prunus Amygdalus Dulcis (S\u00fc\u00dfmandel\u00f6l), Allantoin, Panthenol, Tocopherylacetat, Carbomer, Natriumhydroxid, Pantolacton, Parfum, Linalylacetat, Linalool, Citronellol, Amylsalicylat, Limonen, Citrus Aurantium-Schalen\u00f6l, Phenoxyethanol, Ethylhexylglycerin. (FVN100020.0012)<\/p>","protected":false},"excerpt":{"rendered":"<p>INDIKATION Sorgt sanft Reinigt gr\u00fcndlich Beruhigt und spendet Feuchtigkeit VERWENDEN Morgens und abends die Reinigungsmilch mit leichten Massagen auf Gesicht, Hals und Dekollet\u00e9 verteilen. Mit lauwarmem Wasser absp\u00fclen oder mit einem Make-up-Entfernertuch abwischen. KOMPOSITION Aqua, Paraffinum Liquidum, PEG-20 Methylglucosesesquistearat, Glycerin, Methylglucosesesquistearat, Prunus Amygdalus Dulcis (S\u00fc\u00dfmandel\u00f6l), Allantoin, Panthenol, Tocopherylacetat, Carbomer, Natriumhydroxid, Pantolacton, Parfum, Linalylacetat, Linalool, Citronellol, [&hellip;]<\/p>\n","protected":false},"featured_media":46392,"template":"","meta":{"_acf_changed":false,"footnotes":""},"product_brand":[],"product_cat":[47,42,56],"product_tag":[],"class_list":{"0":"post-46391","1":"product","2":"type-product","3":"status-publish","4":"has-post-thumbnail","6":"product_cat-dermocosmetique","7":"product_cat-para-pharmacie","8":"product_cat-soins-du-corps","10":"first","11":"outofstock","12":"taxable","13":"shipping-taxable","14":"purchasable","15":"product-type-simple"},"acf":[],"_links":{"self":[{"href":"https:\/\/www.pharmacieonline.lu\/de\/wp-json\/wp\/v2\/product\/46391","targetHints":{"allow":["GET"]}}],"collection":[{"href":"https:\/\/www.pharmacieonline.lu\/de\/wp-json\/wp\/v2\/product"}],"about":[{"href":"https:\/\/www.pharmacieonline.lu\/de\/wp-json\/wp\/v2\/types\/product"}],"version-history":[{"count":0,"href":"https:\/\/www.pharmacieonline.lu\/de\/wp-json\/wp\/v2\/product\/46391\/revisions"}],"wp:featuredmedia":[{"embeddable":true,"href":"https:\/\/www.pharmacieonline.lu\/de\/wp-json\/wp\/v2\/media\/46392"}],"wp:attachment":[{"href":"https:\/\/www.pharmacieonline.lu\/de\/wp-json\/wp\/v2\/media?parent=46391"}],"wp:term":[{"taxonomy":"product_brand","embeddable":true,"href":"https:\/\/www.pharmacieonline.lu\/de\/wp-json\/wp\/v2\/product_brand?post=46391"},{"taxonomy":"product_cat","embeddable":true,"href":"https:\/\/www.pharmacieonline.lu\/de\/wp-json\/wp\/v2\/product_cat?post=46391"},{"taxonomy":"product_tag","embeddable":true,"href":"https:\/\/www.pharmacieonline.lu\/de\/wp-json\/wp\/v2\/product_tag?post=46391"}],"curies":[{"name":"wp","href":"https:\/\/api.w.org\/{rel}","templated":true}]}}