{"id":46407,"date":"2024-07-23T10:53:38","date_gmt":"2024-07-23T08:53:38","guid":{"rendered":"https:\/\/www.pharmacieonline.lu\/?post_type=product&#038;p=46407"},"modified":"2026-04-15T01:55:14","modified_gmt":"2026-04-14T23:55:14","slug":"widmer-jour-emuls-hydro-act-uv30-50ml-p","status":"publish","type":"product","link":"https:\/\/www.pharmacieonline.lu\/de\/produit\/widmer-jour-emuls-hydro-act-uv30-50ml-p\/","title":{"rendered":"WIDMER JOUR EMULS HYDRO-ACT UV30 50ML P"},"content":{"rendered":"<p>INDIKATION<\/p>\n<p>Anti-Aging, intensive Feuchtigkeitsversorgung, wirksame Pflege und Schutz der Haut.<\/p>\n<p>VERWENDEN<\/p>\n<p>Morgens nach der sorgf\u00e4ltigen Reinigung der Haut auftragen.<\/p>\n<p>KOMPOSITION<\/p>\n<p>Aqua, Dibutyladipat, Glycerin, Butylmethoxydibenzoylmethan, Octocrylen, Polysilicon-15, Isopropyllauroylsarcosinat, Phenylbenzimidazolsulfons\u00e4ure, Arginin, Butylenglykol, Dimethicon, Kiesels\u00e4ure, Panthenol, Cetyldimethicon, Squalan, Tocopherylacetat, Kreatin, Sorbit, Kollagenaminos\u00e4uren , Natriumhyaluronat, Tocopherol, Butyrospermum Parkii (Sheabutter), Cetylalkohol, Polyisobuten, Trimethylsiloxysilikat, Cetearylolivat, Kaliumcetylphosphat, Propylenglykol, Acrylate\/C10-30-Alkylacrylat-Kreuzpolymer, Sorbitanolivat, Polyacrylat-13, Hydroxyethylcellulose, Xanthangummi , Polysorbat 20, Dinatrium-EDTA, Pantolacton, Parfum, Terpineol, Dimethylphenethylacetat, Tetramethylacetyloctahydronaphthaline, Phenoxyethanol, Ethylhexylglycerin. (FVN100225.0020)<\/p>","protected":false},"excerpt":{"rendered":"<p>INDIKATION Anti-Aging, intensive Feuchtigkeitsversorgung, wirksame Pflege und Schutz der Haut. VERWENDEN Morgens nach der sorgf\u00e4ltigen Reinigung der Haut auftragen. KOMPOSITION Aqua, Dibutyladipat, Glycerin, Butylmethoxydibenzoylmethan, Octocrylen, Polysilicon-15, Isopropyllauroylsarcosinat, Phenylbenzimidazolsulfons\u00e4ure, Arginin, Butylenglykol, Dimethicon, Kiesels\u00e4ure, Panthenol, Cetyldimethicon, Squalan, Tocopherylacetat, Kreatin, Sorbit, Kollagenaminos\u00e4uren , Natriumhyaluronat, Tocopherol, Butyrospermum Parkii (Sheabutter), Cetylalkohol, Polyisobuten, Trimethylsiloxysilikat, Cetearylolivat, Kaliumcetylphosphat, Propylenglykol, Acrylate\/C10-30-Alkylacrylat-Kreuzpolymer, Sorbitanolivat, Polyacrylat-13, Hydroxyethylcellulose, [&hellip;]<\/p>\n","protected":false},"featured_media":46414,"template":"","meta":{"_acf_changed":false,"footnotes":""},"product_brand":[],"product_cat":[47,42,54],"product_tag":[],"class_list":{"0":"post-46407","1":"product","2":"type-product","3":"status-publish","4":"has-post-thumbnail","6":"product_cat-dermocosmetique","7":"product_cat-para-pharmacie","8":"product_cat-soins-du-visage","10":"first","11":"instock","12":"taxable","13":"shipping-taxable","14":"purchasable","15":"product-type-simple"},"acf":[],"_links":{"self":[{"href":"https:\/\/www.pharmacieonline.lu\/de\/wp-json\/wp\/v2\/product\/46407","targetHints":{"allow":["GET"]}}],"collection":[{"href":"https:\/\/www.pharmacieonline.lu\/de\/wp-json\/wp\/v2\/product"}],"about":[{"href":"https:\/\/www.pharmacieonline.lu\/de\/wp-json\/wp\/v2\/types\/product"}],"version-history":[{"count":0,"href":"https:\/\/www.pharmacieonline.lu\/de\/wp-json\/wp\/v2\/product\/46407\/revisions"}],"wp:featuredmedia":[{"embeddable":true,"href":"https:\/\/www.pharmacieonline.lu\/de\/wp-json\/wp\/v2\/media\/46414"}],"wp:attachment":[{"href":"https:\/\/www.pharmacieonline.lu\/de\/wp-json\/wp\/v2\/media?parent=46407"}],"wp:term":[{"taxonomy":"product_brand","embeddable":true,"href":"https:\/\/www.pharmacieonline.lu\/de\/wp-json\/wp\/v2\/product_brand?post=46407"},{"taxonomy":"product_cat","embeddable":true,"href":"https:\/\/www.pharmacieonline.lu\/de\/wp-json\/wp\/v2\/product_cat?post=46407"},{"taxonomy":"product_tag","embeddable":true,"href":"https:\/\/www.pharmacieonline.lu\/de\/wp-json\/wp\/v2\/product_tag?post=46407"}],"curies":[{"name":"wp","href":"https:\/\/api.w.org\/{rel}","templated":true}]}}