{"id":46412,"date":"2024-07-23T10:52:53","date_gmt":"2024-07-23T08:52:53","guid":{"rendered":"https:\/\/www.pharmacieonline.lu\/?post_type=product&#038;p=46412"},"modified":"2026-04-15T03:55:28","modified_gmt":"2026-04-15T01:55:28","slug":"widmer-emuls-corps-200-ml-parf","status":"publish","type":"product","link":"https:\/\/www.pharmacieonline.lu\/de\/produit\/widmer-emuls-corps-200-ml-parf\/","title":{"rendered":"WIDMER EMULS CORPS 200 ML PARF"},"content":{"rendered":"<p>NOTIZ:<\/p>\n<p>Zieht schnell ein, spendet Feuchtigkeit und sch\u00fctzt die Epidermis.<br \/>\nEs beruhigt gereizte, schuppige oder sonnengesch\u00e4digte Haut und macht die Haut seidig, weich und elastisch.<\/p>\n<p>VERWENDEN :<\/p>\n<p>Tragen Sie die K\u00f6rperemulsion nach dem Baden, Duschen oder Sonnenbaden auf. Achten Sie besonders auf Ihre Ellbogen, Knie und Fersen.<\/p>\n<p>KOMPOSITION :<\/p>\n<p>Aqua, Cetearyl Isononanoat, Glycerin, Ethylhexylstearat, Butylenglykol, Panthenol, Capryl-\/Capric-Triglycerid, Coco-Caprylat, Simmondsia Chinensis (Jojoba)-Samen\u00f6l, Squalan, Dimethicon, Bornitrid, Butyrospermum Parkii (Shea)-Butter, Tocopherylacetat, Saccharid Isomerat, Sorbitol, Allantoin, Arginin, Kollagenaminos\u00e4uren, Tocopherol, Cetylalkohol, Cetearylolivat, Kaliumcetylphosphat, Propylenglykol, Natriumpolyacrylat, Sorbitanolivat, Acrylate\/C10-30-Alkylacrylat-Kreuzpolymer, Xanthangummi, Dinatrium-EDTA, Pantolacton, Parf\u00fcm, Phenoxyethanol, Ethylhexylglycerin.<\/p>","protected":false},"excerpt":{"rendered":"<p>NOTIZ: Zieht schnell ein, spendet Feuchtigkeit und sch\u00fctzt die Epidermis. Es beruhigt gereizte, schuppige oder sonnengesch\u00e4digte Haut und macht die Haut seidig, weich und elastisch. VERWENDEN : Tragen Sie die K\u00f6rperemulsion nach dem Baden, Duschen oder Sonnenbaden auf. Achten Sie besonders auf Ihre Ellbogen, Knie und Fersen. KOMPOSITION : Aqua, Cetearyl Isononanoat, Glycerin, Ethylhexylstearat, Butylenglykol, [&hellip;]<\/p>\n","protected":false},"featured_media":46413,"template":"","meta":{"_acf_changed":false,"footnotes":""},"product_brand":[],"product_cat":[47,42,56,765],"product_tag":[],"class_list":{"0":"post-46412","1":"product","2":"type-product","3":"status-publish","4":"has-post-thumbnail","6":"product_cat-dermocosmetique","7":"product_cat-para-pharmacie","8":"product_cat-soins-du-corps","9":"product_cat-soins-pieds","11":"first","12":"outofstock","13":"taxable","14":"shipping-taxable","15":"purchasable","16":"product-type-simple"},"acf":[],"_links":{"self":[{"href":"https:\/\/www.pharmacieonline.lu\/de\/wp-json\/wp\/v2\/product\/46412","targetHints":{"allow":["GET"]}}],"collection":[{"href":"https:\/\/www.pharmacieonline.lu\/de\/wp-json\/wp\/v2\/product"}],"about":[{"href":"https:\/\/www.pharmacieonline.lu\/de\/wp-json\/wp\/v2\/types\/product"}],"version-history":[{"count":0,"href":"https:\/\/www.pharmacieonline.lu\/de\/wp-json\/wp\/v2\/product\/46412\/revisions"}],"wp:featuredmedia":[{"embeddable":true,"href":"https:\/\/www.pharmacieonline.lu\/de\/wp-json\/wp\/v2\/media\/46413"}],"wp:attachment":[{"href":"https:\/\/www.pharmacieonline.lu\/de\/wp-json\/wp\/v2\/media?parent=46412"}],"wp:term":[{"taxonomy":"product_brand","embeddable":true,"href":"https:\/\/www.pharmacieonline.lu\/de\/wp-json\/wp\/v2\/product_brand?post=46412"},{"taxonomy":"product_cat","embeddable":true,"href":"https:\/\/www.pharmacieonline.lu\/de\/wp-json\/wp\/v2\/product_cat?post=46412"},{"taxonomy":"product_tag","embeddable":true,"href":"https:\/\/www.pharmacieonline.lu\/de\/wp-json\/wp\/v2\/product_tag?post=46412"}],"curies":[{"name":"wp","href":"https:\/\/api.w.org\/{rel}","templated":true}]}}