{"id":46424,"date":"2024-07-23T11:22:20","date_gmt":"2024-07-23T09:22:20","guid":{"rendered":"https:\/\/www.pharmacieonline.lu\/?post_type=product&#038;p=46424"},"modified":"2026-04-09T16:25:33","modified_gmt":"2026-04-09T14:25:33","slug":"widmer-remederm-creme-250-g-n-parf","status":"publish","type":"product","link":"https:\/\/www.pharmacieonline.lu\/de\/produit\/widmer-remederm-creme-250-g-n-parf\/","title":{"rendered":"WIDMER REMEDERM CREME 250 G N-PARF"},"content":{"rendered":"<p>INDIKATION<\/p>\n<p>Sch\u00fctzt, pflegt und hydratisiert gereizte und zu R\u00f6tungen neigende Haut.<\/p>\n<p>VERWENDEN<\/p>\n<p>Ein- bis zweimal t\u00e4glich einmassieren.<\/p>\n<p>KOMPOSITION<\/p>\n<p>Aqua, Capryl-\/Caprins\u00e4uretriglycerid, Decyloleat, Ethylhexylstearat, Glycerin, Dicaprylylether, Harnstoff, Isopropylisostearat, Polyglyceryl-3-Ricinoleat, Panthenol, Sorbitanisostearat, Sorbit, Methylpropandiol, Euphorbia Cerifera (Candelilla)-Wachs, Tocopherylacetat, Kollagenaminos\u00e4uren , Tocopherol, Retinylpalmitat, Magnesiumstearat, Polyglyceryl-3-Polyricinoleat, Propylenglykol, Caprylylglykol, Magnesiumsulfat, Pantolacton, Milchs\u00e4ure, Phenoxyethanol, Ethylhexylglycerin. (FVN100078.0027)<\/p>","protected":false},"excerpt":{"rendered":"<p>INDIKATION Sch\u00fctzt, pflegt und hydratisiert gereizte und zu R\u00f6tungen neigende Haut. VERWENDEN Ein- bis zweimal t\u00e4glich einmassieren. KOMPOSITION Aqua, Capryl-\/Caprins\u00e4uretriglycerid, Decyloleat, Ethylhexylstearat, Glycerin, Dicaprylylether, Harnstoff, Isopropylisostearat, Polyglyceryl-3-Ricinoleat, Panthenol, Sorbitanisostearat, Sorbit, Methylpropandiol, Euphorbia Cerifera (Candelilla)-Wachs, Tocopherylacetat, Kollagenaminos\u00e4uren , Tocopherol, Retinylpalmitat, Magnesiumstearat, Polyglyceryl-3-Polyricinoleat, Propylenglykol, Caprylylglykol, Magnesiumsulfat, Pantolacton, Milchs\u00e4ure, Phenoxyethanol, Ethylhexylglycerin. (FVN100078.0027)<\/p>\n","protected":false},"featured_media":46437,"template":"","meta":{"_acf_changed":false,"footnotes":""},"product_brand":[],"product_cat":[47,42,56],"product_tag":[],"class_list":{"0":"post-46424","1":"product","2":"type-product","3":"status-publish","4":"has-post-thumbnail","6":"product_cat-dermocosmetique","7":"product_cat-para-pharmacie","8":"product_cat-soins-du-corps","10":"first","11":"outofstock","12":"taxable","13":"shipping-taxable","14":"purchasable","15":"product-type-simple"},"acf":[],"_links":{"self":[{"href":"https:\/\/www.pharmacieonline.lu\/de\/wp-json\/wp\/v2\/product\/46424","targetHints":{"allow":["GET"]}}],"collection":[{"href":"https:\/\/www.pharmacieonline.lu\/de\/wp-json\/wp\/v2\/product"}],"about":[{"href":"https:\/\/www.pharmacieonline.lu\/de\/wp-json\/wp\/v2\/types\/product"}],"version-history":[{"count":0,"href":"https:\/\/www.pharmacieonline.lu\/de\/wp-json\/wp\/v2\/product\/46424\/revisions"}],"wp:featuredmedia":[{"embeddable":true,"href":"https:\/\/www.pharmacieonline.lu\/de\/wp-json\/wp\/v2\/media\/46437"}],"wp:attachment":[{"href":"https:\/\/www.pharmacieonline.lu\/de\/wp-json\/wp\/v2\/media?parent=46424"}],"wp:term":[{"taxonomy":"product_brand","embeddable":true,"href":"https:\/\/www.pharmacieonline.lu\/de\/wp-json\/wp\/v2\/product_brand?post=46424"},{"taxonomy":"product_cat","embeddable":true,"href":"https:\/\/www.pharmacieonline.lu\/de\/wp-json\/wp\/v2\/product_cat?post=46424"},{"taxonomy":"product_tag","embeddable":true,"href":"https:\/\/www.pharmacieonline.lu\/de\/wp-json\/wp\/v2\/product_tag?post=46424"}],"curies":[{"name":"wp","href":"https:\/\/api.w.org\/{rel}","templated":true}]}}