{"id":46561,"date":"2024-07-25T16:08:43","date_gmt":"2024-07-25T14:08:43","guid":{"rendered":"https:\/\/www.pharmacieonline.lu\/?post_type=product&#038;p=46561"},"modified":"2026-04-09T18:25:18","modified_gmt":"2026-04-09T16:25:18","slug":"couleurs-de-noir-cc-cream-spf30-04-sand","status":"publish","type":"product","link":"https:\/\/www.pharmacieonline.lu\/de\/produit\/couleurs-de-noir-cc-cream-spf30-04-sand\/","title":{"rendered":"COULEURS DE NOIR CC CREAM SPF30 04 SAND"},"content":{"rendered":"<p>INDIKATION<\/p>\n<p>Ebenm\u00e4\u00dfiger, nat\u00fcrlicher Teint mit leichter bis mittlerer Deckkraft.<\/p>\n<p>VERWENDEN<\/p>\n<p>Wir empfehlen, es mit dem Pinsel Nr. 31, dem Pinsel Nr. 32 oder dem Beauty Blender in kreisenden Bewegungen auf Gesicht und Hals aufzutragen. Tragen Sie mit klopfenden Bewegungen eine zus\u00e4tzliche Schicht auf, um eine h\u00f6here Deckkraft zu erzielen.<\/p>\n<p>KOMPOSITION<\/p>\n<p>AQUA, BUTYLOCTYL SALICYLAT, ETHYLHEXYLSALICYLAT, DIBUTYL ADPIAT, C12-15 ALKYL BENZOAT, BIS-ETHYLHEXYLOXYPHENOL METHOXYPHENYL TRIAZIN, DIMETHICONE, GLYCERIN, POLYGLYCERYL-6 STEARAT, PHENYLBENZIMIDAZOLSULFONS\u00c4URE, HYDROXYBENZOYLHEXYL. BENZO ATE, SILICA, CARBOMER, HYDROXYACETOPHENON, KALIUMCETYLPHOSPHAT, NATRIUMHYDROXID, PARFUM, POLYGLYCERYL-6 BEHENAT, CAPRYLYL GLYCOL, 1,2-HEXANDIOL, NATRIUMPHYTAT, PENTAERYTHRITYL TETRA-DI-T-BUTYL HYDROXYHYDROCINNAMAT, TOCOPHEROL, HELIANTHUS ANNUUS-SAMEN\u00d6L [+\/- CI77891 (EISENOXIDE), 77 491 ( EISENOXIDE), CI77492(EISENOXIDE), CI77499(EISENOXIDE)].<\/p>","protected":false},"excerpt":{"rendered":"<p>INDIKATION Ebenm\u00e4\u00dfiger, nat\u00fcrlicher Teint mit leichter bis mittlerer Deckkraft. VERWENDEN Wir empfehlen, es mit dem Pinsel Nr. 31, dem Pinsel Nr. 32 oder dem Beauty Blender in kreisenden Bewegungen auf Gesicht und Hals aufzutragen. Tragen Sie mit klopfenden Bewegungen eine zus\u00e4tzliche Schicht auf, um eine h\u00f6here Deckkraft zu erzielen. KOMPOSITION AQUA, BUTYLOCTYL SALICYLAT, ETHYLHEXYLSALICYLAT, DIBUTYL [&hellip;]<\/p>\n","protected":false},"featured_media":46566,"template":"","meta":{"_acf_changed":false,"footnotes":""},"product_brand":[],"product_cat":[47,763,42],"product_tag":[],"class_list":{"0":"post-46561","1":"product","2":"type-product","3":"status-publish","4":"has-post-thumbnail","6":"product_cat-dermocosmetique","7":"product_cat-maquillages","8":"product_cat-para-pharmacie","10":"first","11":"instock","12":"sale","13":"taxable","14":"shipping-taxable","15":"purchasable","16":"product-type-simple"},"acf":[],"_links":{"self":[{"href":"https:\/\/www.pharmacieonline.lu\/de\/wp-json\/wp\/v2\/product\/46561","targetHints":{"allow":["GET"]}}],"collection":[{"href":"https:\/\/www.pharmacieonline.lu\/de\/wp-json\/wp\/v2\/product"}],"about":[{"href":"https:\/\/www.pharmacieonline.lu\/de\/wp-json\/wp\/v2\/types\/product"}],"version-history":[{"count":0,"href":"https:\/\/www.pharmacieonline.lu\/de\/wp-json\/wp\/v2\/product\/46561\/revisions"}],"wp:featuredmedia":[{"embeddable":true,"href":"https:\/\/www.pharmacieonline.lu\/de\/wp-json\/wp\/v2\/media\/46566"}],"wp:attachment":[{"href":"https:\/\/www.pharmacieonline.lu\/de\/wp-json\/wp\/v2\/media?parent=46561"}],"wp:term":[{"taxonomy":"product_brand","embeddable":true,"href":"https:\/\/www.pharmacieonline.lu\/de\/wp-json\/wp\/v2\/product_brand?post=46561"},{"taxonomy":"product_cat","embeddable":true,"href":"https:\/\/www.pharmacieonline.lu\/de\/wp-json\/wp\/v2\/product_cat?post=46561"},{"taxonomy":"product_tag","embeddable":true,"href":"https:\/\/www.pharmacieonline.lu\/de\/wp-json\/wp\/v2\/product_tag?post=46561"}],"curies":[{"name":"wp","href":"https:\/\/api.w.org\/{rel}","templated":true}]}}