{"id":46727,"date":"2024-08-08T12:28:21","date_gmt":"2024-08-08T10:28:21","guid":{"rendered":"https:\/\/www.pharmacieonline.lu\/?post_type=product&#038;p=46727"},"modified":"2026-04-06T01:55:11","modified_gmt":"2026-04-05T23:55:11","slug":"roche-posay-tol-teint-fluide-16-30-ml","status":"publish","type":"product","link":"https:\/\/www.pharmacieonline.lu\/de\/produit\/roche-posay-tol-teint-fluide-16-30-ml\/","title":{"rendered":"ROCHE POSAY TOL TEINT FLUIDE 16 30 ML"},"content":{"rendered":"<p>Alle Hauttypen<br \/>\nAnf\u00e4llig f\u00fcr Akne<br \/>\nAtopische Tendenz<br \/>\nEmpfindlich<\/p>\n<p>VERWENDEN<\/p>\n<p>Tragen Sie die Tagescreme nach der Tagescreme mit einem Finger oder einem Schwamm in kleinen Ber\u00fchrungen auf lokalisierte Flecken (Verbrennungen, Unreinheiten, Narben, R\u00fcckst\u00e4nde, Rosacea usw.) oder auf das gesamte Gesicht auf.<\/p>\n<p>ZUSAMMENSETZUNG<\/p>\n<p>AQUA \/ WASSER \/ EAU \u2022 UNDECAN \u2022 TRIDECAN \u2022 GLYCERIN TITANDIOXID [NANO] \/ TITANDIOXID \u2022 POLYGLYCERYL-4 ISOSTEARAT \u2022 PENTYLEN GLYCOL \u2022 CETYL PEG\/PPG-10\/1 DIMETHICON \u2022 HEXYL LAURAT \u2022 MAGNESIUMSULFAT DISTEARDIMONIUM HECTORIT \u2022 TOCOPHEROL \u2022 STEARINS\u00c4URE \u2022 ACETYLISIERTES GLYKOLSTEARAT \u2022 ACETYLDIPEPTID-1-CETYLESTER \u2022 ETHYLHEXYLGLYCERIN \u2022 TRIHYDROXYSTEARIN \u2022 CELLULOSEGUMMI \u2022 SILICASILYLAT \u2022 SILICA \u2022 HELIANTHUS ANNUUS-SAMEN\u00d6L \/ SONNENBLUMENSAMEN\u00d6L \u2022 PENTAERYTHRITYL TETRA-DI-T-BUTYL HYDROXYHYDROCINNAMAT \u2022 DINATRIUM L-GLUTAMAT \u2022 ALUMINIUMHYDROXID \u25cf [+\/- KANN ENTHALTEN: CI 77891 \/ TITANDIOXID \u2022 CI 77491, CI 77492, CI 77499 \/ EISENOXIDE]. (F.I.L. N70015796\/1).<\/p>","protected":false},"excerpt":{"rendered":"<p>Alle Hauttypen Anf\u00e4llig f\u00fcr Akne Atopische Tendenz Empfindlich VERWENDEN Tragen Sie die Tagescreme nach der Tagescreme mit einem Finger oder einem Schwamm in kleinen Ber\u00fchrungen auf lokalisierte Flecken (Verbrennungen, Unreinheiten, Narben, R\u00fcckst\u00e4nde, Rosacea usw.) oder auf das gesamte Gesicht auf. ZUSAMMENSETZUNG AQUA \/ WASSER \/ EAU \u2022 UNDECAN \u2022 TRIDECAN \u2022 GLYCERIN TITANDIOXID [NANO] \/ [&hellip;]<\/p>\n","protected":false},"featured_media":46728,"template":"","meta":{"_acf_changed":false,"footnotes":""},"product_brand":[],"product_cat":[47,763,42],"product_tag":[],"class_list":{"0":"post-46727","1":"product","2":"type-product","3":"status-publish","4":"has-post-thumbnail","6":"product_cat-dermocosmetique","7":"product_cat-maquillages","8":"product_cat-para-pharmacie","10":"first","11":"instock","12":"taxable","13":"shipping-taxable","14":"purchasable","15":"product-type-simple"},"acf":[],"_links":{"self":[{"href":"https:\/\/www.pharmacieonline.lu\/de\/wp-json\/wp\/v2\/product\/46727","targetHints":{"allow":["GET"]}}],"collection":[{"href":"https:\/\/www.pharmacieonline.lu\/de\/wp-json\/wp\/v2\/product"}],"about":[{"href":"https:\/\/www.pharmacieonline.lu\/de\/wp-json\/wp\/v2\/types\/product"}],"version-history":[{"count":0,"href":"https:\/\/www.pharmacieonline.lu\/de\/wp-json\/wp\/v2\/product\/46727\/revisions"}],"wp:featuredmedia":[{"embeddable":true,"href":"https:\/\/www.pharmacieonline.lu\/de\/wp-json\/wp\/v2\/media\/46728"}],"wp:attachment":[{"href":"https:\/\/www.pharmacieonline.lu\/de\/wp-json\/wp\/v2\/media?parent=46727"}],"wp:term":[{"taxonomy":"product_brand","embeddable":true,"href":"https:\/\/www.pharmacieonline.lu\/de\/wp-json\/wp\/v2\/product_brand?post=46727"},{"taxonomy":"product_cat","embeddable":true,"href":"https:\/\/www.pharmacieonline.lu\/de\/wp-json\/wp\/v2\/product_cat?post=46727"},{"taxonomy":"product_tag","embeddable":true,"href":"https:\/\/www.pharmacieonline.lu\/de\/wp-json\/wp\/v2\/product_tag?post=46727"}],"curies":[{"name":"wp","href":"https:\/\/api.w.org\/{rel}","templated":true}]}}