{"id":46941,"date":"2024-09-03T09:42:00","date_gmt":"2024-09-03T07:42:00","guid":{"rendered":"https:\/\/www.pharmacieonline.lu\/?post_type=product&#038;p=46941"},"modified":"2026-04-07T08:55:10","modified_gmt":"2026-04-07T06:55:10","slug":"forte-royal-pastilles-manuka-24-past","status":"publish","type":"product","link":"https:\/\/www.pharmacieonline.lu\/de\/produit\/forte-royal-pastilles-manuka-24-past\/","title":{"rendered":"FORTE ROYAL PASTILLES MANUKA 24 PAST"},"content":{"rendered":"<p>Empfindlicher Hals, angegriffen durch K\u00e4lte oder Umweltverschmutzung?<br \/>\nUnsere Produkte von Fort\u00e9 Royal Pastilles sind reich an Vitamin C und beruhigen Ihren Hals auf nat\u00fcrliche Weise.<\/p>\n<p>Fort\u00e9 Pharma Laboratories haben Fort\u00e9 Royal Pastilles entwickelt. Lutschtabletten in drei Geschmacksrichtungen mit essentiellen Bienenstockzutaten wie Honig und Propolis sowie Vitamin C bieten Ihnen eine nat\u00fcrliche L\u00f6sung und beruhigen empfindliche Kehlen.<\/p>\n<p>&nbsp;<\/p>\n<p>Wenn Ihr Hals gereizt ist, werden allt\u00e4gliche Reflexe und Handlungen wie Schlucken, Sprechen, Essen oder Trinken unangenehm. Dann haben wir ein echtes Bed\u00fcrfnis: weich zu machen und zu beruhigen!<\/p>\n<p>Unsere Fort\u00e9 Royal Pastilles wurden entwickelt, um dank der Vorz\u00fcge von Bienenprodukten empfindlichen Kehlen auf nat\u00fcrliche Weise Geschmeidigkeit zu verleihen.<\/p>\n<p>Es gibt sie mit einem guten Honiggeschmack f\u00fcr alle, die im Winter Lust auf Honigpastillen haben, und mit Zitronengeschmack bei den Fort\u00e9 Royal Lemon Pastilles und jetzt mit einem k\u00f6stlichen Granatapfelgeschmack bei den Manuka-Honigpastillen.<br \/>\nF\u00fcr die Zitronen-Honig-Lutschtabletten sind nat\u00fcrliche Wirkstoffe zur Beruhigung des Halses enthalten:<br \/>\n&#8211; Honig<br \/>\n&#8211; Propolis<br \/>\n&#8211; \u00c4therisches Eukalyptus\u00f6l<\/p>\n<p>F\u00fcr den Granatapfelgeschmack der Manuka-Pastillen finden Sie:<br \/>\n&#8211; Manukahonig mit einer hohen Konzentration an MGO 300+<br \/>\n&#8211; Vitamin C<\/p>\n<p>Ob Honig oder Zitrone, ganz nach Ihrer Wahl, unsere Pastillen enthalten keinen Zuckerzusatz*!<\/p>\n<p>*Enth\u00e4lt nat\u00fcrlich vorkommenden Zucker (Honig).<\/p>\n<p>Wirkstoffe nat\u00fcrlichen Ursprungs:<\/p>\n<p>Fort\u00e9 Royal Pastilles Honig- und Zitronengeschmack:<br \/>\n&#8211; Honig und Propolis, die f\u00fcr ihre \u201enat\u00fcrlichen Schutzschild\u201c-Eigenschaften bekannt sind und von Bienen verwendet werden, um den Bienenstock vor \u00e4u\u00dferen Angriffen wie mikrobiellen Keimen zu sch\u00fctzen<br \/>\n&#8211; \u00c4therisches Eukalyptus\u00f6l, das den Hals beruhigt und ihn bei Reizungen lindert. Es hat eine beruhigende und wohltuende Wirkung auf Hals, Rachen und Stimmb\u00e4nder.<\/p>\n<p>Wir haben diesen 3 Zutaten Vitamin C hinzugef\u00fcgt.<\/p>\n<p>Fort\u00e9 Royal Manuka-Pastillen:<br \/>\n&#8211; angereichert mit Manukahonig, dessen MGO-Gehalt (Methylglyoxal) mindestens 300 mg pro Kilo Honig betr\u00e4gt, was ihm eine einzigartige Wirksamkeit und einzigartige Eigenschaften verleiht.<\/p>\n<p>Erwachsene 1 bis 3 Lutschtabletten pro Tag.<\/p>\n<p>1 bis 2 Lutschtabletten pro Tag f\u00fcr Kinder ab 6 Jahren.<\/p>\n<p>&nbsp;<\/p>\n<p>Ein Nahrungserg\u00e4nzungsmittel sollte eine abwechslungsreiche und ausgewogene Ern\u00e4hrung sowie eine gesunde Lebensweise nicht ersetzen. Au\u00dferhalb der Reichweite von kleinen Kindern aufbewahren. \u00dcberschreiten Sie nicht die empfohlene Tagesdosis. Dieses Nahrungserg\u00e4nzungsmittel ist kein Arzneimittel. Enth\u00e4lt Vitamin C. Schwangeren oder stillenden Frauen wird empfohlen, vor jeder Nahrungserg\u00e4nzung den Rat eines Arztes einzuholen. Enth\u00e4lt Honig, nicht f\u00fcr Allergiker geeignet<br \/>\nBienenstockprodukte, Asthma oder eine atopische Erkrankung. Enth\u00e4lt ein Aroma mit Pflanzenextrakten, nicht f\u00fcr empfindliche Personen oder Personen mit bekannter Kreuzallergie (insbesondere gegen Pflanzen der Familie Asteraceae, Lamiaceae, Apiaceae usw.) geeignet. Nicht f\u00fcr Kinder unter 6 Jahren empfohlen. F\u00fcr Kinder ab 6 Jahren, Einnahme unter Aufsicht eines Erwachsenen.<\/p>","protected":false},"excerpt":{"rendered":"<p>Empfindlicher Hals, angegriffen durch K\u00e4lte oder Umweltverschmutzung? Unsere Produkte von Fort\u00e9 Royal Pastilles sind reich an Vitamin C und beruhigen Ihren Hals auf nat\u00fcrliche Weise. Fort\u00e9 Pharma Laboratories haben Fort\u00e9 Royal Pastilles entwickelt. Lutschtabletten in drei Geschmacksrichtungen mit essentiellen Bienenstockzutaten wie Honig und Propolis sowie Vitamin C bieten Ihnen eine nat\u00fcrliche L\u00f6sung und beruhigen empfindliche [&hellip;]<\/p>\n","protected":false},"featured_media":46942,"template":"","meta":{"_acf_changed":false,"footnotes":""},"product_brand":[],"product_cat":[105,83,953],"product_tag":[],"class_list":{"0":"post-46941","1":"product","2":"type-product","3":"status-publish","4":"has-post-thumbnail","6":"product_cat-comprimes-gorge","7":"product_cat-gorge","8":"product_cat-complements-alimentaires","10":"first","11":"instock","12":"taxable","13":"shipping-taxable","14":"purchasable","15":"product-type-simple"},"acf":[],"_links":{"self":[{"href":"https:\/\/www.pharmacieonline.lu\/de\/wp-json\/wp\/v2\/product\/46941","targetHints":{"allow":["GET"]}}],"collection":[{"href":"https:\/\/www.pharmacieonline.lu\/de\/wp-json\/wp\/v2\/product"}],"about":[{"href":"https:\/\/www.pharmacieonline.lu\/de\/wp-json\/wp\/v2\/types\/product"}],"version-history":[{"count":0,"href":"https:\/\/www.pharmacieonline.lu\/de\/wp-json\/wp\/v2\/product\/46941\/revisions"}],"wp:featuredmedia":[{"embeddable":true,"href":"https:\/\/www.pharmacieonline.lu\/de\/wp-json\/wp\/v2\/media\/46942"}],"wp:attachment":[{"href":"https:\/\/www.pharmacieonline.lu\/de\/wp-json\/wp\/v2\/media?parent=46941"}],"wp:term":[{"taxonomy":"product_brand","embeddable":true,"href":"https:\/\/www.pharmacieonline.lu\/de\/wp-json\/wp\/v2\/product_brand?post=46941"},{"taxonomy":"product_cat","embeddable":true,"href":"https:\/\/www.pharmacieonline.lu\/de\/wp-json\/wp\/v2\/product_cat?post=46941"},{"taxonomy":"product_tag","embeddable":true,"href":"https:\/\/www.pharmacieonline.lu\/de\/wp-json\/wp\/v2\/product_tag?post=46941"}],"curies":[{"name":"wp","href":"https:\/\/api.w.org\/{rel}","templated":true}]}}