{"id":47206,"date":"2024-10-02T15:56:50","date_gmt":"2024-10-02T13:56:50","guid":{"rendered":"https:\/\/www.pharmacieonline.lu\/?post_type=product&#038;p=47206"},"modified":"2026-04-08T17:55:10","modified_gmt":"2026-04-08T15:55:10","slug":"nuxe-zinc-power-gelee-nett-150ml","status":"publish","type":"product","link":"https:\/\/www.pharmacieonline.lu\/de\/produit\/nuxe-zinc-power-gelee-nett-150ml\/","title":{"rendered":"NUXE ZINC POWER GELEE NETT 150ML"},"content":{"rendered":"<p>Reinigt, korrigiert und mattiert.<\/p>\n<p>VERWENDEN<\/p>\n<p>Tragen Sie morgens und abends eine kleine Menge\/Pumpen auf das feuchte Gesicht auf und vermeiden Sie dabei den Kontakt mit den Augen. Mit kreisenden Bewegungen einmassieren, um Unreinheiten zu entfernen, dann mit klarem Wasser absp\u00fclen.<br \/>\nBei Kontakt mit den Augen gr\u00fcndlich aussp\u00fclen.<\/p>\n<p>ZUSAMMENSETZUNG<\/p>\n<p>AQUA\/WASSER, GLYCERIN, DECYL GLUCOSID, PENTYLEN GLYCOL, PARFUM\/DUFT, CAPRYLYL\/CAPRYL GLUCOSID, NATRIUMCOCOYL GLUTAMAT, ZINK PCA, CHONDRUS CRISPUS\/CARRAGEENAN, S\u00c4URE, NATRIUMCHLORID, PROPYLENGLYKOL, LITCHI CHINENSIS PERICARP-EXTRAKT [N5902\/A].<\/p>","protected":false},"excerpt":{"rendered":"<p>Reinigt, korrigiert und mattiert. VERWENDEN Tragen Sie morgens und abends eine kleine Menge\/Pumpen auf das feuchte Gesicht auf und vermeiden Sie dabei den Kontakt mit den Augen. Mit kreisenden Bewegungen einmassieren, um Unreinheiten zu entfernen, dann mit klarem Wasser absp\u00fclen. Bei Kontakt mit den Augen gr\u00fcndlich aussp\u00fclen. ZUSAMMENSETZUNG AQUA\/WASSER, GLYCERIN, DECYL GLUCOSID, PENTYLEN GLYCOL, PARFUM\/DUFT, [&hellip;]<\/p>\n","protected":false},"featured_media":47207,"template":"","meta":{"_acf_changed":false,"footnotes":""},"product_brand":[],"product_cat":[42,54],"product_tag":[],"class_list":{"0":"post-47206","1":"product","2":"type-product","3":"status-publish","4":"has-post-thumbnail","6":"product_cat-para-pharmacie","7":"product_cat-soins-du-visage","9":"first","10":"instock","11":"taxable","12":"shipping-taxable","13":"purchasable","14":"product-type-simple"},"acf":[],"_links":{"self":[{"href":"https:\/\/www.pharmacieonline.lu\/de\/wp-json\/wp\/v2\/product\/47206","targetHints":{"allow":["GET"]}}],"collection":[{"href":"https:\/\/www.pharmacieonline.lu\/de\/wp-json\/wp\/v2\/product"}],"about":[{"href":"https:\/\/www.pharmacieonline.lu\/de\/wp-json\/wp\/v2\/types\/product"}],"version-history":[{"count":0,"href":"https:\/\/www.pharmacieonline.lu\/de\/wp-json\/wp\/v2\/product\/47206\/revisions"}],"wp:featuredmedia":[{"embeddable":true,"href":"https:\/\/www.pharmacieonline.lu\/de\/wp-json\/wp\/v2\/media\/47207"}],"wp:attachment":[{"href":"https:\/\/www.pharmacieonline.lu\/de\/wp-json\/wp\/v2\/media?parent=47206"}],"wp:term":[{"taxonomy":"product_brand","embeddable":true,"href":"https:\/\/www.pharmacieonline.lu\/de\/wp-json\/wp\/v2\/product_brand?post=47206"},{"taxonomy":"product_cat","embeddable":true,"href":"https:\/\/www.pharmacieonline.lu\/de\/wp-json\/wp\/v2\/product_cat?post=47206"},{"taxonomy":"product_tag","embeddable":true,"href":"https:\/\/www.pharmacieonline.lu\/de\/wp-json\/wp\/v2\/product_tag?post=47206"}],"curies":[{"name":"wp","href":"https:\/\/api.w.org\/{rel}","templated":true}]}}