{"id":47274,"date":"2024-10-07T09:51:54","date_gmt":"2024-10-07T07:51:54","guid":{"rendered":"https:\/\/www.pharmacieonline.lu\/?post_type=product&#038;p=47274"},"modified":"2026-04-09T18:25:27","modified_gmt":"2026-04-09T16:25:27","slug":"47274","status":"publish","type":"product","link":"https:\/\/www.pharmacieonline.lu\/de\/produit\/47274\/","title":{"rendered":"WIDMER SKINEXPERT AHA CREME 5% NP 50ML"},"content":{"rendered":"<p>ANZEIGE<\/p>\n<p>Stimuliert die Zellerneuerung<br \/>\nReduziert feine Linien<br \/>\nF\u00fcr eine glatte, weiche Haut und ein verbessertes Hautbild<\/p>\n<p>VERWENDEN<\/p>\n<p>Zu Beginn der Behandlung wird die Creme ein- bis zweimal pro Woche d\u00fcnn aufgetragen.<\/p>\n<p>Nach zwei bis drei Wochen kann die Behandlung intensiviert werden und die Creme maximal einmal t\u00e4glich angewendet werden.<\/p>\n<p>ZUSAMMENSETZUNG<\/p>\n<p>Aqua, Glykols\u00e4ure, PEG-8-Distearat, Steareth-2, Ethylhexylstearat, Steareth-21, Glycerin, Simmondsia Chinensis (Jojoba)-Samen\u00f6l, Panthenol, Stearins\u00e4ure, Milchs\u00e4ure, Natriumhydroxid, Dibutyladipat, Tocopherylacetat, Salicyls\u00e4ure , Cetylalkohol, Stearylalkohol, Dimethicon, Zitronens\u00e4ure, Apfels\u00e4ure, Pantolacton. (FVN100109.0003)<\/p>","protected":false},"excerpt":{"rendered":"<p>ANZEIGE Stimuliert die Zellerneuerung Reduziert feine Linien F\u00fcr eine glatte, weiche Haut und ein verbessertes Hautbild VERWENDEN Zu Beginn der Behandlung wird die Creme ein- bis zweimal pro Woche d\u00fcnn aufgetragen. Nach zwei bis drei Wochen kann die Behandlung intensiviert werden und die Creme maximal einmal t\u00e4glich angewendet werden. ZUSAMMENSETZUNG Aqua, Glykols\u00e4ure, PEG-8-Distearat, Steareth-2, Ethylhexylstearat, [&hellip;]<\/p>\n","protected":false},"featured_media":47276,"template":"","meta":{"_acf_changed":false,"footnotes":""},"product_brand":[],"product_cat":[47,42,54],"product_tag":[],"class_list":{"0":"post-47274","1":"product","2":"type-product","3":"status-publish","4":"has-post-thumbnail","6":"product_cat-dermocosmetique","7":"product_cat-para-pharmacie","8":"product_cat-soins-du-visage","10":"first","11":"outofstock","12":"taxable","13":"shipping-taxable","14":"purchasable","15":"product-type-simple"},"acf":[],"_links":{"self":[{"href":"https:\/\/www.pharmacieonline.lu\/de\/wp-json\/wp\/v2\/product\/47274","targetHints":{"allow":["GET"]}}],"collection":[{"href":"https:\/\/www.pharmacieonline.lu\/de\/wp-json\/wp\/v2\/product"}],"about":[{"href":"https:\/\/www.pharmacieonline.lu\/de\/wp-json\/wp\/v2\/types\/product"}],"version-history":[{"count":0,"href":"https:\/\/www.pharmacieonline.lu\/de\/wp-json\/wp\/v2\/product\/47274\/revisions"}],"wp:featuredmedia":[{"embeddable":true,"href":"https:\/\/www.pharmacieonline.lu\/de\/wp-json\/wp\/v2\/media\/47276"}],"wp:attachment":[{"href":"https:\/\/www.pharmacieonline.lu\/de\/wp-json\/wp\/v2\/media?parent=47274"}],"wp:term":[{"taxonomy":"product_brand","embeddable":true,"href":"https:\/\/www.pharmacieonline.lu\/de\/wp-json\/wp\/v2\/product_brand?post=47274"},{"taxonomy":"product_cat","embeddable":true,"href":"https:\/\/www.pharmacieonline.lu\/de\/wp-json\/wp\/v2\/product_cat?post=47274"},{"taxonomy":"product_tag","embeddable":true,"href":"https:\/\/www.pharmacieonline.lu\/de\/wp-json\/wp\/v2\/product_tag?post=47274"}],"curies":[{"name":"wp","href":"https:\/\/api.w.org\/{rel}","templated":true}]}}