{"id":47416,"date":"2024-10-17T14:48:45","date_gmt":"2024-10-17T12:48:45","guid":{"rendered":"https:\/\/www.pharmacieonline.lu\/?post_type=product&#038;p=47416"},"modified":"2026-04-12T15:55:12","modified_gmt":"2026-04-12T13:55:12","slug":"physiomance-progenat-60-gel","status":"publish","type":"product","link":"https:\/\/www.pharmacieonline.lu\/de\/produit\/physiomance-progenat-60-gel\/","title":{"rendered":"PHYSIOMANCE PROGENAT 60 GEL"},"content":{"rendered":"<p>F\u00fcr besseren Menstruationskomfort<\/p>\n<p>Formel entwickelt von Dr. Jacques Bassier*;<br \/>\nSynergistische Verbindung von 4 Biowirkstoffen (Alchemilla, M\u00f6nchspfeffer, Griffonia und Kirschst\u00e4ngel) und einem Mikron\u00e4hrstoffkomplex;<br \/>\nFrauenmantelextrakt tr\u00e4gt zum weiblichen Wohlbefinden vor und w\u00e4hrend des Menstruationszyklus bei. Es wird bei zyklusbedingten Problemen empfohlen;<br \/>\nVitamin B5 tr\u00e4gt zur normalen Synthese und zum normalen Stoffwechsel von Steroidhormonen, einschlie\u00dflich Progesteron, bei;<br \/>\nHigh Quality Process\u00ae;<br \/>\nClean Label THERASCIENCE;<br \/>\n100 % pflanzliche Kapseln.<\/p>\n<p>*Doktor der Medizin, Abschluss an der Fakult\u00e4t von Marseille<\/p>\n<p>Beschreibung<\/p>\n<p>PHYSIOMANCE PROGENAT bietet f\u00fcr 1 Kapsel:<\/p>\n<p>100 mg Frauenmantel-Extrakt, der zum weiblichen Wohlbefinden vor und w\u00e4hrend des Menstruationszyklus beitr\u00e4gt und bei zyklusbedingten Problemen empfohlen wird;<br \/>\n20 mg M\u00f6nchspfefferextrakt, der zur Aufrechterhaltung eines guten physiologischen Wohlbefindens w\u00e4hrend des Menstruationszyklus beitr\u00e4gt;<br \/>\n125 mg Kirschst\u00e4ngelextrakt, der zu den Ausscheidungsfunktionen des K\u00f6rpers und zur Gesundheit des Harnsystems beitr\u00e4gt;<br \/>\n50 % AR* in Vitamin B5, das zur normalen Synthese und zum normalen Stoffwechsel von Steroidhormonen, einschlie\u00dflich Progesteron, beitr\u00e4gt;<br \/>\n50 % AR* in Vitamin B6 zur Regulierung der Hormonaktivit\u00e4t und zur Verringerung von M\u00fcdigkeit;<br \/>\n166,7 mg Griffonia-Extrakt, titriert mit 50 mg 5-HTP, um die Formel zu vervollst\u00e4ndigen.<\/p>\n<p>*AR: Referenzeinnahmen<\/p>\n<p>Gebrauchsanweisung<\/p>\n<p>1 Kapsel pro Tag, abh\u00e4ngig vom Menstruationszyklus, f\u00fcr mindestens 1 Monat. Bei Bedarf zu erneuern.<\/p>\n<p>Vorsichtsma\u00dfnahmen f\u00fcr die Verwendung:<\/p>\n<p>Nicht empfohlen f\u00fcr stillende Frauen, mit einer famili\u00e4ren oder pers\u00f6nlichen Vorgeschichte von Brustkrebs, f\u00fcr Personen unter antidiabetischer Behandlung und in Kombination mit Antidepressiva.<\/p>\n<p>Nahrungserg\u00e4nzungsmittel sollten im Rahmen einer gesunden Lebensweise eingenommen werden und nicht als Ersatz f\u00fcr eine abwechslungsreiche und ausgewogene Ern\u00e4hrung. \u00dcberschreiten Sie nicht die empfohlenen Tagesdosen. Bewahren Sie das Produkt au\u00dferhalb der Reichweite von kleinen Kindern auf. Wenn Sie mehrere Nahrungserg\u00e4nzungsmittel kombinieren, fragen Sie Ihren Arzt um Rat.<\/p>","protected":false},"excerpt":{"rendered":"<p>F\u00fcr besseren Menstruationskomfort Formel entwickelt von Dr. Jacques Bassier*; Synergistische Verbindung von 4 Biowirkstoffen (Alchemilla, M\u00f6nchspfeffer, Griffonia und Kirschst\u00e4ngel) und einem Mikron\u00e4hrstoffkomplex; Frauenmantelextrakt tr\u00e4gt zum weiblichen Wohlbefinden vor und w\u00e4hrend des Menstruationszyklus bei. Es wird bei zyklusbedingten Problemen empfohlen; Vitamin B5 tr\u00e4gt zur normalen Synthese und zum normalen Stoffwechsel von Steroidhormonen, einschlie\u00dflich Progesteron, bei; High [&hellip;]<\/p>\n","protected":false},"featured_media":47417,"template":"","meta":{"_acf_changed":false,"footnotes":""},"product_brand":[],"product_cat":[951,953,948],"product_tag":[],"class_list":{"0":"post-47416","1":"product","2":"type-product","3":"status-publish","4":"has-post-thumbnail","6":"product_cat-physiomance","7":"product_cat-complements-alimentaires","8":"product_cat-therascience-physionutrition","10":"first","11":"instock","12":"taxable","13":"shipping-taxable","14":"purchasable","15":"product-type-simple"},"acf":[],"_links":{"self":[{"href":"https:\/\/www.pharmacieonline.lu\/de\/wp-json\/wp\/v2\/product\/47416","targetHints":{"allow":["GET"]}}],"collection":[{"href":"https:\/\/www.pharmacieonline.lu\/de\/wp-json\/wp\/v2\/product"}],"about":[{"href":"https:\/\/www.pharmacieonline.lu\/de\/wp-json\/wp\/v2\/types\/product"}],"version-history":[{"count":0,"href":"https:\/\/www.pharmacieonline.lu\/de\/wp-json\/wp\/v2\/product\/47416\/revisions"}],"wp:featuredmedia":[{"embeddable":true,"href":"https:\/\/www.pharmacieonline.lu\/de\/wp-json\/wp\/v2\/media\/47417"}],"wp:attachment":[{"href":"https:\/\/www.pharmacieonline.lu\/de\/wp-json\/wp\/v2\/media?parent=47416"}],"wp:term":[{"taxonomy":"product_brand","embeddable":true,"href":"https:\/\/www.pharmacieonline.lu\/de\/wp-json\/wp\/v2\/product_brand?post=47416"},{"taxonomy":"product_cat","embeddable":true,"href":"https:\/\/www.pharmacieonline.lu\/de\/wp-json\/wp\/v2\/product_cat?post=47416"},{"taxonomy":"product_tag","embeddable":true,"href":"https:\/\/www.pharmacieonline.lu\/de\/wp-json\/wp\/v2\/product_tag?post=47416"}],"curies":[{"name":"wp","href":"https:\/\/api.w.org\/{rel}","templated":true}]}}