{"id":47419,"date":"2024-10-17T14:54:18","date_gmt":"2024-10-17T12:54:18","guid":{"rendered":"https:\/\/www.pharmacieonline.lu\/?post_type=product&#038;p=47419"},"modified":"2026-04-09T22:25:32","modified_gmt":"2026-04-09T20:25:32","slug":"47419","status":"publish","type":"product","link":"https:\/\/www.pharmacieonline.lu\/de\/produit\/47419\/","title":{"rendered":"CURCUDYN FAST 15 GELULES"},"content":{"rendered":"<p>&nbsp;<\/p>\n<p>Ben\u00f6tigen Sie schnelle Unterst\u00fctzung? Diese innovative Formel sorgt f\u00fcr schnellen und dauerhaften Muskelkomfort, sodass Sie Ihre Beweglichkeit wiedererlangen und jeden Moment in vollen Z\u00fcgen genie\u00dfen k\u00f6nnen<\/p>\n<p>VERWENDEN<\/p>\n<p>1 bis 2 Kapseln pro Tag.<\/p>\n<p>ZUSAMMENSETZUNG<\/p>\n<p>Zutaten und Verwendung pro 2 Kapseln<\/p>\n<p>Schwarzes Sesam\u00f6l (Sesamum indicum)<br \/>\n620 mg<\/p>\n<p>Kurkuma-Rhizom-Extrakt (Curcuma longa L.)<br \/>\n280 mg<\/p>\n<p>Curcuminoide<br \/>\n280 mg<\/p>\n<p>Boswellia (Extrakt) (Boswellia serrata Roxb. Ex Colebr.)<br \/>\n100 mg<\/p>\n<p>AKBA<br \/>\n10 mg<\/p>\n<p>Enth\u00e4lt au\u00dferdem: Gelatine, Wasser, Eisenoxide und -hydroxide<\/p>","protected":false},"excerpt":{"rendered":"<p>&nbsp; Ben\u00f6tigen Sie schnelle Unterst\u00fctzung? Diese innovative Formel sorgt f\u00fcr schnellen und dauerhaften Muskelkomfort, sodass Sie Ihre Beweglichkeit wiedererlangen und jeden Moment in vollen Z\u00fcgen genie\u00dfen k\u00f6nnen VERWENDEN 1 bis 2 Kapseln pro Tag. ZUSAMMENSETZUNG Zutaten und Verwendung pro 2 Kapseln Schwarzes Sesam\u00f6l (Sesamum indicum) 620 mg Kurkuma-Rhizom-Extrakt (Curcuma longa L.) 280 mg Curcuminoide 280 [&hellip;]<\/p>\n","protected":false},"featured_media":47420,"template":"","meta":{"_acf_changed":false,"footnotes":""},"product_brand":[],"product_cat":[953],"product_tag":[],"class_list":{"0":"post-47419","1":"product","2":"type-product","3":"status-publish","4":"has-post-thumbnail","6":"product_cat-complements-alimentaires","8":"first","9":"instock","10":"taxable","11":"shipping-taxable","12":"purchasable","13":"product-type-simple"},"acf":[],"_links":{"self":[{"href":"https:\/\/www.pharmacieonline.lu\/de\/wp-json\/wp\/v2\/product\/47419","targetHints":{"allow":["GET"]}}],"collection":[{"href":"https:\/\/www.pharmacieonline.lu\/de\/wp-json\/wp\/v2\/product"}],"about":[{"href":"https:\/\/www.pharmacieonline.lu\/de\/wp-json\/wp\/v2\/types\/product"}],"version-history":[{"count":0,"href":"https:\/\/www.pharmacieonline.lu\/de\/wp-json\/wp\/v2\/product\/47419\/revisions"}],"wp:featuredmedia":[{"embeddable":true,"href":"https:\/\/www.pharmacieonline.lu\/de\/wp-json\/wp\/v2\/media\/47420"}],"wp:attachment":[{"href":"https:\/\/www.pharmacieonline.lu\/de\/wp-json\/wp\/v2\/media?parent=47419"}],"wp:term":[{"taxonomy":"product_brand","embeddable":true,"href":"https:\/\/www.pharmacieonline.lu\/de\/wp-json\/wp\/v2\/product_brand?post=47419"},{"taxonomy":"product_cat","embeddable":true,"href":"https:\/\/www.pharmacieonline.lu\/de\/wp-json\/wp\/v2\/product_cat?post=47419"},{"taxonomy":"product_tag","embeddable":true,"href":"https:\/\/www.pharmacieonline.lu\/de\/wp-json\/wp\/v2\/product_tag?post=47419"}],"curies":[{"name":"wp","href":"https:\/\/api.w.org\/{rel}","templated":true}]}}