{"id":4747,"date":"2020-12-07T16:07:15","date_gmt":"2020-12-07T15:07:15","guid":{"rendered":"https:\/\/www.pharmacieonline.lu\/?post_type=product&#038;p=4747"},"modified":"2026-04-07T08:55:32","modified_gmt":"2026-04-07T06:55:32","slug":"imunixx-500-30tabl","status":"publish","type":"product","link":"https:\/\/www.pharmacieonline.lu\/de\/produit\/imunixx-500-30tabl\/","title":{"rendered":"Imunixx 500 30cp"},"content":{"rendered":"<p>Indikation<\/p>\n<p>geschw\u00e4chte Immunit\u00e4t,<\/p>\n<p>&nbsp;<\/p>\n<p>Verwendung<\/p>\n<p>1 Tablette pro Tag akut<\/p>\n<p>Komposition<\/p>\n<p>500 mg \u00df-1,3 \/ 1,6-Glucan<\/p>","protected":false},"excerpt":{"rendered":"<p>Indikation geschw\u00e4chte Immunit\u00e4t, &nbsp; Verwendung 1 Tablette pro Tag akut Komposition 500 mg \u00df-1,3 \/ 1,6-Glucan<\/p>\n","protected":false},"featured_media":30807,"template":"","meta":{"_acf_changed":false,"footnotes":""},"product_brand":[],"product_cat":[42,766,81,953],"product_tag":[],"class_list":{"0":"post-4747","1":"product","2":"type-product","3":"status-publish","4":"has-post-thumbnail","6":"product_cat-para-pharmacie","7":"product_cat-vitamines","8":"product_cat-stimulants-de-limmunite","9":"product_cat-complements-alimentaires","11":"first","12":"instock","13":"taxable","14":"shipping-taxable","15":"purchasable","16":"product-type-simple"},"acf":[],"_links":{"self":[{"href":"https:\/\/www.pharmacieonline.lu\/de\/wp-json\/wp\/v2\/product\/4747","targetHints":{"allow":["GET"]}}],"collection":[{"href":"https:\/\/www.pharmacieonline.lu\/de\/wp-json\/wp\/v2\/product"}],"about":[{"href":"https:\/\/www.pharmacieonline.lu\/de\/wp-json\/wp\/v2\/types\/product"}],"version-history":[{"count":0,"href":"https:\/\/www.pharmacieonline.lu\/de\/wp-json\/wp\/v2\/product\/4747\/revisions"}],"wp:featuredmedia":[{"embeddable":true,"href":"https:\/\/www.pharmacieonline.lu\/de\/wp-json\/wp\/v2\/media\/30807"}],"wp:attachment":[{"href":"https:\/\/www.pharmacieonline.lu\/de\/wp-json\/wp\/v2\/media?parent=4747"}],"wp:term":[{"taxonomy":"product_brand","embeddable":true,"href":"https:\/\/www.pharmacieonline.lu\/de\/wp-json\/wp\/v2\/product_brand?post=4747"},{"taxonomy":"product_cat","embeddable":true,"href":"https:\/\/www.pharmacieonline.lu\/de\/wp-json\/wp\/v2\/product_cat?post=4747"},{"taxonomy":"product_tag","embeddable":true,"href":"https:\/\/www.pharmacieonline.lu\/de\/wp-json\/wp\/v2\/product_tag?post=4747"}],"curies":[{"name":"wp","href":"https:\/\/api.w.org\/{rel}","templated":true}]}}