{"id":4771,"date":"2020-12-07T16:46:30","date_gmt":"2020-12-07T15:46:30","guid":{"rendered":"https:\/\/www.pharmacieonline.lu\/?post_type=product&#038;p=4771"},"modified":"2026-04-22T16:25:30","modified_gmt":"2026-04-22T14:25:30","slug":"sediplus-sleep-40cp","status":"publish","type":"product","link":"https:\/\/www.pharmacieonline.lu\/de\/produit\/sediplus-sleep-40cp\/","title":{"rendered":"Sediplus sleep 40drg"},"content":{"rendered":"<p>Indikation<br \/>\nF\u00fcr einen nat\u00fcrlichen Schlaf<br \/>\nVerwenden<\/p>\n<p>SEDIPLUS\u00ae Schlaf sollte am Abend vor dem Schlafengehen eingenommen werden, da der darin enthaltene Baldrian-Extrakt zu einer nat\u00fcrlichen Schlafqualit\u00e4t beitr\u00e4gt.<\/p>\n<p>HANDBUCH<\/p>\n<p>ERWACHSENE: 1 Tablette pro Tag, abends vor dem Schlafengehen mit einem Glas Wasser einzunehmen.<br \/>\nKINDER AB 6 JAHREN: 1 Tablette pro Tag, abends vor dem Schlafengehen mit einem Glas Wasser einnehmen.<br \/>\nKomposition<\/p>\n<p>LISTE DER AKTIVEN KOMPONENTEN<\/p>\n<p>350 mg Trockenextrakt von Baldrian Standardisiert auf 0,8% in Valerens\u00e4ure = 2,8 mg<\/p>","protected":false},"excerpt":{"rendered":"<p>Indikation F\u00fcr einen nat\u00fcrlichen Schlaf Verwenden SEDIPLUS\u00ae Schlaf sollte am Abend vor dem Schlafengehen eingenommen werden, da der darin enthaltene Baldrian-Extrakt zu einer nat\u00fcrlichen Schlafqualit\u00e4t beitr\u00e4gt. HANDBUCH ERWACHSENE: 1 Tablette pro Tag, abends vor dem Schlafengehen mit einem Glas Wasser einzunehmen. KINDER AB 6 JAHREN: 1 Tablette pro Tag, abends vor dem Schlafengehen mit einem [&hellip;]<\/p>\n","protected":false},"featured_media":4961,"template":"","meta":{"_acf_changed":false,"footnotes":""},"product_brand":[],"product_cat":[42,953,78,781],"product_tag":[],"class_list":{"0":"post-4771","1":"product","2":"type-product","3":"status-publish","4":"has-post-thumbnail","6":"product_cat-para-pharmacie","7":"product_cat-complements-alimentaires","8":"product_cat-phytotherapie","9":"product_cat-sommeil-stress","11":"first","12":"outofstock","13":"taxable","14":"shipping-taxable","15":"purchasable","16":"product-type-simple"},"acf":[],"_links":{"self":[{"href":"https:\/\/www.pharmacieonline.lu\/de\/wp-json\/wp\/v2\/product\/4771","targetHints":{"allow":["GET"]}}],"collection":[{"href":"https:\/\/www.pharmacieonline.lu\/de\/wp-json\/wp\/v2\/product"}],"about":[{"href":"https:\/\/www.pharmacieonline.lu\/de\/wp-json\/wp\/v2\/types\/product"}],"version-history":[{"count":0,"href":"https:\/\/www.pharmacieonline.lu\/de\/wp-json\/wp\/v2\/product\/4771\/revisions"}],"wp:featuredmedia":[{"embeddable":true,"href":"https:\/\/www.pharmacieonline.lu\/de\/wp-json\/wp\/v2\/media\/4961"}],"wp:attachment":[{"href":"https:\/\/www.pharmacieonline.lu\/de\/wp-json\/wp\/v2\/media?parent=4771"}],"wp:term":[{"taxonomy":"product_brand","embeddable":true,"href":"https:\/\/www.pharmacieonline.lu\/de\/wp-json\/wp\/v2\/product_brand?post=4771"},{"taxonomy":"product_cat","embeddable":true,"href":"https:\/\/www.pharmacieonline.lu\/de\/wp-json\/wp\/v2\/product_cat?post=4771"},{"taxonomy":"product_tag","embeddable":true,"href":"https:\/\/www.pharmacieonline.lu\/de\/wp-json\/wp\/v2\/product_tag?post=4771"}],"curies":[{"name":"wp","href":"https:\/\/api.w.org\/{rel}","templated":true}]}}