{"id":4778,"date":"2020-12-07T16:59:02","date_gmt":"2020-12-07T15:59:02","guid":{"rendered":"https:\/\/www.pharmacieonline.lu\/?post_type=product&#038;p=4778"},"modified":"2026-04-22T16:25:45","modified_gmt":"2026-04-22T14:25:45","slug":"thymogom-24gommes","status":"publish","type":"product","link":"https:\/\/www.pharmacieonline.lu\/de\/produit\/thymogom-24gommes\/","title":{"rendered":"Thymogom 24gommes"},"content":{"rendered":"<p>Verwenden<\/p>\n<p>Erwachsene und Kinder ab 12 Jahren: 6 Zahnfleisch \/ Tag<\/p>\n<p>Lassen Sie das Zahnfleisch f\u00fcr eine optimale Wirkung langsam im Mund schmelzen.<\/p>\n<p>Komposition<\/p>\n<p>Inhaltsstoffe pro Gummi: F\u00fcllstoffe: Gummi arabicum, Sorbitolsirup, Maltitolsirup &#8211; Trockener Thymianextrakt (Thymus vulgaris) 75 mg &#8211; Nat\u00fcrliche Aromen &#8211; S\u00e4uerungsmittel: Zitronens\u00e4ure &#8211; Beschichtungsmittel: Kokos\u00f6l, Carnaubawachs &#8211; S\u00fc\u00dfstoffe: Sucralose, Steviolglycoside. Kann Spuren von Ei, N\u00fcssen und Weizen enthalten.<\/p>","protected":false},"excerpt":{"rendered":"<p>Verwenden Erwachsene und Kinder ab 12 Jahren: 6 Zahnfleisch \/ Tag Lassen Sie das Zahnfleisch f\u00fcr eine optimale Wirkung langsam im Mund schmelzen. Komposition Inhaltsstoffe pro Gummi: F\u00fcllstoffe: Gummi arabicum, Sorbitolsirup, Maltitolsirup &#8211; Trockener Thymianextrakt (Thymus vulgaris) 75 mg &#8211; Nat\u00fcrliche Aromen &#8211; S\u00e4uerungsmittel: Zitronens\u00e4ure &#8211; Beschichtungsmittel: Kokos\u00f6l, Carnaubawachs &#8211; S\u00fc\u00dfstoffe: Sucralose, Steviolglycoside. Kann Spuren [&hellip;]<\/p>\n","protected":false},"featured_media":4951,"template":"","meta":{"_acf_changed":false,"footnotes":""},"product_brand":[],"product_cat":[42,105,83,78],"product_tag":[],"class_list":{"0":"post-4778","1":"product","2":"type-product","3":"status-publish","4":"has-post-thumbnail","6":"product_cat-para-pharmacie","7":"product_cat-comprimes-gorge","8":"product_cat-gorge","9":"product_cat-phytotherapie","11":"first","12":"instock","13":"taxable","14":"shipping-taxable","15":"purchasable","16":"product-type-simple"},"acf":[],"_links":{"self":[{"href":"https:\/\/www.pharmacieonline.lu\/de\/wp-json\/wp\/v2\/product\/4778","targetHints":{"allow":["GET"]}}],"collection":[{"href":"https:\/\/www.pharmacieonline.lu\/de\/wp-json\/wp\/v2\/product"}],"about":[{"href":"https:\/\/www.pharmacieonline.lu\/de\/wp-json\/wp\/v2\/types\/product"}],"version-history":[{"count":0,"href":"https:\/\/www.pharmacieonline.lu\/de\/wp-json\/wp\/v2\/product\/4778\/revisions"}],"wp:featuredmedia":[{"embeddable":true,"href":"https:\/\/www.pharmacieonline.lu\/de\/wp-json\/wp\/v2\/media\/4951"}],"wp:attachment":[{"href":"https:\/\/www.pharmacieonline.lu\/de\/wp-json\/wp\/v2\/media?parent=4778"}],"wp:term":[{"taxonomy":"product_brand","embeddable":true,"href":"https:\/\/www.pharmacieonline.lu\/de\/wp-json\/wp\/v2\/product_brand?post=4778"},{"taxonomy":"product_cat","embeddable":true,"href":"https:\/\/www.pharmacieonline.lu\/de\/wp-json\/wp\/v2\/product_cat?post=4778"},{"taxonomy":"product_tag","embeddable":true,"href":"https:\/\/www.pharmacieonline.lu\/de\/wp-json\/wp\/v2\/product_tag?post=4778"}],"curies":[{"name":"wp","href":"https:\/\/api.w.org\/{rel}","templated":true}]}}