{"id":47873,"date":"2024-11-21T16:18:05","date_gmt":"2024-11-21T15:18:05","guid":{"rendered":"https:\/\/www.pharmacieonline.lu\/?post_type=product&#038;p=47873"},"modified":"2026-04-11T02:25:44","modified_gmt":"2026-04-11T00:25:44","slug":"vitry-eau-de-soleil-30ml-belux","status":"publish","type":"product","link":"https:\/\/www.pharmacieonline.lu\/de\/produit\/vitry-eau-de-soleil-30ml-belux\/","title":{"rendered":"VITRY EAU DE SOLEIL 30ML BELUX"},"content":{"rendered":"<p>ANZEIGE<\/p>\n<p>F\u00fcr einen gebr\u00e4unten Teint in nur wenigen Minuten.<\/p>\n<p>VERWENDEN<\/p>\n<p>Die Lotion l\u00e4sst sich ganz einfach mit dem Finger oder einem Wattepad auf Gesicht und K\u00f6rper auftragen. F\u00fcr ein intensiveres Ergebnis kann es in mehreren Schichten aufgetragen werden. Waschen Sie Ihre H\u00e4nde nach der Anwendung.<\/p>\n<p>ZUSAMMENSETZUNG<\/p>\n<p>AQUA (WASSER, EAU), GLYCERIN, PROPANEDIOL, POLYSORBAT 20, COFFEA ARABICA (KAFFEE)-SAMENEXTRAKT, HYDROXYACETOPHENON, PARFUM (DUFT), 1,2-HEXANDIOL, CAPRYLYL GLYKOL, GALACTOARABINAN, NATRIUMHYALURONAT, CI 14700 (ROT 4), TETRASODIUMGLUTAMATDIACETAT, TOCOPHERYLACETAT, CI 42090 (BLAU 1), KALIUMSORBAT, NATRIUMBENZOAT, MILCHS\u00c4URE, NATRIUMHYDROXID, ZITRONENS\u00c4URE.<\/p>","protected":false},"excerpt":{"rendered":"<p>ANZEIGE F\u00fcr einen gebr\u00e4unten Teint in nur wenigen Minuten. VERWENDEN Die Lotion l\u00e4sst sich ganz einfach mit dem Finger oder einem Wattepad auf Gesicht und K\u00f6rper auftragen. F\u00fcr ein intensiveres Ergebnis kann es in mehreren Schichten aufgetragen werden. Waschen Sie Ihre H\u00e4nde nach der Anwendung. ZUSAMMENSETZUNG AQUA (WASSER, EAU), GLYCERIN, PROPANEDIOL, POLYSORBAT 20, COFFEA ARABICA [&hellip;]<\/p>\n","protected":false},"featured_media":47874,"template":"","meta":{"_acf_changed":false,"footnotes":""},"product_brand":[],"product_cat":[763,42],"product_tag":[],"class_list":{"0":"post-47873","1":"product","2":"type-product","3":"status-publish","4":"has-post-thumbnail","6":"product_cat-maquillages","7":"product_cat-para-pharmacie","9":"first","10":"instock","11":"sale","12":"taxable","13":"shipping-taxable","14":"purchasable","15":"product-type-simple"},"acf":[],"_links":{"self":[{"href":"https:\/\/www.pharmacieonline.lu\/de\/wp-json\/wp\/v2\/product\/47873","targetHints":{"allow":["GET"]}}],"collection":[{"href":"https:\/\/www.pharmacieonline.lu\/de\/wp-json\/wp\/v2\/product"}],"about":[{"href":"https:\/\/www.pharmacieonline.lu\/de\/wp-json\/wp\/v2\/types\/product"}],"version-history":[{"count":0,"href":"https:\/\/www.pharmacieonline.lu\/de\/wp-json\/wp\/v2\/product\/47873\/revisions"}],"wp:featuredmedia":[{"embeddable":true,"href":"https:\/\/www.pharmacieonline.lu\/de\/wp-json\/wp\/v2\/media\/47874"}],"wp:attachment":[{"href":"https:\/\/www.pharmacieonline.lu\/de\/wp-json\/wp\/v2\/media?parent=47873"}],"wp:term":[{"taxonomy":"product_brand","embeddable":true,"href":"https:\/\/www.pharmacieonline.lu\/de\/wp-json\/wp\/v2\/product_brand?post=47873"},{"taxonomy":"product_cat","embeddable":true,"href":"https:\/\/www.pharmacieonline.lu\/de\/wp-json\/wp\/v2\/product_cat?post=47873"},{"taxonomy":"product_tag","embeddable":true,"href":"https:\/\/www.pharmacieonline.lu\/de\/wp-json\/wp\/v2\/product_tag?post=47873"}],"curies":[{"name":"wp","href":"https:\/\/api.w.org\/{rel}","templated":true}]}}