{"id":48015,"date":"2024-12-06T11:26:05","date_gmt":"2024-12-06T10:26:05","guid":{"rendered":"https:\/\/www.pharmacieonline.lu\/?post_type=product&#038;p=48015"},"modified":"2026-04-04T10:55:10","modified_gmt":"2026-04-04T08:55:10","slug":"peluche-chaud-froid-bambi","status":"publish","type":"product","link":"https:\/\/www.pharmacieonline.lu\/de\/produit\/peluche-chaud-froid-bambi\/","title":{"rendered":"PELUCHE CHAUD\/FROID BAMBI"},"content":{"rendered":"<p>Mikrowellengeeignete W\u00e4rmflasche, um Kindern W\u00e4rme und Komfort zu bieten.<\/p>\n<p>Die Silikonperlen k\u00f6nnen f\u00fcr eine hei\u00dfe Wirkung in der Mikrowelle erhitzt werden, k\u00f6nnen aber auch f\u00fcr eine kalte Wirkung in den Gefrierschrank gestellt werden.<\/p>\n<p>Der Bezug ist abnehmbar und waschbar.<\/p>\n<p>Geeignet f\u00fcr Kinder ab 3 Jahren.<\/p>","protected":false},"excerpt":{"rendered":"<p>Mikrowellengeeignete W\u00e4rmflasche, um Kindern W\u00e4rme und Komfort zu bieten. Die Silikonperlen k\u00f6nnen f\u00fcr eine hei\u00dfe Wirkung in der Mikrowelle erhitzt werden, k\u00f6nnen aber auch f\u00fcr eine kalte Wirkung in den Gefrierschrank gestellt werden. Der Bezug ist abnehmbar und waschbar. Geeignet f\u00fcr Kinder ab 3 Jahren.<\/p>\n","protected":false},"featured_media":48016,"template":"","meta":{"_acf_changed":false,"footnotes":""},"product_brand":[],"product_cat":[1025],"product_tag":[],"class_list":{"0":"post-48015","1":"product","2":"type-product","3":"status-publish","4":"has-post-thumbnail","6":"product_cat-enfants","8":"first","9":"outofstock","10":"taxable","11":"shipping-taxable","12":"purchasable","13":"product-type-simple"},"acf":[],"_links":{"self":[{"href":"https:\/\/www.pharmacieonline.lu\/de\/wp-json\/wp\/v2\/product\/48015","targetHints":{"allow":["GET"]}}],"collection":[{"href":"https:\/\/www.pharmacieonline.lu\/de\/wp-json\/wp\/v2\/product"}],"about":[{"href":"https:\/\/www.pharmacieonline.lu\/de\/wp-json\/wp\/v2\/types\/product"}],"version-history":[{"count":0,"href":"https:\/\/www.pharmacieonline.lu\/de\/wp-json\/wp\/v2\/product\/48015\/revisions"}],"wp:featuredmedia":[{"embeddable":true,"href":"https:\/\/www.pharmacieonline.lu\/de\/wp-json\/wp\/v2\/media\/48016"}],"wp:attachment":[{"href":"https:\/\/www.pharmacieonline.lu\/de\/wp-json\/wp\/v2\/media?parent=48015"}],"wp:term":[{"taxonomy":"product_brand","embeddable":true,"href":"https:\/\/www.pharmacieonline.lu\/de\/wp-json\/wp\/v2\/product_brand?post=48015"},{"taxonomy":"product_cat","embeddable":true,"href":"https:\/\/www.pharmacieonline.lu\/de\/wp-json\/wp\/v2\/product_cat?post=48015"},{"taxonomy":"product_tag","embeddable":true,"href":"https:\/\/www.pharmacieonline.lu\/de\/wp-json\/wp\/v2\/product_tag?post=48015"}],"curies":[{"name":"wp","href":"https:\/\/api.w.org\/{rel}","templated":true}]}}