{"id":4804,"date":"2020-12-07T17:57:10","date_gmt":"2020-12-07T16:57:10","guid":{"rendered":"https:\/\/www.pharmacieonline.lu\/?post_type=product&#038;p=4804"},"modified":"2026-04-22T02:25:14","modified_gmt":"2026-04-22T00:25:14","slug":"almased-vitalkost-500-g","status":"publish","type":"product","link":"https:\/\/www.pharmacieonline.lu\/de\/produit\/almased-vitalkost-500-g\/","title":{"rendered":"ALMASED VITALKOST 500 G"},"content":{"rendered":"<p>Eine Dose enth\u00e4lt 500 g &#8211; 10 Portionen<\/p>\n<p>Vorbereitung des Shakes;<\/p>\n<p>200 ml Wasser in ein Glas geben, Shaker<\/p>\n<p>2 Teel\u00f6ffel Pflanzen\u00f6l hinzuf\u00fcgen, das reich an Omega 3 ist (Raps\u00f6l)<\/p>\n<p>50 g Almas-Pulver hinzuf\u00fcgen (+ &#8211; 5 Essl\u00f6ffel Pulver)<\/p>\n<p>gut umr\u00fchren, sch\u00fctteln<\/p>\n<p>zur Gewichtsreduktion; Ersetzen Sie 2 der 3 Hauptmahlzeiten.<\/p>\n<p>Abgesehen von einer Di\u00e4t kann Almased auch zur Stabilisierung des Gewichts oder f\u00fcr Sportler mit einer Rate von 2-5 Essl\u00f6ffeln in Fl\u00fcssigkeit, Joghurt, M\u00fcsli \/ Tag verwendet werden<\/p>","protected":false},"excerpt":{"rendered":"<p class=\"qtranxs-available-languages-message qtranxs-available-languages-message-de\">\n<p>Compl\u00e9ment alimentaire sous forme de poudre utilis\u00e9 pour substituer un repas en cas de r\u00e9gime.<\/p>\n<p>Hyperprot\u00e9in\u00e9, sans gluten, naturelle et test\u00e9 cliniquement<\/p>\n<p>&nbsp;<\/p>\n","protected":false},"featured_media":5161,"template":"","meta":{"_acf_changed":false,"footnotes":""},"product_brand":[],"product_cat":[42,63,49,953],"product_tag":[],"class_list":{"0":"post-4804","1":"product","2":"type-product","3":"status-publish","4":"has-post-thumbnail","6":"product_cat-para-pharmacie","7":"product_cat-produits-aminicissants","8":"product_cat-minceurs","9":"product_cat-complements-alimentaires","11":"first","12":"instock","13":"taxable","14":"shipping-taxable","15":"purchasable","16":"product-type-simple"},"acf":[],"_links":{"self":[{"href":"https:\/\/www.pharmacieonline.lu\/de\/wp-json\/wp\/v2\/product\/4804","targetHints":{"allow":["GET"]}}],"collection":[{"href":"https:\/\/www.pharmacieonline.lu\/de\/wp-json\/wp\/v2\/product"}],"about":[{"href":"https:\/\/www.pharmacieonline.lu\/de\/wp-json\/wp\/v2\/types\/product"}],"version-history":[{"count":0,"href":"https:\/\/www.pharmacieonline.lu\/de\/wp-json\/wp\/v2\/product\/4804\/revisions"}],"wp:featuredmedia":[{"embeddable":true,"href":"https:\/\/www.pharmacieonline.lu\/de\/wp-json\/wp\/v2\/media\/5161"}],"wp:attachment":[{"href":"https:\/\/www.pharmacieonline.lu\/de\/wp-json\/wp\/v2\/media?parent=4804"}],"wp:term":[{"taxonomy":"product_brand","embeddable":true,"href":"https:\/\/www.pharmacieonline.lu\/de\/wp-json\/wp\/v2\/product_brand?post=4804"},{"taxonomy":"product_cat","embeddable":true,"href":"https:\/\/www.pharmacieonline.lu\/de\/wp-json\/wp\/v2\/product_cat?post=4804"},{"taxonomy":"product_tag","embeddable":true,"href":"https:\/\/www.pharmacieonline.lu\/de\/wp-json\/wp\/v2\/product_tag?post=4804"}],"curies":[{"name":"wp","href":"https:\/\/api.w.org\/{rel}","templated":true}]}}