{"id":4809,"date":"2020-12-08T10:00:08","date_gmt":"2020-12-08T09:00:08","guid":{"rendered":"https:\/\/www.pharmacieonline.lu\/?post_type=product&#038;p=4809"},"modified":"2026-04-07T11:55:33","modified_gmt":"2026-04-07T09:55:33","slug":"pranarom-synergies-force-vitalite-30ml","status":"publish","type":"product","link":"https:\/\/www.pharmacieonline.lu\/de\/produit\/pranarom-synergies-force-vitalite-30ml\/","title":{"rendered":"PRANAROM SYNERGIES FORCE VITALITE 30ML"},"content":{"rendered":"<p>Kraft und Vitalit\u00e4t DIE DIFFUSABLES<\/p>\n<p>BIO (ECO)<\/p>\n<p>Belebende und anregende Frische &#8211; Kiefer und Ravintsara<\/p>\n<p>Ein belebender und belebender Akkord, durchsetzt mit fruchtigen und luftigen Noten.<\/p>\n<p>Die belebende Energie von Pine, Ravintsara und Mint konzentrierte sich auf eine anregende und anregende Komposition. Diese Mischung konzentriert die Vorz\u00fcge von \u00e4therischen \u00d6len, um bei vor\u00fcbergehender M\u00fcdigkeit oder schwierigen Winterperioden wieder Ton und Vitalit\u00e4t zu erlangen.<\/p>\n<p>Verwenden<\/p>\n<p>Tipps: \u2022 Verwenden Sie nur Diffusoren, die sich nicht erw\u00e4rmen.<\/p>\n<p>\u2022 Gie\u00dfen Sie 3 bis 5 Tropfen f\u00fcr einen Raum von 9 bis 15 m\u00b2 (siehe Gebrauchsanweisung des verwendeten Diffusors).<\/p>\n<p>Komposition<\/p>\n<p>Zusammensetzung: 100% organische \u00e4therische \u00d6le *: Seekiefer, kugelf\u00f6rmiger Eukalyptus, mentholierter Eukalyptus, gr\u00fcne Minze, S\u00fc\u00dforange, Ravintsara, Mandravasarotra.<\/p>","protected":false},"excerpt":{"rendered":"<p class=\"qtranxs-available-languages-message qtranxs-available-languages-message-de\">\n<div id=\"product-description-short-5626\" class=\"product-description-small h5\">\n<div>Pin et Ravintsara &#8211; Fraicheur tonifiante et stimulante<\/div>\n<\/div>\n<div id=\"product-description-5626\" class=\"product-description\">\n<div>\n<p>Un accord vivifiant et tonique entrem\u00eal\u00e9 de notes fruit\u00e9es et a\u00e9r\u00e9es.<\/p>\n<p>Toute l\u2019\u00e9nergie revigorante du Pin, du Ravintsara et de la Menthe concentr\u00e9e en une composition dynamisante et stimulante. Ce m\u00e9lange concentre les vertus des huiles essentielles pour retrouver tonus et vitalit\u00e9 en cas de fatigue passag\u00e8re ou de p\u00e9riode difficile en hiver.<\/p>\n<\/div>\n<\/div>\n<div>\n<h5>Posologie<\/h5>\n<div class=\"product-dosage\">\u2022 Utiliser uniquement des diffuseurs qui ne chauffent pas.<br \/>\n\u2022 Verser 3 \u00e0 5 gouttes pour une pi\u00e8ce de 9 \u00e0 15m\u00b2 (voir mode d\u2019emploi du diffuseur utilis\u00e9).<\/div>\n<\/div>\n","protected":false},"featured_media":4810,"template":"","meta":{"_acf_changed":false,"footnotes":""},"product_brand":[],"product_cat":[42,79],"product_tag":[],"class_list":{"0":"post-4809","1":"product","2":"type-product","3":"status-publish","4":"has-post-thumbnail","6":"product_cat-para-pharmacie","7":"product_cat-aromatherapie","9":"first","10":"outofstock","11":"taxable","12":"shipping-taxable","13":"purchasable","14":"product-type-simple"},"acf":[],"_links":{"self":[{"href":"https:\/\/www.pharmacieonline.lu\/de\/wp-json\/wp\/v2\/product\/4809","targetHints":{"allow":["GET"]}}],"collection":[{"href":"https:\/\/www.pharmacieonline.lu\/de\/wp-json\/wp\/v2\/product"}],"about":[{"href":"https:\/\/www.pharmacieonline.lu\/de\/wp-json\/wp\/v2\/types\/product"}],"version-history":[{"count":0,"href":"https:\/\/www.pharmacieonline.lu\/de\/wp-json\/wp\/v2\/product\/4809\/revisions"}],"wp:featuredmedia":[{"embeddable":true,"href":"https:\/\/www.pharmacieonline.lu\/de\/wp-json\/wp\/v2\/media\/4810"}],"wp:attachment":[{"href":"https:\/\/www.pharmacieonline.lu\/de\/wp-json\/wp\/v2\/media?parent=4809"}],"wp:term":[{"taxonomy":"product_brand","embeddable":true,"href":"https:\/\/www.pharmacieonline.lu\/de\/wp-json\/wp\/v2\/product_brand?post=4809"},{"taxonomy":"product_cat","embeddable":true,"href":"https:\/\/www.pharmacieonline.lu\/de\/wp-json\/wp\/v2\/product_cat?post=4809"},{"taxonomy":"product_tag","embeddable":true,"href":"https:\/\/www.pharmacieonline.lu\/de\/wp-json\/wp\/v2\/product_tag?post=4809"}],"curies":[{"name":"wp","href":"https:\/\/api.w.org\/{rel}","templated":true}]}}