{"id":4811,"date":"2020-12-08T10:03:19","date_gmt":"2020-12-08T09:03:19","guid":{"rendered":"https:\/\/www.pharmacieonline.lu\/?post_type=product&#038;p=4811"},"modified":"2026-04-07T11:55:33","modified_gmt":"2026-04-07T09:55:33","slug":"pranarom-synergies-zeste-tonique-30ml","status":"publish","type":"product","link":"https:\/\/www.pharmacieonline.lu\/de\/produit\/pranarom-synergies-zeste-tonique-30ml\/","title":{"rendered":"PRANAROM SYNERGIES ZESTE TONIQUE 30ML"},"content":{"rendered":"<p>LES DIFFUSABLES Tonic Zest &#8211; ORGANIC (ECO)<\/p>\n<p>Sprudelnder, w\u00fcrziger Duft &#8211; Zitrone und Bergamotte<\/p>\n<p>Funkelnde und w\u00fcrzige Noten, die an die Frische und das leuchtende Gelb der Zitrone erinnern.<\/p>\n<p>Belebender Duft von Essenzen aus Schale, Orangenbl\u00e4ttern und Zitrone: eine echte funkelnde Geruchsexplosion, die Ihren Optimismus und Ihre Begeisterung steigern wird! Lassen Sie sich von diesen Noten frisch geschnittener Zitrusfr\u00fcchte transportieren, die nach Sonne riechen.<\/p>\n<p>Verwenden<\/p>\n<p>Tipps: \u2022 Verwenden Sie nur Diffusoren, die sich nicht erw\u00e4rmen.<\/p>\n<p>\u2022 Gie\u00dfen Sie 3 bis 5 Tropfen f\u00fcr einen Raum von 9 bis 15 m\u00b2 (siehe Gebrauchsanweisung des verwendeten Diffusors).<\/p>\n<p>Vorsichtsma\u00dfnahmen:<\/p>\n<p>&#8211; Stellen Sie den Diffusor nicht in der N\u00e4he von Heizger\u00e4ten und au\u00dferhalb der Reichweite von Kindern in einem gut bel\u00fcfteten Raum auf. &#8211; Positionieren Sie den Diffusor so, dass ein direkter Kontakt mit Gesicht oder Augen vermieden wird. &#8211; Nicht im Zimmer von Kindern unter 2 Jahren verteilen. &#8211; In Abwesenheit von empfindlichen Personen (schwangere Frau, Baby, Person mit Asthma oder Kr\u00e4mpfen) oder empfindlichen Tieren verteilen.<\/p>\n<p>Komposition<\/p>\n<p>Zusammensetzung: 100% organische \u00e4therische \u00d6le *: Zitronenbaum, Bergamotte, Limette, kleink\u00f6rnige Bigarade, S\u00fc\u00dforange, gr\u00fcne Minze, Sternanis.<\/p>","protected":false},"excerpt":{"rendered":"<p class=\"qtranxs-available-languages-message qtranxs-available-languages-message-de\">\n<div id=\"product-description-short-5624\" class=\"product-description-small h5\">\n<div>Citron et Bergamote &#8211; Fragrance p\u00e9tillante acidul\u00e9<\/div>\n<\/div>\n<div id=\"product-description-5624\" class=\"product-description\">\n<div>\n<p>Des notes p\u00e9tillantes et acidul\u00e9es qui \u00e9voquent la fraicheur et le jaune \u00e9clatant du citron.<\/p>\n<p>Fragrance tonique des essences de zestes, de feuilles d\u2019Orange et de Citron : une v\u00e9ritable explosion olfactive p\u00e9tillante qui boostera votre optimisme et votre enthousiasme?! Laissez-vous transporter par ces notes d\u2019agrumes fraichement coup\u00e9s qui sentent bon le soleil.<\/p>\n<\/div>\n<\/div>\n<div>\n<h5>Posologie<\/h5>\n<div class=\"product-dosage\">\u2022 Utiliser uniquement des diffuseurs qui ne chauffent pas.<br \/>\n\u2022 Verser 3 \u00e0 5 gouttes pour une pi\u00e8ce de 9 \u00e0 15m\u00b2 (voir mode d\u2019emploi du diffuseur utilis\u00e9).<\/div>\n<\/div>\n","protected":false},"featured_media":4812,"template":"","meta":{"_acf_changed":false,"footnotes":""},"product_brand":[],"product_cat":[42,79],"product_tag":[],"class_list":{"0":"post-4811","1":"product","2":"type-product","3":"status-publish","4":"has-post-thumbnail","6":"product_cat-para-pharmacie","7":"product_cat-aromatherapie","9":"first","10":"instock","11":"taxable","12":"shipping-taxable","13":"purchasable","14":"product-type-simple"},"acf":[],"_links":{"self":[{"href":"https:\/\/www.pharmacieonline.lu\/de\/wp-json\/wp\/v2\/product\/4811","targetHints":{"allow":["GET"]}}],"collection":[{"href":"https:\/\/www.pharmacieonline.lu\/de\/wp-json\/wp\/v2\/product"}],"about":[{"href":"https:\/\/www.pharmacieonline.lu\/de\/wp-json\/wp\/v2\/types\/product"}],"version-history":[{"count":0,"href":"https:\/\/www.pharmacieonline.lu\/de\/wp-json\/wp\/v2\/product\/4811\/revisions"}],"wp:featuredmedia":[{"embeddable":true,"href":"https:\/\/www.pharmacieonline.lu\/de\/wp-json\/wp\/v2\/media\/4812"}],"wp:attachment":[{"href":"https:\/\/www.pharmacieonline.lu\/de\/wp-json\/wp\/v2\/media?parent=4811"}],"wp:term":[{"taxonomy":"product_brand","embeddable":true,"href":"https:\/\/www.pharmacieonline.lu\/de\/wp-json\/wp\/v2\/product_brand?post=4811"},{"taxonomy":"product_cat","embeddable":true,"href":"https:\/\/www.pharmacieonline.lu\/de\/wp-json\/wp\/v2\/product_cat?post=4811"},{"taxonomy":"product_tag","embeddable":true,"href":"https:\/\/www.pharmacieonline.lu\/de\/wp-json\/wp\/v2\/product_tag?post=4811"}],"curies":[{"name":"wp","href":"https:\/\/api.w.org\/{rel}","templated":true}]}}