{"id":4816,"date":"2020-12-08T10:08:03","date_gmt":"2020-12-08T09:08:03","guid":{"rendered":"https:\/\/www.pharmacieonline.lu\/?post_type=product&#038;p=4816"},"modified":"2026-04-08T01:55:29","modified_gmt":"2026-04-07T23:55:29","slug":"pranarom-sommeil-bio-eco-30-ml","status":"publish","type":"product","link":"https:\/\/www.pharmacieonline.lu\/de\/produit\/pranarom-sommeil-bio-eco-30-ml\/","title":{"rendered":"PRANAROM SOMMEIL BIO (ECO) 30 ML"},"content":{"rendered":"<p>Komposition<br \/>\n100% \u00e4therische Bio-\u00d6le *: S\u00fc\u00dforange, Petitgrain-Bigarade, Lavandin, Mandarine, Bergamotte, Echter Lavendel, Edle Kamille<br \/>\n* Inhaltsstoff aus \u00f6kologischem Landbau (Certisys BE-BIO-01-Kontrolle) &#8211; ECOGARANTIE \u00ae -zertifiziertes Produkt gem\u00e4\u00df ECOGARANTIE-Spezifikationen (CERTISYS-Kontrolle)<br \/>\nVorsichtsma\u00dfnahmen<br \/>\n&#8211; Stellen Sie den Diffusor nicht in der N\u00e4he von Heizger\u00e4ten und au\u00dferhalb der Reichweite von Kindern in einem gut bel\u00fcfteten Raum auf. &#8211; Positionieren Sie den Diffusor so, dass ein direkter Kontakt mit Gesicht oder Augen vermieden wird. &#8211; Nicht im Schlafzimmer von Kindern unter 2 Jahren verteilen. &#8211; In Abwesenheit von empfindlichen Personen (schwangere Frauen, Babys, Asthmatiker oder Krampfkranke) oder empfindlichen Tieren verteilen.<\/p>","protected":false},"excerpt":{"rendered":"<p class=\"qtranxs-available-languages-message qtranxs-available-languages-message-de\">\n<div id=\"product-description-short-32617\" class=\"product-description-small h5\">\n<div>Camomille et Mandarine &#8211; Relaxation et nuit paisible<\/div>\n<\/div>\n<div id=\"product-description-32617\" class=\"product-description\">\n<div>Subtils effluves apaisants de Camomille et de Mandarine pour s\u2019endormir en toute s\u00e9r\u00e9nit\u00e9 et profiter des bienfaits d\u2019un sommeil paisible.<\/div>\n<\/div>\n<div>\n<h5>Posologie<\/h5>\n<div class=\"product-dosage\">\u2022 Utiliser uniquement des diffuseurs qui ne chauffent pas.<br \/>\n\u2022 Verser 3 \u00e0 5 gouttes pour une pi\u00e8ce de 9 \u00e0 15m\u00b2 (voir mode d\u2019emploi du diffuseur utilis\u00e9).<\/div>\n<\/div>\n","protected":false},"featured_media":5317,"template":"","meta":{"_acf_changed":false,"footnotes":""},"product_brand":[],"product_cat":[42,79],"product_tag":[],"class_list":{"0":"post-4816","1":"product","2":"type-product","3":"status-publish","4":"has-post-thumbnail","6":"product_cat-para-pharmacie","7":"product_cat-aromatherapie","9":"first","10":"instock","11":"taxable","12":"shipping-taxable","13":"purchasable","14":"product-type-simple"},"acf":[],"_links":{"self":[{"href":"https:\/\/www.pharmacieonline.lu\/de\/wp-json\/wp\/v2\/product\/4816","targetHints":{"allow":["GET"]}}],"collection":[{"href":"https:\/\/www.pharmacieonline.lu\/de\/wp-json\/wp\/v2\/product"}],"about":[{"href":"https:\/\/www.pharmacieonline.lu\/de\/wp-json\/wp\/v2\/types\/product"}],"version-history":[{"count":0,"href":"https:\/\/www.pharmacieonline.lu\/de\/wp-json\/wp\/v2\/product\/4816\/revisions"}],"wp:featuredmedia":[{"embeddable":true,"href":"https:\/\/www.pharmacieonline.lu\/de\/wp-json\/wp\/v2\/media\/5317"}],"wp:attachment":[{"href":"https:\/\/www.pharmacieonline.lu\/de\/wp-json\/wp\/v2\/media?parent=4816"}],"wp:term":[{"taxonomy":"product_brand","embeddable":true,"href":"https:\/\/www.pharmacieonline.lu\/de\/wp-json\/wp\/v2\/product_brand?post=4816"},{"taxonomy":"product_cat","embeddable":true,"href":"https:\/\/www.pharmacieonline.lu\/de\/wp-json\/wp\/v2\/product_cat?post=4816"},{"taxonomy":"product_tag","embeddable":true,"href":"https:\/\/www.pharmacieonline.lu\/de\/wp-json\/wp\/v2\/product_tag?post=4816"}],"curies":[{"name":"wp","href":"https:\/\/api.w.org\/{rel}","templated":true}]}}