{"id":4830,"date":"2020-12-08T10:31:22","date_gmt":"2020-12-08T09:31:22","guid":{"rendered":"https:\/\/www.pharmacieonline.lu\/?post_type=product&#038;p=4830"},"modified":"2026-04-22T02:25:21","modified_gmt":"2026-04-22T00:25:21","slug":"activox-miel-citron-24-past","status":"publish","type":"product","link":"https:\/\/www.pharmacieonline.lu\/de\/produit\/activox-miel-citron-24-past\/","title":{"rendered":"ACTIVOX MIEL CITRON 24 PAST"},"content":{"rendered":"<p>Activox\u00ae: 2 Pflanzen, um den Hals zu beruhigen!<\/p>\n<p>Aufbauend auf ihrem Fachwissen auf dem Gebiet der Phytotherapie haben die Arkopharma-Labors speziell Activox\u00ae Pastilles entwickelt: eine Formel, die auf Erysimum und Matricaria basiert und von Gruppenexperten streng ausgew\u00e4hlt wurde.<\/p>\n<p>&nbsp;<\/p>\n<p>Erysimum ist bekannt f\u00fcr seine beruhigende Wirkung auf den Hals und sorgt f\u00fcr ein angenehmes Gef\u00fchl der Frische. Es wird auch bei Stimmbanderm\u00fcdung (Heiserkeit) empfohlen.<br \/>\nWie Erysimum ist Matricaria f\u00fcr seine beruhigende Wirkung auf den Hals bekannt. Es ist daher im Winter n\u00fctzlich.<br \/>\nZutaten Detail<\/p>\n<p>S\u00fc\u00dfstoff: Sorbit &#8211; Zitronengeschmack &#8211; Extrakt der bl\u00fchenden Spitze von Erysimum (Sisymbrium officinale (L.) Scop.) &#8211; Verdickungsmittel: Gummi arabicum &#8211; Extrakt der Matricaria-Blume (Matricaria chamomilla L.) &#8211; S\u00e4uerungsmittel: Zitronens\u00e4ure &#8211; Honiggeschmack ( Sellerie).<\/p>","protected":false},"excerpt":{"rendered":"<p class=\"qtranxs-available-languages-message qtranxs-available-languages-message-de\">\n<div class=\"product-categories\">\n<div class=\"category\"><a class=\"catalog-category-0\" href=\"https:\/\/www.arkopharma.com\/fr-FR\/sante-naturelle\">SANT\u00c9 NATURELLE<\/a><\/div>\n<div class=\"category\"><a class=\"catalog-category-1\" href=\"https:\/\/www.arkopharma.com\/fr-FR\/maux-hiver\">MAUX DE L&#8217;HIVER\u00a0<\/a>,\u00a0<a class=\"catalog-category-1\" href=\"https:\/\/www.arkopharma.com\/fr-FR\/gorge-sensible\">GORGE SENSIBLE<\/a><\/div>\n<div class=\"category\"><span class=\"catalog-category-3\">Compl\u00e9ment alimentaire<\/span><\/div>\n<\/div>\n<div class=\"product-description-text\">\n<div class=\"field field--name-field-product-description field--type-text-long field--label-hidden field--item\">\n<p>Activox\u00ae Pastilles est un compl\u00e9ment alimentaire\u00a0<strong>sp\u00e9cialement formul\u00e9 pour adoucir la gorge<\/strong>.<\/p>\n<p>Les pastilles Activox\u00ae contiennent de l&#8216;<strong>Erysimum<\/strong>\u00a0et de la\u00a0<strong>Matricaire<\/strong>. Ces plantes sont connues pour leur action adoucissante au niveau de la gorge.<\/p>\n<p><strong>Sans sucre<\/strong>, les pastilles Activox\u00ae procurent une\u00a0<strong>sensation de fra\u00eecheur<\/strong>\u00a0agr\u00e9able et durable et sont aussi conseill\u00e9es en cas de\u00a0<strong>fatigue des cordes vocales\u00a0<\/strong>(enrouement).<\/p>\n<p>Compl\u00e9ment alimentaire. Pastilles \u00e0 sucer.<\/p>\n<ul>\n<li><u>Adultes\u00a0<\/u>: Prendre\u00a0<strong>4\u00a0\u00e0\u00a06\u00a0pastilles par jour\u00a0<\/strong>\u00e0 r\u00e9partir dans la journ\u00e9e (minimum 2\u00a0heures entre les prises).<\/li>\n<li><u>Enfants \u00e0 partir de 6\u00a0ans<\/u>\u00a0: Prendre\u00a0<strong>2\u00a0ou\u00a03\u00a0pastilles par jour\u00a0<\/strong>\u00e0 r\u00e9partir dans la journ\u00e9e (minimum 2\u00a0heures entre les prises).<\/li>\n<\/ul>\n<\/div>\n<\/div>\n","protected":false},"featured_media":4926,"template":"","meta":{"_acf_changed":false,"footnotes":""},"product_brand":[],"product_cat":[43,105,83,78],"product_tag":[],"class_list":{"0":"post-4830","1":"product","2":"type-product","3":"status-publish","4":"has-post-thumbnail","6":"product_cat-medicaments-en-vente-libre","7":"product_cat-comprimes-gorge","8":"product_cat-gorge","9":"product_cat-phytotherapie","11":"first","12":"instock","13":"taxable","14":"shipping-taxable","15":"purchasable","16":"product-type-simple"},"acf":[],"_links":{"self":[{"href":"https:\/\/www.pharmacieonline.lu\/de\/wp-json\/wp\/v2\/product\/4830","targetHints":{"allow":["GET"]}}],"collection":[{"href":"https:\/\/www.pharmacieonline.lu\/de\/wp-json\/wp\/v2\/product"}],"about":[{"href":"https:\/\/www.pharmacieonline.lu\/de\/wp-json\/wp\/v2\/types\/product"}],"version-history":[{"count":0,"href":"https:\/\/www.pharmacieonline.lu\/de\/wp-json\/wp\/v2\/product\/4830\/revisions"}],"wp:featuredmedia":[{"embeddable":true,"href":"https:\/\/www.pharmacieonline.lu\/de\/wp-json\/wp\/v2\/media\/4926"}],"wp:attachment":[{"href":"https:\/\/www.pharmacieonline.lu\/de\/wp-json\/wp\/v2\/media?parent=4830"}],"wp:term":[{"taxonomy":"product_brand","embeddable":true,"href":"https:\/\/www.pharmacieonline.lu\/de\/wp-json\/wp\/v2\/product_brand?post=4830"},{"taxonomy":"product_cat","embeddable":true,"href":"https:\/\/www.pharmacieonline.lu\/de\/wp-json\/wp\/v2\/product_cat?post=4830"},{"taxonomy":"product_tag","embeddable":true,"href":"https:\/\/www.pharmacieonline.lu\/de\/wp-json\/wp\/v2\/product_tag?post=4830"}],"curies":[{"name":"wp","href":"https:\/\/api.w.org\/{rel}","templated":true}]}}