{"id":4849,"date":"2020-12-08T12:11:55","date_gmt":"2020-12-08T11:11:55","guid":{"rendered":"https:\/\/www.pharmacieonline.lu\/?post_type=product&#038;p=4849"},"modified":"2026-04-05T03:55:41","modified_gmt":"2026-04-05T01:55:41","slug":"aponorm-bmg-mobil-slim","status":"publish","type":"product","link":"https:\/\/www.pharmacieonline.lu\/de\/produit\/aponorm-bmg-mobil-slim\/","title":{"rendered":"APONORM BMG MOBIL SLIM"},"content":{"rendered":"<p>Ihr neues Aponorm\u00ae by Microlife-Blutdruckmessger\u00e4t ist ein zuverl\u00e4ssiges Medizinprodukt f\u00fcr<br \/>\nNehmen Sie die Spannungsmessung am Handgelenk vor. er<br \/>\nist sehr einfach zu bedienen und passt perfekt<br \/>\npr\u00e4zise Kontrolle des h\u00e4uslichen Blutdrucks. Diese<br \/>\nGer\u00e4t wurde mit \u00c4rzten und entwickelt<br \/>\nseine hohe Messgenauigkeit wurde in getestet<br \/>\nklinisch.<\/p>","protected":false},"excerpt":{"rendered":"<p>Ihr neues Aponorm\u00ae by Microlife-Blutdruckmessger\u00e4t ist ein zuverl\u00e4ssiges Medizinprodukt f\u00fcr Nehmen Sie die Spannungsmessung am Handgelenk vor. er ist sehr einfach zu bedienen und passt perfekt pr\u00e4zise Kontrolle des h\u00e4uslichen Blutdrucks. Diese Ger\u00e4t wurde mit \u00c4rzten und entwickelt seine hohe Messgenauigkeit wurde in getestet klinisch.<\/p>\n","protected":false},"featured_media":33125,"template":"","meta":{"_acf_changed":false,"footnotes":""},"product_brand":[],"product_cat":[145,45],"product_tag":[],"class_list":{"0":"post-4849","1":"product","2":"type-product","3":"status-publish","4":"has-post-thumbnail","6":"product_cat-tensiometres","7":"product_cat-materiel-medical","9":"first","10":"instock","11":"taxable","12":"shipping-taxable","13":"purchasable","14":"product-type-simple"},"acf":[],"_links":{"self":[{"href":"https:\/\/www.pharmacieonline.lu\/de\/wp-json\/wp\/v2\/product\/4849","targetHints":{"allow":["GET"]}}],"collection":[{"href":"https:\/\/www.pharmacieonline.lu\/de\/wp-json\/wp\/v2\/product"}],"about":[{"href":"https:\/\/www.pharmacieonline.lu\/de\/wp-json\/wp\/v2\/types\/product"}],"version-history":[{"count":0,"href":"https:\/\/www.pharmacieonline.lu\/de\/wp-json\/wp\/v2\/product\/4849\/revisions"}],"wp:featuredmedia":[{"embeddable":true,"href":"https:\/\/www.pharmacieonline.lu\/de\/wp-json\/wp\/v2\/media\/33125"}],"wp:attachment":[{"href":"https:\/\/www.pharmacieonline.lu\/de\/wp-json\/wp\/v2\/media?parent=4849"}],"wp:term":[{"taxonomy":"product_brand","embeddable":true,"href":"https:\/\/www.pharmacieonline.lu\/de\/wp-json\/wp\/v2\/product_brand?post=4849"},{"taxonomy":"product_cat","embeddable":true,"href":"https:\/\/www.pharmacieonline.lu\/de\/wp-json\/wp\/v2\/product_cat?post=4849"},{"taxonomy":"product_tag","embeddable":true,"href":"https:\/\/www.pharmacieonline.lu\/de\/wp-json\/wp\/v2\/product_tag?post=4849"}],"curies":[{"name":"wp","href":"https:\/\/api.w.org\/{rel}","templated":true}]}}