{"id":4854,"date":"2020-12-08T14:25:00","date_gmt":"2020-12-08T13:25:00","guid":{"rendered":"https:\/\/www.pharmacieonline.lu\/?post_type=product&#038;p=4854"},"modified":"2026-04-04T22:25:16","modified_gmt":"2026-04-04T20:25:16","slug":"ambroxol-ratio-hustensaft-100-ml","status":"publish","type":"product","link":"https:\/\/www.pharmacieonline.lu\/de\/produit\/ambroxol-ratio-hustensaft-100-ml\/","title":{"rendered":"AMBROXOL RATIO HUSTENSAFT 100 ML"},"content":{"rendered":"<p>Was Ambroxol-ratiopharm\u00ae enth\u00e4lt<\/p>\n<p>Der Wirkstoff ist Ambroxolhydrochlorid.<br \/>\n5 ml L\u00f6sung zum Einnehmen enthalten 15 mg Ambroxolhydrochlorid.<\/p>\n<p>Die anderen Komponenten<br \/>\nsind: Sorbit, Propylenglykol, Himbeergeschmack, Saccharin, gereinigtes Wasser.<\/p>","protected":false},"excerpt":{"rendered":"<p class=\"qtranxs-available-languages-message qtranxs-available-languages-message-de\">\n<p>Ambroxol-ratiopharm<sup>\u00ae<\/sup>\u00a0est un m\u00e9dicament utilis\u00e9 pour la solution muqueuse en cas de maladies respiratoires avec un mucus coriace (exp\u00e9ctorant).<\/p>\n<p>L\u2019ambroxole-ratiopharm est utilis\u00e9 pour le traitement muqueux dans les maladies aigu\u00ebs et chroniques des bronches et des poumons avec une muqueuse dure.<\/p>\n<p>Prenez\u00a0<em>Ambroxol-ratiopharm<sup>\u00ae<\/sup><\/em>\u00a0toujours exactement selon les instructions dans cette notice. Si vous n&#8220;\u00eates pas s\u00fbr, demandez \u00e0 votre m\u00e9decin ou \u00e0 votre pharmacien.<\/p>\n<p><strong>Si le m\u00e9decin ne prescris pas autrement, la dose habituelle est<\/strong><\/p>\n<p><u>Enfants jusqu\u2019\u00e0 2 ans**<\/u><\/p>\n<p>prendre 2 fois par jour pour 2,5 ml de jus* (\u00e9quivalent \u00e0 15 mg de chlorhydrate d\u2019ambroxole par jour).<\/p>\n<p><u>Enfants de 2 \u00e0 5 ans<\/u><\/p>\n<p>Prendre 3 fois par jour 2,5 ml (\u00e9quivalent \u00e0 22,5 mg de chlorhydrate d\u2019ambroxole par jour).<\/p>\n<p><u>Enfants de 6 \u00e0 12 ans<\/u><\/p>\n<p>Prendre 2 \u00e0 3 fois par jour par 5 ml\u00a0 (\u00e9quivalent \u00e0 30-45 mg de chlorhydrate d\u2019ambroxole par jour).<\/p>\n<p><u>Jeunes \u00e0 partir de 12 ans et adultes<\/u><\/p>\n<p>10 ml\u00a0 3*\/jour (\u00e9quivalant \u00e0 90 mg de chlorhydrate d\u2019ambroxole par jour) pendant les 2-3 premiers jours, puis 10 ml (\u00e9quivalant \u00e0 60 mg de chlorhydrate d\u2019ambroxole par jour) 2 fois par jour.<\/p>\n<p>Se conserve 12mois apr\u00e8s ouverture<\/p>\n","protected":false},"featured_media":5122,"template":"","meta":{"_acf_changed":false,"footnotes":""},"product_brand":[],"product_cat":[108,43,82],"product_tag":[],"class_list":{"0":"post-4854","1":"product","2":"type-product","3":"status-publish","4":"has-post-thumbnail","6":"product_cat-toux-grasse","7":"product_cat-medicaments-en-vente-libre","8":"product_cat-toux","10":"first","11":"instock","12":"taxable","13":"shipping-taxable","14":"purchasable","15":"product-type-simple"},"acf":[],"_links":{"self":[{"href":"https:\/\/www.pharmacieonline.lu\/de\/wp-json\/wp\/v2\/product\/4854","targetHints":{"allow":["GET"]}}],"collection":[{"href":"https:\/\/www.pharmacieonline.lu\/de\/wp-json\/wp\/v2\/product"}],"about":[{"href":"https:\/\/www.pharmacieonline.lu\/de\/wp-json\/wp\/v2\/types\/product"}],"version-history":[{"count":0,"href":"https:\/\/www.pharmacieonline.lu\/de\/wp-json\/wp\/v2\/product\/4854\/revisions"}],"wp:featuredmedia":[{"embeddable":true,"href":"https:\/\/www.pharmacieonline.lu\/de\/wp-json\/wp\/v2\/media\/5122"}],"wp:attachment":[{"href":"https:\/\/www.pharmacieonline.lu\/de\/wp-json\/wp\/v2\/media?parent=4854"}],"wp:term":[{"taxonomy":"product_brand","embeddable":true,"href":"https:\/\/www.pharmacieonline.lu\/de\/wp-json\/wp\/v2\/product_brand?post=4854"},{"taxonomy":"product_cat","embeddable":true,"href":"https:\/\/www.pharmacieonline.lu\/de\/wp-json\/wp\/v2\/product_cat?post=4854"},{"taxonomy":"product_tag","embeddable":true,"href":"https:\/\/www.pharmacieonline.lu\/de\/wp-json\/wp\/v2\/product_tag?post=4854"}],"curies":[{"name":"wp","href":"https:\/\/api.w.org\/{rel}","templated":true}]}}