{"id":48546,"date":"2025-01-22T12:36:46","date_gmt":"2025-01-22T11:36:46","guid":{"rendered":"https:\/\/www.pharmacieonline.lu\/?post_type=product&#038;p=48546"},"modified":"2026-04-08T01:55:08","modified_gmt":"2026-04-07T23:55:08","slug":"caudalie-gouttes-solaires-autobronz-15ml","status":"publish","type":"product","link":"https:\/\/www.pharmacieonline.lu\/de\/produit\/caudalie-gouttes-solaires-autobronz-15ml\/","title":{"rendered":"CAUDALIE GOUTTES SOLAIRES AUTOBRONZ 15ML"},"content":{"rendered":"<p>ANZEIGE<\/p>\n<p>Teint-Verbesserer.<\/p>\n<p>VERWENDEN<\/p>\n<p>F\u00fcgen Sie Ihrer Caudalie-Gesichtscreme 2 bis 6 Tropfen Selbstbr\u00e4uner hinzu. Gleichm\u00e4\u00dfig auf die saubere Haut auftragen und von der Gesichtsmitte nach au\u00dfen verblenden. F\u00fcr einen ebenm\u00e4\u00dfigen Teint auf den Hals auftragen und die Augenpartie aussparen. Waschen Sie Ihre H\u00e4nde nach der Anwendung gr\u00fcndlich.<br \/>\nNicht alleine verwenden.<\/p>\n<p>ZUSAMMENSETZUNG<\/p>\n<p>AQUA\/WASSER\/EAU, DIHYDROXYACETON, PROPANDIOL, GLYCERIN, VITIS VINIFERA (TRAUBEN) FRUCHTWASSER, ERYTHRULOSE, XANTHANGUMMI, ZITRONENS\u00c4URE, NATRIUMDEHYDROACETAT, VITIS VINIFERA (TRAUBEN) SAFT, THEOBROMA-KAKAOEXTRAKT, NATRIUMBENZOAT, KALIUMSORBAT. (348\/020)<\/p>","protected":false},"excerpt":{"rendered":"<p>ANZEIGE Teint-Verbesserer. VERWENDEN F\u00fcgen Sie Ihrer Caudalie-Gesichtscreme 2 bis 6 Tropfen Selbstbr\u00e4uner hinzu. Gleichm\u00e4\u00dfig auf die saubere Haut auftragen und von der Gesichtsmitte nach au\u00dfen verblenden. F\u00fcr einen ebenm\u00e4\u00dfigen Teint auf den Hals auftragen und die Augenpartie aussparen. Waschen Sie Ihre H\u00e4nde nach der Anwendung gr\u00fcndlich. Nicht alleine verwenden. ZUSAMMENSETZUNG AQUA\/WASSER\/EAU, DIHYDROXYACETON, PROPANDIOL, GLYCERIN, VITIS [&hellip;]<\/p>\n","protected":false},"featured_media":48547,"template":"","meta":{"_acf_changed":false,"footnotes":""},"product_brand":[],"product_cat":[47,42,69,52],"product_tag":[],"class_list":{"0":"post-48546","1":"product","2":"type-product","3":"status-publish","4":"has-post-thumbnail","6":"product_cat-dermocosmetique","7":"product_cat-para-pharmacie","8":"product_cat-autobronzants","9":"product_cat-produits-solaires","11":"first","12":"instock","13":"taxable","14":"shipping-taxable","15":"purchasable","16":"product-type-simple"},"acf":[],"_links":{"self":[{"href":"https:\/\/www.pharmacieonline.lu\/de\/wp-json\/wp\/v2\/product\/48546","targetHints":{"allow":["GET"]}}],"collection":[{"href":"https:\/\/www.pharmacieonline.lu\/de\/wp-json\/wp\/v2\/product"}],"about":[{"href":"https:\/\/www.pharmacieonline.lu\/de\/wp-json\/wp\/v2\/types\/product"}],"version-history":[{"count":0,"href":"https:\/\/www.pharmacieonline.lu\/de\/wp-json\/wp\/v2\/product\/48546\/revisions"}],"wp:featuredmedia":[{"embeddable":true,"href":"https:\/\/www.pharmacieonline.lu\/de\/wp-json\/wp\/v2\/media\/48547"}],"wp:attachment":[{"href":"https:\/\/www.pharmacieonline.lu\/de\/wp-json\/wp\/v2\/media?parent=48546"}],"wp:term":[{"taxonomy":"product_brand","embeddable":true,"href":"https:\/\/www.pharmacieonline.lu\/de\/wp-json\/wp\/v2\/product_brand?post=48546"},{"taxonomy":"product_cat","embeddable":true,"href":"https:\/\/www.pharmacieonline.lu\/de\/wp-json\/wp\/v2\/product_cat?post=48546"},{"taxonomy":"product_tag","embeddable":true,"href":"https:\/\/www.pharmacieonline.lu\/de\/wp-json\/wp\/v2\/product_tag?post=48546"}],"curies":[{"name":"wp","href":"https:\/\/api.w.org\/{rel}","templated":true}]}}