{"id":48874,"date":"2025-02-21T14:55:34","date_gmt":"2025-02-21T13:55:34","guid":{"rendered":"https:\/\/www.pharmacieonline.lu\/?post_type=product&#038;p=48874"},"modified":"2026-04-05T11:55:06","modified_gmt":"2026-04-05T09:55:06","slug":"forcapil-age-protect-90-cpr","status":"publish","type":"product","link":"https:\/\/www.pharmacieonline.lu\/de\/produit\/forcapil-age-protect-90-cpr\/","title":{"rendered":"FORCAPIL AGE PROTECT 90 CPR"},"content":{"rendered":"<p>Produktdetails &amp; Pflichtinformationen<br \/>\nForcapil\u00ae Age Protect ist ein Nahrungserg\u00e4nzungsmittel mit Kupfer, Vitamin 85, 86, 88, 89 und Zink.<br \/>\nNahrungserg\u00e4nzungsmittel zur Verwendung im Rahmen einer abwechslungsreichen, ausgewogenen Ern\u00e4hrung und eines gesunden Lebensstils.<br \/>\nWeitere Produktinformationen<\/p>\n<p>&nbsp;<\/p>\n<p>D\u00fcnner werdendes, stumpfes Haar \u2013 Von den ersten wei\u00dfen Haaren an.<\/p>\n<p>Reduziert das Auftreten von grauen Haaren(1)<\/p>\n<p>FORCAPIL\u00ae AGE PROTECT wurde mit dem HAIR ACTIV\u2019+ FORTIFY-Komplex (Vit. B5, B6, B8, B9 und Zink) entwickelt. Seine Formel tr\u00e4gt dazu bei, die Zeichen der Haaralterung mit Wirkung ab 2 Monaten zu reduzieren (2).<\/p>\n<p>Seine globale Anti-Aging-Wirkung ist wissenschaftlich getestet und verl\u00e4ngert die Jugendlichkeit Ihres Haares, indem sie zu Folgendem beitr\u00e4gt:<\/p>\n<p>Bewahren Sie die nat\u00fcrliche Farbe des Haares dank Kupfer und reduzieren Sie so die Anzahl neuer wei\u00dfer Haare1. Tyrosin, eine Vorstufe von Melanin, das f\u00fcr die nat\u00fcrliche Pigmentierung des Haares essentiell ist, vervollst\u00e4ndigt die Formel.<br \/>\nVerleiht dem Haar mehr Volumen und F\u00fclle [von 82 % der Anwender wahrgenommen] (2)<br \/>\nErh\u00f6hen Sie die Haardichte [+52% nachgewiesene Dichte] (2)<br \/>\nHolen Sie sich Ihren Glanz zur\u00fcck [+42% nachgewiesener Glanz] (2)<br \/>\nSch\u00fctzen Sie die Zellen dank Zink vor oxidativem Stress, der f\u00fcr den Verlust von Melanin und die vorzeitige Alterung der Haare verantwortlich ist.<\/p>\n<p>(1) Dank an Copper<br \/>\n(2) Wissenschaftliche Studie, durchgef\u00fchrt an 22 Personen w\u00e4hrend einer 3-monatigen Anwendung, November 2023.<\/p>\n<p>Zutaten:<\/p>\n<p>L-Tyrosin \u2013 Katalase \u2013 F\u00fcllstoff: Cellulose \u2013 Zinkgluconat \u2013 Reismehl \u2013 \u200b\u200bVitamin B5 \u2013 Trennmittel: Mono- und Diglyceride von Speisefetts\u00e4uren, Magnesiumsalze von Speisefetts\u00e4uren \u2013 Heidelbeerextrakt (Vaccinium myrtillus) \u2013 Vitamin B6 \u2013 Kupfergluconat \u2013 Vitamin B8 \u2013 Vitamin B9.<\/p>\n<p>\u00dcberzug: \u00dcberzugsmittel: Hydroxypropylmethylcellulose, Cellulose, Fetts\u00e4uren, Hydroxypropylcellulose &#8211; Farbstoffe: Calciumcarbonat, einfaches Karamell &#8211; Apfelkonzentrat (Malus Domestica), schwarze Johannisbeere (Ribes nigrum) und Rettich (Raphanus sativus)<\/p>\n<p>N\u00e4hrwerte:<br \/>\nF\u00fcr 1 AR-Tablet *<br \/>\nL-Tyrosin 200 mg<\/p>\n<p>Katalase 200 mg<\/p>\n<p>Zinkgluconat 10 mg 100%<br \/>\nVitamin B5 14 mg 240%<br \/>\nBlaubeerextrakt 10 mg<\/p>\n<p>Vitamin B6 2,1 mg 147%<br \/>\nKupfergluconat 246 \u00b5g 26%<br \/>\nVitamin B8 360 \u00b5g 720%<\/p>\n<p>* Referenzbeitrag<\/p>\n<p>Empfohlene Tagesdosis:<\/p>\n<p>F\u00fcr Erwachsene reserviert.<\/p>\n<p>1 Tablette morgens mit einem gro\u00dfen Glas Wasser zum Fr\u00fchst\u00fcck einnehmen.<br \/>\nAufbewahrungs- und Verwendungstipps:<br \/>\nK\u00fchl und trocken aufbewahren.<br \/>\nAu\u00dferhalb der Reichweite von kleinen Kindern aufbewahren.<br \/>\nDie empfohlene Dosierung darf nicht \u00fcberschritten werden.<br \/>\nNettomenge:<br \/>\n90 Tabletten<\/p>","protected":false},"excerpt":{"rendered":"<p>Produktdetails &amp; Pflichtinformationen Forcapil\u00ae Age Protect ist ein Nahrungserg\u00e4nzungsmittel mit Kupfer, Vitamin 85, 86, 88, 89 und Zink. Nahrungserg\u00e4nzungsmittel zur Verwendung im Rahmen einer abwechslungsreichen, ausgewogenen Ern\u00e4hrung und eines gesunden Lebensstils. Weitere Produktinformationen &nbsp; D\u00fcnner werdendes, stumpfes Haar \u2013 Von den ersten wei\u00dfen Haaren an. Reduziert das Auftreten von grauen Haaren(1) FORCAPIL\u00ae AGE PROTECT wurde [&hellip;]<\/p>\n","protected":false},"featured_media":48875,"template":"","meta":{"_acf_changed":false,"footnotes":""},"product_brand":[],"product_cat":[802,71,53],"product_tag":[],"class_list":{"0":"post-48874","1":"product","2":"type-product","3":"status-publish","4":"has-post-thumbnail","6":"product_cat-vitamines-cheveux-et-ongles","7":"product_cat-chute-des-cheveux","8":"product_cat-cheveux","10":"first","11":"instock","12":"taxable","13":"shipping-taxable","14":"purchasable","15":"product-type-simple"},"acf":[],"_links":{"self":[{"href":"https:\/\/www.pharmacieonline.lu\/de\/wp-json\/wp\/v2\/product\/48874","targetHints":{"allow":["GET"]}}],"collection":[{"href":"https:\/\/www.pharmacieonline.lu\/de\/wp-json\/wp\/v2\/product"}],"about":[{"href":"https:\/\/www.pharmacieonline.lu\/de\/wp-json\/wp\/v2\/types\/product"}],"version-history":[{"count":0,"href":"https:\/\/www.pharmacieonline.lu\/de\/wp-json\/wp\/v2\/product\/48874\/revisions"}],"wp:featuredmedia":[{"embeddable":true,"href":"https:\/\/www.pharmacieonline.lu\/de\/wp-json\/wp\/v2\/media\/48875"}],"wp:attachment":[{"href":"https:\/\/www.pharmacieonline.lu\/de\/wp-json\/wp\/v2\/media?parent=48874"}],"wp:term":[{"taxonomy":"product_brand","embeddable":true,"href":"https:\/\/www.pharmacieonline.lu\/de\/wp-json\/wp\/v2\/product_brand?post=48874"},{"taxonomy":"product_cat","embeddable":true,"href":"https:\/\/www.pharmacieonline.lu\/de\/wp-json\/wp\/v2\/product_cat?post=48874"},{"taxonomy":"product_tag","embeddable":true,"href":"https:\/\/www.pharmacieonline.lu\/de\/wp-json\/wp\/v2\/product_tag?post=48874"}],"curies":[{"name":"wp","href":"https:\/\/api.w.org\/{rel}","templated":true}]}}