{"id":48877,"date":"2025-02-21T15:00:42","date_gmt":"2025-02-21T14:00:42","guid":{"rendered":"https:\/\/www.pharmacieonline.lu\/?post_type=product&#038;p=48877"},"modified":"2026-04-05T11:55:06","modified_gmt":"2026-04-05T09:55:06","slug":"forcapil-age-protect-30-cpr","status":"publish","type":"product","link":"https:\/\/www.pharmacieonline.lu\/de\/produit\/forcapil-age-protect-30-cpr\/","title":{"rendered":"FORCAPIL AGE PROTECT 30 CPR"},"content":{"rendered":"<p>Forcapil, Experte f\u00fcr Haarst\u00e4rke und -gesundheit, wurde mit dem HAIR ACTIV\u2019+ FORTIFY-Komplex (Vitamine B5, B6, B8, B9 und Zink) entwickelt, um die Haarfaser von der Wurzel bis zur Spitze zu st\u00e4rken.<\/p>\n<p>Forcapil Age Protect hilft, die Zeichen der Haaralterung zu reduzieren mit Wirkungen von<br \/>\n2 Monate(2).<\/p>\n<p>Seine globale Anti-Aging-Wirkung ist wissenschaftlich getestet und verl\u00e4ngert die Jugendlichkeit Ihres Haares, indem sie zu Folgendem beitr\u00e4gt:<\/p>\n<p>\u2022 Bewahren Sie die nat\u00fcrliche Farbe des Haares dank Kupfer und reduzieren Sie so die Anzahl neuer wei\u00dfer Haare. Tyrosin, eine Vorstufe von Melanin, das f\u00fcr die nat\u00fcrliche Pigmentierung des Haares essentiell ist, vervollst\u00e4ndigt die Formel.<\/p>\n<p>\u2022 Verleihen Sie dem Haar Volumen und F\u00fclle.<br \/>\n[von 82 % der Benutzer wahrgenommen](2)<\/p>\n<p>\u2022 Erh\u00f6hen Sie die Haardichte.<br \/>\n[+52% nachgewiesene Dichte](2)<\/p>\n<p>\u2022 Bekommen Sie wieder gl\u00e4nzendes Haar.<br \/>\n[+42% nachgewiesener Glanz](2)<\/p>\n<p>\u2022 Sch\u00fctzen Sie die Zellen dank Zink vor oxidativem Stress, der f\u00fcr den Verlust von Melanin und die vorzeitige Alterung der Haare verantwortlich ist.<\/p>\n<p>(2) Eine wissenschaftliche Studie unter 22<br \/>\nMenschen f\u00fcr 3 Monate der Nutzung,<br \/>\nNovember 2023.<\/p>\n<p>Indikationen:<br \/>\nF\u00fcr Erwachsene reserviert.<\/p>\n<p>Reduziert das Auftreten neuer grauer Haare<\/p>\n<p>Erhaltene Pigmentierung<\/p>\n<p>Dichte<\/p>\n<p>Gl\u00fchen<br \/>\nGebrauchsanweisung:<br \/>\nF\u00fcr Erwachsene reserviert.<\/p>\n<p>1 Tablette t\u00e4glich, einzunehmen mit einem gro\u00dfen Glas Wasser zum Fr\u00fchst\u00fcck.<br \/>\nNicht empfohlen w\u00e4hrend der Schwangerschaft und Stillzeit.<br \/>\nDie empfohlene Tagesdosis nicht \u00fcberschreiten.<br \/>\nAu\u00dferhalb der Reichweite von kleinen Kindern aufbewahren.<br \/>\nEin Nahrungserg\u00e4nzungsmittel sollte eine abwechslungsreiche und ausgewogene Ern\u00e4hrung und eine gesunde Lebensweise nicht ersetzen.<br \/>\nVor Licht, Hitze und Feuchtigkeit gesch\u00fctzt aufbewahren.<br \/>\nZusammensetzung:<br \/>\nL-Tyrosin \u2013 Katalase \u2013 F\u00fcllstoff: Cellulose \u2013 Zinkgluconat \u2013 Reismehl \u2013 \u200b\u200bVitamin B5 \u2013 Trennmittel: Mono- und Diglyceride von Speisefetts\u00e4uren, Magnesiumstearat \u2013 Heidelbeerextrakt (Vaccinium myrtillus L.) \u2013 Vitamin B6 \u2013 Kupfergluconat \u2013 Vitamin B8 \u2013 Vitamin B9. Film\u00fcberzug: \u00dcberzugsmittel: Hydroxypropylmethylcellulose, Cellulose, Stearins\u00e4ure, Hydroxypropylcellulose \u2013 Farbstoffe: Calciumcarbonat, einfaches Karamell \u2013 Apfelkonzentrat (Malus domestica Borkh.), schwarze Johannisbeere (Ribes nigrum L.) und Rettich (Raphanus sativus L.).<br \/>\nVerpackung:<br \/>\n1 Schachtel mit 30 Tabletten<\/p>","protected":false},"excerpt":{"rendered":"<p>Forcapil, Experte f\u00fcr Haarst\u00e4rke und -gesundheit, wurde mit dem HAIR ACTIV\u2019+ FORTIFY-Komplex (Vitamine B5, B6, B8, B9 und Zink) entwickelt, um die Haarfaser von der Wurzel bis zur Spitze zu st\u00e4rken. Forcapil Age Protect hilft, die Zeichen der Haaralterung zu reduzieren mit Wirkungen von 2 Monate(2). Seine globale Anti-Aging-Wirkung ist wissenschaftlich getestet und verl\u00e4ngert die [&hellip;]<\/p>\n","protected":false},"featured_media":48879,"template":"","meta":{"_acf_changed":false,"footnotes":""},"product_brand":[],"product_cat":[53],"product_tag":[],"class_list":{"0":"post-48877","1":"product","2":"type-product","3":"status-publish","4":"has-post-thumbnail","6":"product_cat-cheveux","8":"first","9":"instock","10":"taxable","11":"shipping-taxable","12":"purchasable","13":"product-type-simple"},"acf":[],"_links":{"self":[{"href":"https:\/\/www.pharmacieonline.lu\/de\/wp-json\/wp\/v2\/product\/48877","targetHints":{"allow":["GET"]}}],"collection":[{"href":"https:\/\/www.pharmacieonline.lu\/de\/wp-json\/wp\/v2\/product"}],"about":[{"href":"https:\/\/www.pharmacieonline.lu\/de\/wp-json\/wp\/v2\/types\/product"}],"version-history":[{"count":0,"href":"https:\/\/www.pharmacieonline.lu\/de\/wp-json\/wp\/v2\/product\/48877\/revisions"}],"wp:featuredmedia":[{"embeddable":true,"href":"https:\/\/www.pharmacieonline.lu\/de\/wp-json\/wp\/v2\/media\/48879"}],"wp:attachment":[{"href":"https:\/\/www.pharmacieonline.lu\/de\/wp-json\/wp\/v2\/media?parent=48877"}],"wp:term":[{"taxonomy":"product_brand","embeddable":true,"href":"https:\/\/www.pharmacieonline.lu\/de\/wp-json\/wp\/v2\/product_brand?post=48877"},{"taxonomy":"product_cat","embeddable":true,"href":"https:\/\/www.pharmacieonline.lu\/de\/wp-json\/wp\/v2\/product_cat?post=48877"},{"taxonomy":"product_tag","embeddable":true,"href":"https:\/\/www.pharmacieonline.lu\/de\/wp-json\/wp\/v2\/product_tag?post=48877"}],"curies":[{"name":"wp","href":"https:\/\/api.w.org\/{rel}","templated":true}]}}