{"id":48881,"date":"2025-02-21T15:03:47","date_gmt":"2025-02-21T14:03:47","guid":{"rendered":"https:\/\/www.pharmacieonline.lu\/?post_type=product&#038;p=48881"},"modified":"2026-04-05T11:55:06","modified_gmt":"2026-04-05T09:55:06","slug":"48881","status":"publish","type":"product","link":"https:\/\/www.pharmacieonline.lu\/de\/produit\/48881\/","title":{"rendered":"PHYTOBRONZ PROMOPACK 30*2 GEL"},"content":{"rendered":"<p>Allgemeine Beschreibung<br \/>\n\u00d6ffentlichkeit \/ Patient, Apotheker, Arzt, Pflegeheim, Krankenhaus, Krankenschwester, Physiotherapeut<br \/>\nPHYTOBRONZ\u00ae SUN ist ein Nahrungserg\u00e4nzungsmittel, das eine Mischung aus Wirkstoffen und N\u00e4hrstoffen enth\u00e4lt, um die Haut vorzubereiten und zu sch\u00fctzen. Dazu tragen Selen und Vitamin E bei, die die Zellen vor oxidativem Stress sch\u00fctzen, und Kupfer, das zur Hautpigmentierung beitr\u00e4gt.<\/p>\n<p>Pflanzen\u00f6le helfen, die Elastizit\u00e4t und Geschmeidigkeit der Haut zu bewahren.<\/p>\n<p>Mit Carotinoiden angereicherte Formel: Lycopin, Beta-Carotin, Lutein und Zeaxanthin.<\/p>\n<p>100 % pflanzlicher Carotinoid-Komplex.<\/p>\n<p>Allgemeine Beschreibung<br \/>\n\u00d6ffentlichkeit \/ Patient, Apotheke, Arzt, Pflegeheim, Krankenhaus<br \/>\nPhytobronz\u00ae ist ein Nahrungserg\u00e4nzungsmittel f\u00fcr Erwachsene, die ihre Haut auf den Sommer vorbereiten m\u00f6chten<\/p>\n<p>Indikationen<br \/>\n\u00d6ffentlichkeit \/ Patient, Apotheke, Arzt, Pflegeheim, Krankenhaus<br \/>\nEs enth\u00e4lt:<\/p>\n<p>Kupfer, das zur Hautpigmentierung beitr\u00e4gt.<br \/>\nSelen und Vitamin E sind Antioxidantien, die helfen, die Zellen vor oxidativem Stress zu sch\u00fctzen.<br \/>\nBeta-Carotin ist eine Vorstufe von Vitamin A. Seine Bioverf\u00fcgbarkeit wird durch Phytoperin optimiert. Vitamin A tr\u00e4gt zur Erhaltung gesunder Haut bei.<br \/>\nWertvolle \u00d6le (Argan-, Borretsch- und Sesam\u00f6l), die helfen, die Elastizit\u00e4t und Geschmeidigkeit der Haut zu bewahren.<br \/>\nKontraindikationen<br \/>\n\u00d6ffentlichkeit \/ Patient, Apotheker, Arzt, Pflegeheim, Krankenhaus, Krankenschwester, Physiotherapeut<br \/>\nW\u00e4hrend der Schwangerschaft wird empfohlen, vor der Einnahme des Produkts den Rat eines Arztes einzuholen.<\/p>\n<p>Verwenden<br \/>\n\u00d6ffentlichkeit \/ Patient, Apotheke, Arzt, Pflegeheim, Krankenhaus<br \/>\nF\u00fcr Erwachsene reserviert.<\/p>\n<p>Ab 15 Jahren.<\/p>\n<p>Nehmen Sie t\u00e4glich 1 Kapsel zu einer Mahlzeit ein, mindestens 15 Tage vor, w\u00e4hrend und nach dem Aufenthalt in der Sonne oder k\u00fcnstlicher UV-Strahlung.<br \/>\nZusammensetzung<br \/>\n\u00d6ffentlichkeit \/ Patient, Apotheke, Arzt, Pflegeheim, Krankenhaus<br \/>\nZUTATEN: F\u00fcr 1 Kapsel &#8211; % NRV*<\/p>\n<p>Borretsch\u00f6l 115 mg<\/p>\n<p>Sesam\u00f6l 75 mg<\/p>\n<p>Argan\u00f6l 25 mg<\/p>\n<p>Pfefferextrakt 1,1 mg<\/p>\n<p>einschlie\u00dflich Piperin 1 mg<\/p>\n<p>Gesamtcarotinoide 12 mg<\/p>\n<p>davon Betacarotin 4,8 mg<\/p>\n<p>entweder in Gl. Vitamin A 800 \u00b5g RE &#8211; 100%<\/p>\n<p>davon Lutein 2,9 mg<\/p>\n<p>davon Lycopin 3 mg<\/p>\n<p>Vitamin E 12 mg ?-TE &#8211; 100%<\/p>\n<p>Kupfer 0,33 mg &#8211; 33%<\/p>\n<p>Selen 18 \u00b5g &#8211; 33%<\/p>\n<p>VNR: N\u00e4hrwertreferenzwert*<br \/>\nZUTATEN<\/p>\n<p>Borretschsamen\u00f6l (Borago officinalis) \u2013 Sonnenblumenkern\u00f6l (Helianthus annuus) \u2013 Sesamsamen\u00f6l (Sesamum indicum) \u2013 Tomatenextrakt (Lycopersicon esculentum) \u2013 Verdickungsmittel: Mono- und Diglyceride von Speisefetts\u00e4uren \u2013 Lutein \u2013 Arganfrucht\u00f6l \u2013 Beta-Carotin \u2013 Vitamin E \u2013 Emulgator: Sonnenblumenlecithin \u2013 Schwarzer Pfefferfruchtextrakt (Piper nigrum) \u2013 Kupfersulfat \u2013 Natriumselenit.<\/p>\n<p>Kapsel: Gelatine \u2013 Glycerin \u2013 Farbstoffe: Eisenoxide.<\/p>","protected":false},"excerpt":{"rendered":"<p>Allgemeine Beschreibung \u00d6ffentlichkeit \/ Patient, Apotheker, Arzt, Pflegeheim, Krankenhaus, Krankenschwester, Physiotherapeut PHYTOBRONZ\u00ae SUN ist ein Nahrungserg\u00e4nzungsmittel, das eine Mischung aus Wirkstoffen und N\u00e4hrstoffen enth\u00e4lt, um die Haut vorzubereiten und zu sch\u00fctzen. Dazu tragen Selen und Vitamin E bei, die die Zellen vor oxidativem Stress sch\u00fctzen, und Kupfer, das zur Hautpigmentierung beitr\u00e4gt. Pflanzen\u00f6le helfen, die Elastizit\u00e4t [&hellip;]<\/p>\n","protected":false},"featured_media":48889,"template":"","meta":{"_acf_changed":false,"footnotes":""},"product_brand":[],"product_cat":[52],"product_tag":[],"class_list":{"0":"post-48881","1":"product","2":"type-product","3":"status-publish","4":"has-post-thumbnail","6":"product_cat-produits-solaires","8":"first","9":"outofstock","10":"taxable","11":"shipping-taxable","12":"purchasable","13":"product-type-simple"},"acf":[],"_links":{"self":[{"href":"https:\/\/www.pharmacieonline.lu\/de\/wp-json\/wp\/v2\/product\/48881","targetHints":{"allow":["GET"]}}],"collection":[{"href":"https:\/\/www.pharmacieonline.lu\/de\/wp-json\/wp\/v2\/product"}],"about":[{"href":"https:\/\/www.pharmacieonline.lu\/de\/wp-json\/wp\/v2\/types\/product"}],"version-history":[{"count":0,"href":"https:\/\/www.pharmacieonline.lu\/de\/wp-json\/wp\/v2\/product\/48881\/revisions"}],"wp:featuredmedia":[{"embeddable":true,"href":"https:\/\/www.pharmacieonline.lu\/de\/wp-json\/wp\/v2\/media\/48889"}],"wp:attachment":[{"href":"https:\/\/www.pharmacieonline.lu\/de\/wp-json\/wp\/v2\/media?parent=48881"}],"wp:term":[{"taxonomy":"product_brand","embeddable":true,"href":"https:\/\/www.pharmacieonline.lu\/de\/wp-json\/wp\/v2\/product_brand?post=48881"},{"taxonomy":"product_cat","embeddable":true,"href":"https:\/\/www.pharmacieonline.lu\/de\/wp-json\/wp\/v2\/product_cat?post=48881"},{"taxonomy":"product_tag","embeddable":true,"href":"https:\/\/www.pharmacieonline.lu\/de\/wp-json\/wp\/v2\/product_tag?post=48881"}],"curies":[{"name":"wp","href":"https:\/\/api.w.org\/{rel}","templated":true}]}}